{"id":8720,"date":"2023-07-18T06:51:58","date_gmt":"2023-07-18T04:51:58","guid":{"rendered":"https:\/\/metalica.lu\/sonneschutzsystemer\/"},"modified":"2026-03-12T12:31:07","modified_gmt":"2026-03-12T11:31:07","slug":"sonneschutz","status":"publish","type":"page","link":"https:\/\/metalica.lu\/lb\/sonneschutz\/","title":{"rendered":"Sonneschutz"},"content":{"rendered":"<section class=\"hero_banner product_main\" id=\"block_27daa85f1b2fad0a7d9437f24d514b26\">\n        <div class=\"container\">\n            <div class=\"hero_banner_content\">\n                <h1 class=\"white_color mb-24\">Installatioun vu Verdonkelungs- a Sonneschutzsystemer zu L\u00ebtzebuerg\r\n<\/h1>\n                <p class=\"font-18 white_color mb-24\">Eis Rolllueden, Storen a Markise ginn all \u00c4rer Besoine gerecht, wat de Sonneschutz an d&#8217;thermesch Isolatioun uginn. METALICA verf\u00fc\u00fcgt iwwer eng villf\u00e4lteg Auswiel u Verdonkelungssystemer, d\u00e9i souguer am H\u00e9ichsummer fir e killt an agreabelt Klima bei Iech doheem suergen.<\/p>\n<!--                 <a href=\"https:\/\/metalica.lu\/lb\/kontakt\/\" class=\"primary_btn_fill\">Kontakt\u00e9iert eis fir e gratis Devis! <span><i class=\"fa-solid fa-arrow-right\"><\/i><\/span><\/a> -->\n\t\t\t\t            <a href=\"https:\/\/metalica.lu\/lb\/kontakt\/\" class=\"primary_btn_fill\">Kontakt\u00e9iert eis fir e gratis Devis! <span><i class=\"fa-solid fa-arrow-right\"><\/i><\/span><\/a>            <\/div>\n        <\/div>\n<\/section>\n<style>\n #block_27daa85f1b2fad0a7d9437f24d514b26.product_main{\n    background-image:linear-gradient(0deg, rgba(0, 0, 0, 0.4), rgba(0, 0, 0, 0.4)),url(\"https:\/\/metalica.lu\/wp-content\/uploads\/2023\/10\/protections-solaires-1_20231009.jpg\");\n    height: 100%;\n    padding: 145px 0;\n}\n@media (max-width:767px) {\n    #block_27daa85f1b2fad0a7d9437f24d514b26.product_main{\n        padding: 70px 0;\n    }\n}\n<\/style>\n\n  \n     <section class=\"fullbody_content\" id=\"block_16f954c0f046e44a75e831a90337fe98\">\n        <div class=\"container\">\n            <div class=\"content_wrapper\">\n                <div class=\"content_wrapper_inner\" style=\"color: ; text-align: left\">\n                <h2 class=\"mb-20\">Gen\u00e9isst kill Temperaturen am H\u00e9ichsummer mam richtege Sonneschutz\r\n<\/h2>\n                <p>Sonneschutz a Verdonkelungssystemer hunn net just den Zweck, Iech virun der Sonnenastralung ze sch\u00fctzen. Och a punkto Energieeffizienz vun \u00c4rem Gebai spille si eng wichteg Roll &#8211; egal ob et sech \u00ebm eng Wunneng oder en Haus handelt. De richtege Choix ass deemno vu grousser Wichtegkeet. Eegenen sech Rolllueden am beschten? Oder awer \u00e9ischter Stor\u00eb mat verstellbare Lamellen? Egal w\u00e9i Dir Iech entscheet &#8211; METALICA install\u00e9iert Rolllueden, Storen a Markisen direkt bei Iech doheem.<\/p>\n                                    <a href=\"https:\/\/metalica.lu\/lb\/kontakt\/\"  class=\"gray_btn_fill width-md-100\">Devis ufroen <span><i class=\"fa-solid fa-arrow-right primary_color\"><\/i><\/span><\/a>\n                                <\/div>\n            <\/div> \n        <\/div>\n    <\/section> \n    <style>\n    \n    #block_16f954c0f046e44a75e831a90337fe98 .gray_btn_fill{  \n        color: #ffffff;\n        background-color: #171C28;        \n    }\n\n    <\/style>\n    \n\n    <section class=\"specification_main\" id=\"block_dae72b0e31ed039da9a425414c5bf511\">\n        <div class=\"container\">\n            <div class=\"specification_inner\">\n                                    <div class=\"specification_single\">\n                        <p class=\"mb-24\"><img decoding=\"async\" src=\"https:\/\/metalica.lu\/wp-content\/uploads\/2023\/06\/lock-closed.png\" alt=\"\"><\/p>\n                        <h4 class=\"mb-8 pb-4\">Verst\u00e4erkt thermesch Isolatioun<\/h4>\n                        <p class=\"small\">Zoue Rolllueden a Storen erweisen sech als zous\u00e4tzlech Isolatiounsschicht t\u00ebscht dem F\u00ebnsterglas an dem Bausseber\u00e4ich. <\/p>\n                    <\/div>\n                                    <div class=\"specification_single\">\n                        <p class=\"mb-24\"><img decoding=\"async\" src=\"https:\/\/metalica.lu\/wp-content\/uploads\/2023\/06\/clock.png\" alt=\"\"><\/p>\n                        <h4 class=\"mb-8 pb-4\">Zous\u00e4tzlech S\u00e9cherheet<\/h4>\n                        <p class=\"small\">Duerch speziell konzip\u00e9iert S\u00e9cherheetssystemer disponibel als Optioun. <\/p>\n                    <\/div>\n                                    <div class=\"specification_single\">\n                        <p class=\"mb-24\"><img decoding=\"async\" src=\"https:\/\/metalica.lu\/wp-content\/uploads\/2023\/06\/Adjustments.png\" alt=\"\"><\/p>\n                        <h4 class=\"mb-8 pb-4\">Confort a Wuelbefannen<\/h4>\n                        <p class=\"small\">Duerch eng besser Gestioun vun der Luminosit\u00e9it. <\/p>\n                    <\/div>\n                                    <div class=\"specification_single\">\n                        <p class=\"mb-24\"><img decoding=\"async\" src=\"https:\/\/metalica.lu\/wp-content\/uploads\/2023\/06\/Users.png\" alt=\"\"><\/p>\n                        <h4 class=\"mb-8 pb-4\">E personalis\u00e9ierte Choix<\/h4>\n                        <p class=\"small\">Aus enger grousser Gamm vu verschiddene Produkter fir \u00c4ren individuelle Besoin. <\/p>\n                    <\/div>\n                  \n            <\/div>\n        <\/div>\n    <\/section>\n<style>\n    #block_dae72b0e31ed039da9a425414c5bf511 {\n                background: #ffffff; \n        }\n<\/style>\n\n\n<section class=\"imageRight_contentLeft imageRight_contentLeft_img1\" id=\"block_41b6d1b840bcb29350a57903708e64bb\" >\n    <div class=\"container\">\n        <div class=\"imageRight_contentLeft_wrapper\">\n            <div class=\"left_content\">\n                <h2 class=\"mb-20\">Eng breet Panoplie u Rolllueden, disponibel bei METALICA.\r\n<\/span><\/h2>\n                <p>Mir bei METALICA bidden Iech 14 verschidde Verdonkelungssysmter fir baussen. Dozou geh\u00e9iert e ganzt Sortiment u Rolllueden. Hiren Design f\u00fc\u00fcgt sech perfekt un d&#8217;Architektur vun \u00c4rem Haus, ma och hir Wiederbest\u00e4nnegkeet an Nohaltegkeet si positiv ervirzestr\u00e4ichen.<\/p>\n<p>Mat Rolllueden aus PVC oder Aluminium mat verstellbare Lamelle k\u00ebnnt Dir d&#8217;Afl\u00e9isse vum Dagesliicht an \u00c4re Wunnraum besser steieren. Klassesch Rolllueden dog\u00e9int loosse fr\u00ebsch Loft duerch an halen hellt Dagesliicht komplett of. All eis Rollluede k\u00ebnne mat motoris\u00e9ierte Systemer ekip\u00e9iert ginn. De Virdeel dob\u00e4i? Steiert ganz einfach all \u00c4r Sonneschutzsystemer bequeem vun \u00c4rem Smartphone oder \u00c4rer Tablet aus.<\/p>\n                                    <a href=\"https:\/\/metalica.lu\/lb\/sonneschutz\/rolllueden\/\"  class=\"gray_btn_fill  width-md-100\">Entdeckt eis ganz Gamm u Rolllueden! <span class=\"primary_color pl-10\"><i class=\"fa-solid fa-arrow-right\"><\/i><\/span><\/a>\n                            <\/div>\n            <div class=\"right_content\">\n                <div class=\"right_content_img\">\n                    <img decoding=\"async\" src=\"https:\/\/metalica.lu\/wp-content\/uploads\/2025\/02\/image-protections-solaires-volets-metalica-20250211.jpg\">\n                <\/div>\n            <\/div>\n        <\/div>\n    <\/div>\n<\/section>\n\n<style>\n    #block_41b6d1b840bcb29350a57903708e64bb{\n        background-color: #f9fafb;\n    }\n\n            #block_41b6d1b840bcb29350a57903708e64bb.imageRight_contentLeft.imageRight_contentLeft_img1::before{\n            background-image: url(\"https:\/\/metalica.lu\/wp-content\/uploads\/2025\/02\/image-protections-solaires-volets-metalica-20250211.jpg\");\n        }\n    <\/style>\n\n\n<section class=\"imageRight_contentLeft imageRight_contentLeft_img1\" id=\"block_1f8459d1b6a8aef74f6840db9c780d78\" >\n    <div class=\"container\">\n        <div class=\"imageRight_contentLeft_wrapper\">\n            <div class=\"left_content\">\n                <h2 class=\"mb-20\">Storen a Screens fir eng effikass Gestioun vun der Luminosit\u00e9it\r\n<\/span><\/h2>\n                <p>W\u00e4rend Rolllueden \u00c4ert Haus op eng effikass Man\u00e9ier virun der Keelt an ze hellem Liichtfloss sch\u00fctzen, bidden Iech Storen eng prezis Steierung vun der Sonnenastralung. Zumools Stor\u00eb mat verstellbare Lamellen, m\u00e9i prezis feinen Aluminiumslamellen, sch\u00fctzen \u00c4r Privatsph\u00e4r, ouni dob\u00e4i \u00c4re Wunnraum komplett an d&#8217;D\u00e4ischtert ze versetzen.<\/p>\n<p>Mikroperfor\u00e9iert Textilscreens dog\u00e9int sinn effikass Verdonkelungssystemer aus Stoft. Si suerge fir en optimale Sch\u00fctz g\u00e9int d&#8217;H\u00ebtzt.<\/p>\n                                    <a href=\"https:\/\/metalica.lu\/lb\/sonneschutz\/storen\/\"  class=\"gray_btn_fill  width-md-100\">Entdeckt eis ganz Gamm u Storen! <span class=\"primary_color pl-10\"><i class=\"fa-solid fa-arrow-right\"><\/i><\/span><\/a>\n                            <\/div>\n            <div class=\"right_content\">\n                <div class=\"right_content_img\">\n                    <img decoding=\"async\" src=\"https:\/\/metalica.lu\/wp-content\/uploads\/2023\/10\/stores-1_20231009.jpg\">\n                <\/div>\n            <\/div>\n        <\/div>\n    <\/div>\n<\/section>\n\n<style>\n    #block_1f8459d1b6a8aef74f6840db9c780d78{\n        background-color: #FFF;\n    }\n\n            #block_1f8459d1b6a8aef74f6840db9c780d78.imageRight_contentLeft.imageRight_contentLeft_img1::before{\n            background-image: url(\"https:\/\/metalica.lu\/wp-content\/uploads\/2023\/10\/stores-1_20231009.jpg\");\n        }\n    <\/style>\n\n\n<section class=\"imageRight_contentLeft imageRight_contentLeft_img1\" id=\"block_3290bad229f75538b6f382fd44e9f628\" >\n    <div class=\"container\">\n        <div class=\"imageRight_contentLeft_wrapper\">\n            <div class=\"left_content\">\n                <h2 class=\"mb-20\">Markise bidden Iech perfekte Schiet op \u00c4rer Terrass\r\n<\/span><\/h2>\n                <p>Markise si kleng Auventen oder Sonneschutzvirriichtungen, d\u00e9i an der Reegel iwwer enger Terrass mont\u00e9iert ginn. Si bidden net just m\u00e9i Confort, ma verleeden \u00c4rem Haus och e ganz spezifeschen Design.<\/p>\n<p>Allerd\u00e9ngs sinn d\u00ebst net d\u00e9i eenzeg Virdeeler: Markise spillen n\u00e4mlech och eng wichteg Roll, wann et \u00ebm de Sonneschutz geet. Iwwer \u00c4rer Terrass, \u00c4rem Balcon oder Patio install\u00e9iert, spenden Iech virun allem Markisen aus Stoft Schiet, wann d&#8217;Sonn am h\u00e9chste steet.<\/p>\n                                    <a href=\"https:\/\/metalica.lu\/lb\/sonneschutz\/markisen\/\"  class=\"gray_btn_fill  width-md-100\">Entdeckt eis ganz Gamm u Markisen! <span class=\"primary_color pl-10\"><i class=\"fa-solid fa-arrow-right\"><\/i><\/span><\/a>\n                            <\/div>\n            <div class=\"right_content\">\n                <div class=\"right_content_img\">\n                    <img decoding=\"async\" src=\"https:\/\/metalica.lu\/wp-content\/uploads\/2023\/10\/marquises-1_20231009.jpg\">\n                <\/div>\n            <\/div>\n        <\/div>\n    <\/div>\n<\/section>\n\n<style>\n    #block_3290bad229f75538b6f382fd44e9f628{\n        background-color: #f9fafb;\n    }\n\n            #block_3290bad229f75538b6f382fd44e9f628.imageRight_contentLeft.imageRight_contentLeft_img1::before{\n            background-image: url(\"https:\/\/metalica.lu\/wp-content\/uploads\/2023\/10\/marquises-1_20231009.jpg\");\n        }\n    <\/style>\n\n<section class=\"cta_main\" id=\"block_75a77db01f2acae1e74e8727cc3ad41d\">\n    <div class=\"container\">\n        <h2 class=\"text-center mb-24 pb-4\">Kann een sech doheem wierklech virun UV-Stralen an H\u00ebtzt sch\u00fctzen a gl\u00e4ichz\u00e4iteg d&#8217;thermesch Isolatioun bei sech optimis\u00e9ieren? Mat dem richtege Sonneschutz ass alles m\u00e9iglech!\r\n<\/h2>\n        <div class=\"text-center\">\n                    <a href=\"https:\/\/metalica.lu\/lb\/kontakt\/\"  class=\"gray_btn_fill width-md-100\">Frot e gratis Devis! <span class=\"primary_color\"><i class=\"fa-solid fa-arrow-right pl-10\"><\/i><\/span><\/a>\n                <\/div>\n    <\/div>\n<\/section>\n\n<style>\n    #block_75a77db01f2acae1e74e8727cc3ad41d {\n                background: #FBBA00; \n        }\n<\/style>\n\n  \n    <section class=\"discover_product\" id=\"block_3de6aca546688037451dd3c159cdcbd5\">\n        <div class=\"container\">\n            <div class=\"discover_product_wrapper\">\n                <div class=\"discover_product_inner\">\n                    <h2 class=\"mb-20\">Entdeckt eis aner Produkter<\/h2>\n                                            <ul class=\"discover_product_lists\">\n                                                            <li>\n                                    <a href=\"\/lb\/hausdieren-luxembourg\" style=\"text-decoration:none;\">\n                                        <img decoding=\"async\" src=\"https:\/\/metalica.lu\/wp-content\/uploads\/2023\/06\/reshot-icon-door.png\" alt=\"Hausdieren\">\n                                        <h4>Hausdieren<\/h4>\n                                    <\/a>\n                                <\/li>\n                                                            <li>\n                                    <a href=\"\/lb\/fensteren\/\" style=\"text-decoration:none;\">\n                                        <img decoding=\"async\" src=\"https:\/\/metalica.lu\/wp-content\/uploads\/2023\/06\/reshot-icon-window.png\" alt=\"F\u00ebnsteren\">\n                                        <h4>F\u00ebnsteren<\/h4>\n                                    <\/a>\n                                <\/li>\n                                                            <li>\n                                    <a href=\"\/lb\/pergolaen-a-verandaen\/\" style=\"text-decoration:none;\">\n                                        <img decoding=\"async\" src=\"https:\/\/metalica.lu\/wp-content\/uploads\/2023\/06\/ic_round-balcony.png\" alt=\"Pergolaen a Verandaen\">\n                                        <h4>Pergolaen a Verandaen<\/h4>\n                                    <\/a>\n                                <\/li>\n                                                            <li>\n                                    <a href=\"\/lb\/sonneschutz\/\" style=\"text-decoration:none;\">\n                                        <img decoding=\"async\" src=\"https:\/\/metalica.lu\/wp-content\/uploads\/2023\/06\/mdi_sun-angle-outline.png\" alt=\"Sonneschutz\">\n                                        <h4>Sonneschutz<\/h4>\n                                    <\/a>\n                                <\/li>\n                                                            <li>\n                                    <a href=\"\/lb\/fassadesystemer\/\" style=\"text-decoration:none;\">\n                                        <img decoding=\"async\" src=\"https:\/\/metalica.lu\/wp-content\/uploads\/2023\/06\/tabler_wall.png\" alt=\"Fassadesystemer\">\n                                        <h4>Fassadesystemer<\/h4>\n                                    <\/a>\n                                <\/li>\n                                                    <\/ul>\n                                    <\/div>\n            <\/div>\n        <\/div>\n    <\/section>\n    \n    <style>\n        #block_3de6aca546688037451dd3c159cdcbd5 {\n                    background: url(\"https:\/\/metalica.lu\/wp-content\/uploads\/2023\/06\/discover-product-bg.png\"); \n\t\t\tbackground-repeat: no-repeat;\n\t\t\tbackground-size: cover;\n\t\t\tbackground-position: center;\n\t\t\tposition: relative;\n                        }\n    <\/style>\n","protected":false},"excerpt":{"rendered":"","protected":false},"author":14,"featured_media":0,"parent":0,"menu_order":0,"comment_status":"closed","ping_status":"closed","template":"","meta":{"_acf_changed":false,"footnotes":""},"class_list":["post-8720","page","type-page","status-publish","hentry"],"acf":[],"yoast_head":"<!-- This site is optimized with the Yoast SEO Premium plugin v27.2 (Yoast SEO v27.5) - https:\/\/yoast.com\/product\/yoast-seo-premium-wordpress\/ -->\n<title>Sonneschutz - Metalica<\/title>\n<meta name=\"description\" content=\"Rolllueden, Storen a Markisen || Installatioun vu Sonneschutz zu L\u00ebtzebuerg ||\u00a0Devis 100 % gratis: Kontakt\u00e9iert eis!\" \/>\n<meta name=\"robots\" content=\"index, follow, max-snippet:-1, max-image-preview:large, max-video-preview:-1\" \/>\n<link rel=\"canonical\" href=\"https:\/\/metalica.lu\/lb\/sonneschutz\/\" \/>\n<meta property=\"og:locale\" content=\"en_US\" \/>\n<meta property=\"og:type\" content=\"article\" \/>\n<meta property=\"og:title\" content=\"Sonneschutz\" \/>\n<meta property=\"og:description\" content=\"Rolllueden, Storen a Markisen || Installatioun vu Sonneschutz zu L\u00ebtzebuerg ||\u00a0Devis 100 % gratis: Kontakt\u00e9iert eis!\" \/>\n<meta property=\"og:url\" content=\"https:\/\/metalica.lu\/lb\/sonneschutz\/\" \/>\n<meta property=\"og:site_name\" content=\"Metalica\" \/>\n<meta property=\"article:publisher\" content=\"https:\/\/www.facebook.com\/metalicahome\/\" \/>\n<meta property=\"article:modified_time\" content=\"2026-03-12T11:31:07+00:00\" \/>\n<meta name=\"twitter:card\" content=\"summary_large_image\" \/>\n<meta name=\"twitter:label1\" content=\"Est. reading time\" \/>\n\t<meta name=\"twitter:data1\" content=\"3 minutes\" \/>\n<script type=\"application\/ld+json\" class=\"yoast-schema-graph\">{\"@context\":\"https:\\\/\\\/schema.org\",\"@graph\":[{\"@type\":\"WebPage\",\"@id\":\"https:\\\/\\\/metalica.lu\\\/lb\\\/sonneschutz\\\/\",\"url\":\"https:\\\/\\\/metalica.lu\\\/lb\\\/sonneschutz\\\/\",\"name\":\"Sonneschutz - Metalica\",\"isPartOf\":{\"@id\":\"https:\\\/\\\/metalica.lu\\\/lb\\\/#website\"},\"datePublished\":\"2023-07-18T04:51:58+00:00\",\"dateModified\":\"2026-03-12T11:31:07+00:00\",\"description\":\"Rolllueden, Storen a Markisen || Installatioun vu Sonneschutz zu L\u00ebtzebuerg ||\u00a0Devis 100 % gratis: Kontakt\u00e9iert eis!\",\"breadcrumb\":{\"@id\":\"https:\\\/\\\/metalica.lu\\\/lb\\\/sonneschutz\\\/#breadcrumb\"},\"inLanguage\":\"lb-LU\",\"potentialAction\":[{\"@type\":\"ReadAction\",\"target\":[\"https:\\\/\\\/metalica.lu\\\/lb\\\/sonneschutz\\\/\"]}]},{\"@type\":\"BreadcrumbList\",\"@id\":\"https:\\\/\\\/metalica.lu\\\/lb\\\/sonneschutz\\\/#breadcrumb\",\"itemListElement\":[{\"@type\":\"ListItem\",\"position\":1,\"name\":\"Accueil\",\"item\":\"https:\\\/\\\/metalica.lu\\\/lb\\\/\"},{\"@type\":\"ListItem\",\"position\":2,\"name\":\"Sonneschutz\"}]},{\"@type\":\"WebSite\",\"@id\":\"https:\\\/\\\/metalica.lu\\\/lb\\\/#website\",\"url\":\"https:\\\/\\\/metalica.lu\\\/lb\\\/\",\"name\":\"Metalica\",\"description\":\"\",\"publisher\":{\"@id\":\"https:\\\/\\\/metalica.lu\\\/lb\\\/#organization\"},\"potentialAction\":[{\"@type\":\"SearchAction\",\"target\":{\"@type\":\"EntryPoint\",\"urlTemplate\":\"https:\\\/\\\/metalica.lu\\\/lb\\\/?s={search_term_string}\"},\"query-input\":{\"@type\":\"PropertyValueSpecification\",\"valueRequired\":true,\"valueName\":\"search_term_string\"}}],\"inLanguage\":\"lb-LU\"},{\"@type\":\"Organization\",\"@id\":\"https:\\\/\\\/metalica.lu\\\/lb\\\/#organization\",\"name\":\"Metalica\",\"url\":\"https:\\\/\\\/metalica.lu\\\/lb\\\/\",\"logo\":{\"@type\":\"ImageObject\",\"inLanguage\":\"lb-LU\",\"@id\":\"https:\\\/\\\/metalica.lu\\\/lb\\\/#\\\/schema\\\/logo\\\/image\\\/\",\"url\":\"https:\\\/\\\/metalica.lu\\\/wp-content\\\/uploads\\\/2024\\\/05\\\/site-logo.png\",\"contentUrl\":\"https:\\\/\\\/metalica.lu\\\/wp-content\\\/uploads\\\/2024\\\/05\\\/site-logo.png\",\"width\":238,\"height\":62,\"caption\":\"Metalica\"},\"image\":{\"@id\":\"https:\\\/\\\/metalica.lu\\\/lb\\\/#\\\/schema\\\/logo\\\/image\\\/\"},\"sameAs\":[\"https:\\\/\\\/www.facebook.com\\\/metalicahome\\\/\"]}]}<\/script>\n<!-- \/ Yoast SEO Premium plugin. -->","yoast_head_json":{"title":"Sonneschutz - Metalica","description":"Rolllueden, Storen a Markisen || Installatioun vu Sonneschutz zu L\u00ebtzebuerg ||\u00a0Devis 100 % gratis: Kontakt\u00e9iert eis!","robots":{"index":"index","follow":"follow","max-snippet":"max-snippet:-1","max-image-preview":"max-image-preview:large","max-video-preview":"max-video-preview:-1"},"canonical":"https:\/\/metalica.lu\/lb\/sonneschutz\/","og_locale":"en_US","og_type":"article","og_title":"Sonneschutz","og_description":"Rolllueden, Storen a Markisen || Installatioun vu Sonneschutz zu L\u00ebtzebuerg ||\u00a0Devis 100 % gratis: Kontakt\u00e9iert eis!","og_url":"https:\/\/metalica.lu\/lb\/sonneschutz\/","og_site_name":"Metalica","article_publisher":"https:\/\/www.facebook.com\/metalicahome\/","article_modified_time":"2026-03-12T11:31:07+00:00","twitter_card":"summary_large_image","twitter_misc":{"Est. reading time":"3 minutes"},"schema":{"@context":"https:\/\/schema.org","@graph":[{"@type":"WebPage","@id":"https:\/\/metalica.lu\/lb\/sonneschutz\/","url":"https:\/\/metalica.lu\/lb\/sonneschutz\/","name":"Sonneschutz - Metalica","isPartOf":{"@id":"https:\/\/metalica.lu\/lb\/#website"},"datePublished":"2023-07-18T04:51:58+00:00","dateModified":"2026-03-12T11:31:07+00:00","description":"Rolllueden, Storen a Markisen || Installatioun vu Sonneschutz zu L\u00ebtzebuerg ||\u00a0Devis 100 % gratis: Kontakt\u00e9iert eis!","breadcrumb":{"@id":"https:\/\/metalica.lu\/lb\/sonneschutz\/#breadcrumb"},"inLanguage":"lb-LU","potentialAction":[{"@type":"ReadAction","target":["https:\/\/metalica.lu\/lb\/sonneschutz\/"]}]},{"@type":"BreadcrumbList","@id":"https:\/\/metalica.lu\/lb\/sonneschutz\/#breadcrumb","itemListElement":[{"@type":"ListItem","position":1,"name":"Accueil","item":"https:\/\/metalica.lu\/lb\/"},{"@type":"ListItem","position":2,"name":"Sonneschutz"}]},{"@type":"WebSite","@id":"https:\/\/metalica.lu\/lb\/#website","url":"https:\/\/metalica.lu\/lb\/","name":"Metalica","description":"","publisher":{"@id":"https:\/\/metalica.lu\/lb\/#organization"},"potentialAction":[{"@type":"SearchAction","target":{"@type":"EntryPoint","urlTemplate":"https:\/\/metalica.lu\/lb\/?s={search_term_string}"},"query-input":{"@type":"PropertyValueSpecification","valueRequired":true,"valueName":"search_term_string"}}],"inLanguage":"lb-LU"},{"@type":"Organization","@id":"https:\/\/metalica.lu\/lb\/#organization","name":"Metalica","url":"https:\/\/metalica.lu\/lb\/","logo":{"@type":"ImageObject","inLanguage":"lb-LU","@id":"https:\/\/metalica.lu\/lb\/#\/schema\/logo\/image\/","url":"https:\/\/metalica.lu\/wp-content\/uploads\/2024\/05\/site-logo.png","contentUrl":"https:\/\/metalica.lu\/wp-content\/uploads\/2024\/05\/site-logo.png","width":238,"height":62,"caption":"Metalica"},"image":{"@id":"https:\/\/metalica.lu\/lb\/#\/schema\/logo\/image\/"},"sameAs":["https:\/\/www.facebook.com\/metalicahome\/"]}]}},"_links":{"self":[{"href":"https:\/\/metalica.lu\/lb\/wp-json\/wp\/v2\/pages\/8720","targetHints":{"allow":["GET"]}}],"collection":[{"href":"https:\/\/metalica.lu\/lb\/wp-json\/wp\/v2\/pages"}],"about":[{"href":"https:\/\/metalica.lu\/lb\/wp-json\/wp\/v2\/types\/page"}],"author":[{"embeddable":true,"href":"https:\/\/metalica.lu\/lb\/wp-json\/wp\/v2\/users\/14"}],"replies":[{"embeddable":true,"href":"https:\/\/metalica.lu\/lb\/wp-json\/wp\/v2\/comments?post=8720"}],"version-history":[{"count":4,"href":"https:\/\/metalica.lu\/lb\/wp-json\/wp\/v2\/pages\/8720\/revisions"}],"predecessor-version":[{"id":8781,"href":"https:\/\/metalica.lu\/lb\/wp-json\/wp\/v2\/pages\/8720\/revisions\/8781"}],"wp:attachment":[{"href":"https:\/\/metalica.lu\/lb\/wp-json\/wp\/v2\/media?parent=8720"}],"curies":[{"name":"wp","href":"https:\/\/api.w.org\/{rel}","templated":true}]}}