{"id":8686,"date":"2023-06-29T12:59:38","date_gmt":"2023-06-29T10:59:38","guid":{"rendered":"https:\/\/metalica.lu\/jobofferen\/"},"modified":"2026-03-11T15:50:49","modified_gmt":"2026-03-11T14:50:49","slug":"jobofferen","status":"publish","type":"page","link":"https:\/\/metalica.lu\/lb\/jobofferen\/","title":{"rendered":"Jobofferen"},"content":{"rendered":"  \n     <section class=\"fullbody_content\" id=\"block_ab56f81243c576a8d265cb05c0f46e02\">\n        <div class=\"container\">\n            <div class=\"content_wrapper\">\n                <div class=\"content_wrapper_inner\" style=\"color: ; text-align: left\">\n                <h2 class=\"mb-20\">Mir rekrut\u00e9ieren<\/h2>\n                <p class=\"small\">Metalica ass e Betrib, deen sech op F\u00ebnsteren an Dieren, Fassaden- a Sonneschutzsystemer spezialis\u00e9iert huet. E schafft souwuel mat Professionelle w\u00e9i och mat privat Leit, fir d&#8217;Energieeffizienz vu Gebaier ze verbesseren &#8211; sief et bei Neibauten oder Renovatiounen. Mir stellen d\u00e9i vun eis verkaaften Aluminiumsrummen an eisen Atelieren zu Esch-Uelzecht selwer hier a k\u00ebmmeren eis och \u00ebm de Montage an den Entretien direkt bei eise Clienten. D&#8217;\u00c9ierlechkeet, d&#8217;Integrit\u00e9it an d&#8217;S\u00e9cherheet vun eise Mataarbechter souw\u00e9i d&#8217;Zefriddenheet vun eiser Client\u00e8le: Dat sinn eis W\u00e4erter, d\u00e9i eis undreiwen an d&#8217;Fundament vun eisem Betrib bilden. D\u00ebst g\u00ebtt \u00ebnnerstrach vun eise v\u00e9ier Zertifiz\u00e9ierungen, d\u00e9i d&#8217;Qualit\u00e9it vun eisen Engagementer festegen. Doriwwer eraus si mir Member vun der Associatioun MLQE, d\u00e9i d&#8217;Missioun huet, eenzel Virg\u00e4ng am Management an an der Gestioun vu Projeten ze verbesseren. An deem Kader engag\u00e9iere mir eis, fir eis Aarbechtsweis permanent z&#8217;optimis\u00e9ieren. Mir si reegelm\u00e9isseg op der Sich no neie Mataarbechter a Mataarbechterinnen, fir eis Ekipp ze verst\u00e4erken. Dir sidd der Meenung, \u00c4r Kompetenzen interess\u00e9ieren eis, da mellt Iech!<\/p>\n                                <\/div>\n            <\/div> \n        <\/div>\n    <\/section> \n    <style>\n    \n    #block_ab56f81243c576a8d265cb05c0f46e02 .gray_btn_fill{  \n        color: ;\n        background-color: ;        \n    }\n\n    <\/style>\n    \n\n\t<section class=\"our_jobs mtlc-job-wrap\">\n\t\t<div class=\"container\">\n\t\t\t<div class=\"our_jobs_wrapper\">\n\t\t\t\t\t\t\t\t<div class=\"mtlc-job-listings our_jobs_list\">\n\t\t\t\t\t\t\t<div class=\"our_job_card\">\n\t\t\t<div class=\"our_job_container\">\n\t\t\t\t<div class=\"our_job_card_body\">\n\t\t\t\t\t<a href=\"https:\/\/metalica.lu\/lb\/offres-emploi\/monteuren-m-f-fir-fensteren-an-dieren\/\">\n\t\t\t\t\t\t<h4 class=\"mb-8 pb-4\">Monteuren (M\/F) fir F\u00ebnsteren an Dieren<\/h4>\n\t\t\t\t\t<\/a>\n\t\t\t\t\t<a href=\"https:\/\/metalica.lu\/lb\/offres-emploi\/monteuren-m-f-fir-fensteren-an-dieren\/\">\n\t\t\t\t\t<p class=\"font-14 mb-24\">Als Verst\u00e4erkung fir eis Ekippe siche mir:\n\n\n\nMonteuren (M\/F) fir F\u00ebnsteren an Dieren\n\n\n\n\nExperienz iwwer e puer Joer am Ber\u00e4ich vun de Menuiseries ext\u00e9rieures am Aluminium, Holz a PVC\n\n\n\nKenntnis iwwer de RAL-Montage vu...<\/p>\n\t\t\t\t\t<\/a>\n\t\t\t\t\t<div class=\"card__bottom\">\n\t\t\t\t\t\t<div class=\"card__link card_bottom_inner\">\n\t\t\t\t\t\t\t<a href=\"https:\/\/metalica.lu\/lb\/offres-emploi\/monteuren-m-f-fir-fensteren-an-dieren\/\" class=\"see_more_link trigger\"> <span><i class=\"fa-solid fa-arrow-right\"><\/i><\/span> <\/a>\n\t\t\t\t\t\t<\/div>\n\t\t\t\t\t\t<div class=\"card__text card_bottom_inner\">\n\t\t\t\t\t\t\t<p class=\"font-14\">6 June 2023<\/p>\n\t\t\t\t\t\t<\/div>\n\t\t\t\t\t<\/div>\n\t\t\t\t<\/div>\n\t\t\t<\/div>\n\t\t<\/div>\n\t\t<div class=\"our_job_card\">\n\t\t\t<div class=\"our_job_container\">\n\t\t\t\t<div class=\"our_job_card_body\">\n\t\t\t\t\t<a href=\"https:\/\/metalica.lu\/lb\/offres-emploi\/installateuren-fir-pergolaen-a-verandaen\/\">\n\t\t\t\t\t\t<h4 class=\"mb-8 pb-4\">Installateuren (M\/F) fir Pergolaen a Verandaen<\/h4>\n\t\t\t\t\t<\/a>\n\t\t\t\t\t<a href=\"https:\/\/metalica.lu\/lb\/offres-emploi\/installateuren-fir-pergolaen-a-verandaen\/\">\n\t\t\t\t\t<p class=\"font-14 mb-24\">Als Verst\u00e4erkung fir eis Ekippe siche mir:\n\n\n\nInstallateuren (M\/F) fir Pergolaen a Verandaen\n\n\n\n\nExperienz iwwer e puer Joer am Ber\u00e4ich vu Montage vu Verandaen, Pergolaen a Markisen\n\n\n\nKompetenzen an der Programm\u00e9ierung vu...<\/p>\n\t\t\t\t\t<\/a>\n\t\t\t\t\t<div class=\"card__bottom\">\n\t\t\t\t\t\t<div class=\"card__link card_bottom_inner\">\n\t\t\t\t\t\t\t<a href=\"https:\/\/metalica.lu\/lb\/offres-emploi\/installateuren-fir-pergolaen-a-verandaen\/\" class=\"see_more_link trigger\"> <span><i class=\"fa-solid fa-arrow-right\"><\/i><\/span> <\/a>\n\t\t\t\t\t\t<\/div>\n\t\t\t\t\t\t<div class=\"card__text card_bottom_inner\">\n\t\t\t\t\t\t\t<p class=\"font-14\">6 June 2023<\/p>\n\t\t\t\t\t\t<\/div>\n\t\t\t\t\t<\/div>\n\t\t\t\t<\/div>\n\t\t\t<\/div>\n\t\t<\/div>\n\t\t<div class=\"our_job_card\">\n\t\t\t<div class=\"our_job_container\">\n\t\t\t\t<div class=\"our_job_card_body\">\n\t\t\t\t\t<a href=\"https:\/\/metalica.lu\/lb\/offres-emploi\/experimenteiert-chef-de-projeten-m-f\/\">\n\t\t\t\t\t\t<h4 class=\"mb-8 pb-4\">Experiment\u00e9iert Chef-de-projeten (M\/F)<\/h4>\n\t\t\t\t\t<\/a>\n\t\t\t\t\t<a href=\"https:\/\/metalica.lu\/lb\/offres-emploi\/experimenteiert-chef-de-projeten-m-f\/\">\n\t\t\t\t\t<p class=\"font-14 mb-24\">Als Verst\u00e4erkung fir eis Ekippe siche mir:\n\n\n\nExperiment\u00e9iert Chef-de-projeten (M\/F)\n\n\n\n\nd\u2019Vertriede vun der Entreprise METALICA g\u00e9igeniwwer Architekten, Bauh\u00e4ren a Privatclienten\n\n\n\nd\u2019technescht Erschaffe vu...<\/p>\n\t\t\t\t\t<\/a>\n\t\t\t\t\t<div class=\"card__bottom\">\n\t\t\t\t\t\t<div class=\"card__link card_bottom_inner\">\n\t\t\t\t\t\t\t<a href=\"https:\/\/metalica.lu\/lb\/offres-emploi\/experimenteiert-chef-de-projeten-m-f\/\" class=\"see_more_link trigger\"> <span><i class=\"fa-solid fa-arrow-right\"><\/i><\/span> <\/a>\n\t\t\t\t\t\t<\/div>\n\t\t\t\t\t\t<div class=\"card__text card_bottom_inner\">\n\t\t\t\t\t\t\t<p class=\"font-14\">6 June 2023<\/p>\n\t\t\t\t\t\t<\/div>\n\t\t\t\t\t<\/div>\n\t\t\t\t<\/div>\n\t\t\t<\/div>\n\t\t<\/div>\n\t\t\t\t<\/div>\n\t\t\t<\/div>\n\t\t<\/div>\n\t<\/section>\n","protected":false},"excerpt":{"rendered":"","protected":false},"author":14,"featured_media":0,"parent":0,"menu_order":0,"comment_status":"closed","ping_status":"closed","template":"","meta":{"_acf_changed":false,"footnotes":""},"class_list":["post-8686","page","type-page","status-publish","hentry"],"acf":[],"yoast_head":"<!-- This site is optimized with the Yoast SEO Premium plugin v27.2 (Yoast SEO v27.5) - https:\/\/yoast.com\/product\/yoast-seo-premium-wordpress\/ -->\n<title>Jobofferen - Metalica<\/title>\n<meta name=\"description\" content=\"METALICA ass de Spezialist zu L\u00ebtzebuerg fir d&#039;Fabrikatioun vun Dieren a F\u00ebnsteren. Sicht Dir en Job? Kontakt\u00e9iert eis!\" \/>\n<meta name=\"robots\" content=\"index, follow, max-snippet:-1, max-image-preview:large, max-video-preview:-1\" \/>\n<link rel=\"canonical\" href=\"https:\/\/metalica.lu\/lb\/jobofferen\/\" \/>\n<meta property=\"og:locale\" content=\"en_US\" \/>\n<meta property=\"og:type\" content=\"article\" \/>\n<meta property=\"og:title\" content=\"Jobofferen\" \/>\n<meta property=\"og:description\" content=\"METALICA ass de Spezialist zu L\u00ebtzebuerg fir d&#039;Fabrikatioun vun Dieren a F\u00ebnsteren. Sicht Dir en Job? Kontakt\u00e9iert eis!\" \/>\n<meta property=\"og:url\" content=\"https:\/\/metalica.lu\/lb\/jobofferen\/\" \/>\n<meta property=\"og:site_name\" content=\"Metalica\" \/>\n<meta property=\"article:publisher\" content=\"https:\/\/www.facebook.com\/metalicahome\/\" \/>\n<meta property=\"article:modified_time\" content=\"2026-03-11T14:50:49+00:00\" \/>\n<meta name=\"twitter:card\" content=\"summary_large_image\" \/>\n<meta name=\"twitter:label1\" content=\"Est. reading time\" \/>\n\t<meta name=\"twitter:data1\" content=\"1 minute\" \/>\n<script type=\"application\/ld+json\" class=\"yoast-schema-graph\">{\"@context\":\"https:\\\/\\\/schema.org\",\"@graph\":[{\"@type\":\"WebPage\",\"@id\":\"https:\\\/\\\/metalica.lu\\\/lb\\\/jobofferen\\\/\",\"url\":\"https:\\\/\\\/metalica.lu\\\/lb\\\/jobofferen\\\/\",\"name\":\"Jobofferen - Metalica\",\"isPartOf\":{\"@id\":\"https:\\\/\\\/metalica.lu\\\/lb\\\/#website\"},\"datePublished\":\"2023-06-29T10:59:38+00:00\",\"dateModified\":\"2026-03-11T14:50:49+00:00\",\"description\":\"METALICA ass de Spezialist zu L\u00ebtzebuerg fir d'Fabrikatioun vun Dieren a F\u00ebnsteren. Sicht Dir en Job? Kontakt\u00e9iert eis!\",\"breadcrumb\":{\"@id\":\"https:\\\/\\\/metalica.lu\\\/lb\\\/jobofferen\\\/#breadcrumb\"},\"inLanguage\":\"lb-LU\",\"potentialAction\":[{\"@type\":\"ReadAction\",\"target\":[\"https:\\\/\\\/metalica.lu\\\/lb\\\/jobofferen\\\/\"]}]},{\"@type\":\"BreadcrumbList\",\"@id\":\"https:\\\/\\\/metalica.lu\\\/lb\\\/jobofferen\\\/#breadcrumb\",\"itemListElement\":[{\"@type\":\"ListItem\",\"position\":1,\"name\":\"Accueil\",\"item\":\"https:\\\/\\\/metalica.lu\\\/lb\\\/\"},{\"@type\":\"ListItem\",\"position\":2,\"name\":\"Jobofferen\"}]},{\"@type\":\"WebSite\",\"@id\":\"https:\\\/\\\/metalica.lu\\\/lb\\\/#website\",\"url\":\"https:\\\/\\\/metalica.lu\\\/lb\\\/\",\"name\":\"Metalica\",\"description\":\"\",\"publisher\":{\"@id\":\"https:\\\/\\\/metalica.lu\\\/lb\\\/#organization\"},\"potentialAction\":[{\"@type\":\"SearchAction\",\"target\":{\"@type\":\"EntryPoint\",\"urlTemplate\":\"https:\\\/\\\/metalica.lu\\\/lb\\\/?s={search_term_string}\"},\"query-input\":{\"@type\":\"PropertyValueSpecification\",\"valueRequired\":true,\"valueName\":\"search_term_string\"}}],\"inLanguage\":\"lb-LU\"},{\"@type\":\"Organization\",\"@id\":\"https:\\\/\\\/metalica.lu\\\/lb\\\/#organization\",\"name\":\"Metalica\",\"url\":\"https:\\\/\\\/metalica.lu\\\/lb\\\/\",\"logo\":{\"@type\":\"ImageObject\",\"inLanguage\":\"lb-LU\",\"@id\":\"https:\\\/\\\/metalica.lu\\\/lb\\\/#\\\/schema\\\/logo\\\/image\\\/\",\"url\":\"https:\\\/\\\/metalica.lu\\\/wp-content\\\/uploads\\\/2024\\\/05\\\/site-logo.png\",\"contentUrl\":\"https:\\\/\\\/metalica.lu\\\/wp-content\\\/uploads\\\/2024\\\/05\\\/site-logo.png\",\"width\":238,\"height\":62,\"caption\":\"Metalica\"},\"image\":{\"@id\":\"https:\\\/\\\/metalica.lu\\\/lb\\\/#\\\/schema\\\/logo\\\/image\\\/\"},\"sameAs\":[\"https:\\\/\\\/www.facebook.com\\\/metalicahome\\\/\"]}]}<\/script>\n<!-- \/ Yoast SEO Premium plugin. -->","yoast_head_json":{"title":"Jobofferen - Metalica","description":"METALICA ass de Spezialist zu L\u00ebtzebuerg fir d'Fabrikatioun vun Dieren a F\u00ebnsteren. Sicht Dir en Job? Kontakt\u00e9iert eis!","robots":{"index":"index","follow":"follow","max-snippet":"max-snippet:-1","max-image-preview":"max-image-preview:large","max-video-preview":"max-video-preview:-1"},"canonical":"https:\/\/metalica.lu\/lb\/jobofferen\/","og_locale":"en_US","og_type":"article","og_title":"Jobofferen","og_description":"METALICA ass de Spezialist zu L\u00ebtzebuerg fir d'Fabrikatioun vun Dieren a F\u00ebnsteren. Sicht Dir en Job? Kontakt\u00e9iert eis!","og_url":"https:\/\/metalica.lu\/lb\/jobofferen\/","og_site_name":"Metalica","article_publisher":"https:\/\/www.facebook.com\/metalicahome\/","article_modified_time":"2026-03-11T14:50:49+00:00","twitter_card":"summary_large_image","twitter_misc":{"Est. reading time":"1 minute"},"schema":{"@context":"https:\/\/schema.org","@graph":[{"@type":"WebPage","@id":"https:\/\/metalica.lu\/lb\/jobofferen\/","url":"https:\/\/metalica.lu\/lb\/jobofferen\/","name":"Jobofferen - Metalica","isPartOf":{"@id":"https:\/\/metalica.lu\/lb\/#website"},"datePublished":"2023-06-29T10:59:38+00:00","dateModified":"2026-03-11T14:50:49+00:00","description":"METALICA ass de Spezialist zu L\u00ebtzebuerg fir d'Fabrikatioun vun Dieren a F\u00ebnsteren. Sicht Dir en Job? Kontakt\u00e9iert eis!","breadcrumb":{"@id":"https:\/\/metalica.lu\/lb\/jobofferen\/#breadcrumb"},"inLanguage":"lb-LU","potentialAction":[{"@type":"ReadAction","target":["https:\/\/metalica.lu\/lb\/jobofferen\/"]}]},{"@type":"BreadcrumbList","@id":"https:\/\/metalica.lu\/lb\/jobofferen\/#breadcrumb","itemListElement":[{"@type":"ListItem","position":1,"name":"Accueil","item":"https:\/\/metalica.lu\/lb\/"},{"@type":"ListItem","position":2,"name":"Jobofferen"}]},{"@type":"WebSite","@id":"https:\/\/metalica.lu\/lb\/#website","url":"https:\/\/metalica.lu\/lb\/","name":"Metalica","description":"","publisher":{"@id":"https:\/\/metalica.lu\/lb\/#organization"},"potentialAction":[{"@type":"SearchAction","target":{"@type":"EntryPoint","urlTemplate":"https:\/\/metalica.lu\/lb\/?s={search_term_string}"},"query-input":{"@type":"PropertyValueSpecification","valueRequired":true,"valueName":"search_term_string"}}],"inLanguage":"lb-LU"},{"@type":"Organization","@id":"https:\/\/metalica.lu\/lb\/#organization","name":"Metalica","url":"https:\/\/metalica.lu\/lb\/","logo":{"@type":"ImageObject","inLanguage":"lb-LU","@id":"https:\/\/metalica.lu\/lb\/#\/schema\/logo\/image\/","url":"https:\/\/metalica.lu\/wp-content\/uploads\/2024\/05\/site-logo.png","contentUrl":"https:\/\/metalica.lu\/wp-content\/uploads\/2024\/05\/site-logo.png","width":238,"height":62,"caption":"Metalica"},"image":{"@id":"https:\/\/metalica.lu\/lb\/#\/schema\/logo\/image\/"},"sameAs":["https:\/\/www.facebook.com\/metalicahome\/"]}]}},"_links":{"self":[{"href":"https:\/\/metalica.lu\/lb\/wp-json\/wp\/v2\/pages\/8686","targetHints":{"allow":["GET"]}}],"collection":[{"href":"https:\/\/metalica.lu\/lb\/wp-json\/wp\/v2\/pages"}],"about":[{"href":"https:\/\/metalica.lu\/lb\/wp-json\/wp\/v2\/types\/page"}],"author":[{"embeddable":true,"href":"https:\/\/metalica.lu\/lb\/wp-json\/wp\/v2\/users\/14"}],"replies":[{"embeddable":true,"href":"https:\/\/metalica.lu\/lb\/wp-json\/wp\/v2\/comments?post=8686"}],"version-history":[{"count":4,"href":"https:\/\/metalica.lu\/lb\/wp-json\/wp\/v2\/pages\/8686\/revisions"}],"predecessor-version":[{"id":8692,"href":"https:\/\/metalica.lu\/lb\/wp-json\/wp\/v2\/pages\/8686\/revisions\/8692"}],"wp:attachment":[{"href":"https:\/\/metalica.lu\/lb\/wp-json\/wp\/v2\/media?parent=8686"}],"curies":[{"name":"wp","href":"https:\/\/api.w.org\/{rel}","templated":true}]}}