{"id":8680,"date":"2023-06-23T07:55:07","date_gmt":"2023-06-23T05:55:07","guid":{"rendered":"https:\/\/metalica.lu\/sav\/"},"modified":"2026-03-12T14:03:20","modified_gmt":"2026-03-12T13:03:20","slug":"sav","status":"publish","type":"page","link":"https:\/\/metalica.lu\/lb\/sav\/","title":{"rendered":"SAV"},"content":{"rendered":"\n<section class=\"service_card_with_image\" id=\"block_2d26d4086ea357561447badd741cea83\">\n    <div class=\"container\">\n        <div class=\"service_card_wrapper\">\n            <!-- ===== LEFT ====== -->\n            <div class=\"service_card_left\">\n                <div class=\"service_card_image\">\n                    <img decoding=\"async\" src=\"https:\/\/metalica.lu\/wp-content\/uploads\/2023\/06\/after_sale.jpg\">\n                <\/div>\n            <\/div>\n            <!-- ======= RIGHT ======= -->\n            <div class=\"service_card_right\">\n                <h2 class=\"mb-20\">Service <span class=\"primary_color\">Apr\u00e8s-Vente<\/span><\/h2>\n                <p class=\"small mb-20 pb-4\">Mir interven\u00e9iere virop bei F\u00ebnsteren an Diere vu Metalica. Wann Dir e Probleem mat \u00c4ren Dieren, F\u00ebnsterdieren, Schibedieren, Hausdieren, Storen oder Rolllueden hutt, kritt Dir vun eiser Ekipp vum Service Apr\u00e8s-Vente gehollef. Si steet Iech zur Verf\u00fcgung, fir \u00c4re Probleem schnellstm\u00e9iglech ze behiewen.<\/p>\n                                                            <a href=\"https:\/\/metalica.lu\/lb\/kontakt\/?select=Depannage\"  class=\"gray_btn_fill width-md-100\">Interventioun ufroen<span class=\"primary_color pl-10\"><i class=\"fa-solid fa-arrow-right\"><\/i><\/span><\/a>\n                                                <\/div>\n        <\/div>\n    <\/div>\n<\/section>\n\n<style>\n    #block_2d26d4086ea357561447badd741cea83{\n        background-color: #ffffff;\n    }\n    #block_2d26d4086ea357561447badd741cea83.service_card_with_image::before{\n        background-image: url(https:\/\/metalica.lu\/wp-content\/uploads\/2023\/06\/after_sale.jpg);\n    }\n<\/style>\n\n<section class=\"list_with_discription list_discription_formula\" id=\"block_1bb28640a6f0d7ecef477d7329753067\">\n    <div class=\"container\">\n        <div class=\"list_with_discription_inner\">\n            <div class=\"list_with_discription_content\">\n                <h2 class=\"mb-20\">Vertrag &#8220;Zen&#8221;<\/h2>\n                <p>Mat d\u00ebser Solutioun fir den Entretien vun \u00c4re F\u00ebnsteren an Diere bleift Dir ganz entspaant. D&#8217;Formule ZEN riicht sech ausschliisslech u Metalica-Clienten!<\/p>\n<ul>\n<li>Verl\u00e4ngert d&#8217;Liewensdauer vun \u00c4re F\u00ebnsteren,<\/li>\n<li>Fir dauerhaft waasserdicht a gutt isol\u00e9iert Produkter,<\/li>\n<li>Profit\u00e9iert priorit\u00e4r vun eisem Service Apr\u00e8s-Vente,<\/li>\n<li>Ges\u00e9chert Garantie*<\/li>\n<\/ul>\n<p>*En adequaten Entretien ass d&#8217;Viraussetzung fir d&#8217;Funktionalit\u00e9it vun \u00c4re F\u00ebnsteren an Dieren.<\/p>\n<p>Een Entretien pro Joer, fir datt Dir ganz entspaant bleiwe k\u00ebnnt:<\/p>\n<ul>\n<li>Kontroll a Reglage vu F\u00ebnsteren a Schibedieren,<\/li>\n<li>Kontroll a mechanesche Reglage vun Hausdieren,<\/li>\n<li>Kontroll an Noz\u00e9ie vu Fixatiounen,<\/li>\n<li>Kontroll an Entretien vun den Dichtungen,<\/li>\n<li>Kontroll vu Rolllueden a Storen<\/li>\n<\/ul>\n                                                            <a href=\"https:\/\/metalica.lu\/lb\/kontakt\/\"  class=\"gray_btn_fill width-md-100\">Devis ufroen<span class=\"primary_color pl-10\"><i class=\"fa-solid fa-arrow-right\"><\/i><\/span><\/a>\n                                                <\/div>\n            <div class=\"list_with_discription_tab_main\">\n                <div class=\"list_with_discription_tab_image\">\n                    <img decoding=\"async\" src=\"https:\/\/metalica.lu\/wp-content\/uploads\/2023\/06\/services-2.png\" alt=\"\">\n                <\/div>\n            <\/div>\n        <\/div>\n    <\/div>\n<\/section>\n\n<style>\n                #block_1bb28640a6f0d7ecef477d7329753067{\n                                    border-style : solid;\n                    border-color : #e5e7eb;\n                    border-width : 1px 0px 0px 0px;\n                            }\n            #block_1bb28640a6f0d7ecef477d7329753067.list_with_discription.list_discription_formula::before{\n                background-image: url(https:\/\/metalica.lu\/wp-content\/uploads\/2023\/06\/services-2.png);\n            }\n        <\/style>\n\n<section class=\"list_with_discription list_discription_maintenance\" id=\"block_54d159e191c5881f32493b87649711ae\">\n    <div class=\"container\">\n        <div class=\"list_with_discription_inner\">\n            <div class=\"list_with_discription_content\">\n                <h2 class=\"mb-20\">Maintenance vu Gebaier<\/h2>\n                <p>Keen oder schlechten Entretien vu F\u00ebnsteren an Diere kann en negativen Impakt op d&#8217;akustesch an d&#8217;thermesch Isolatioun vun engem Gebai hunn &#8211; mat d\u00ebsen Auswierkungen:<\/p>\n<ul>\n<li>m\u00e9i h\u00e9ich Heizungsk\u00e4schten,<\/li>\n<li>m\u00e9i h\u00e9ich K\u00e4schte fir d&#8217;Klimatisatioun,<\/li>\n<li>manner gutt Akustik vu baussen zum Nodeel vun de Bewunner bannen.<\/li>\n<\/ul>\n<p>Mat eiser Entretiensoffer gitt Dir d\u00ebse Probleemer aus dem Wee. Nieft dem richtegen Astelle vu F\u00ebnsteren an Dieren, dat fir en impeccabelt Funktion\u00e9iere vun de Produkter essenziell ass, beinhalt eise Joresentretien och d&#8217;Noschmiere vun de mechanesche St\u00e9cker, fir hir Liewensdauer ze verl\u00e4ngeren.<\/p>\n<p>Bleift entspaant mat eisem Entretiensvertrag fir \u00c4r F\u00ebnsteren, Schibedieren an Hausdieren.<\/p>\n                                                            <a href=\"https:\/\/metalica.lu\/lb\/kontakt\/\"  class=\"gray_btn_fill width-md-100\">Devis ufroen<span class=\"primary_color pl-10\"><i class=\"fa-solid fa-arrow-right\"><\/i><\/span><\/a>\n                                                <\/div>\n            <div class=\"list_with_discription_tab_main\">\n                <div class=\"list_with_discription_tab_image\">\n                    <img decoding=\"async\" src=\"https:\/\/metalica.lu\/wp-content\/uploads\/2023\/06\/services-3.png\" alt=\"\">\n                <\/div>\n            <\/div>\n        <\/div>\n    <\/div>\n<\/section>\n\n<style>\n                    #block_54d159e191c5881f32493b87649711ae{\n                            }\n            #block_54d159e191c5881f32493b87649711ae.list_with_discription.list_discription_maintenance::before{\n                background-image: url(https:\/\/metalica.lu\/wp-content\/uploads\/2023\/06\/services-3.png);\n            }\n    <\/style>\n\n  \n<section class=\"choose_metalica\" id=\"block_6cf4b811d559bad26466ce464c18527b\">\n<div class=\"container\">\n    <h2 class=\"mb-20\">Eng speziell Ufro?<\/h2>\n    <p class=\"large mb-24 \">Hutt Dir e speziellt Uleies mat \u00c4rer Hausdier, F\u00ebnster, Schibedier, Storen oder Rolllueden?<\/p>\n    <div class=\"choose_metalica_inner\">\n            \n                            <a href=\"https:\/\/metalica.lu\/lb\/kontakt\/\"  class=\"gray_btn_fill width-md-100  \">Devis ufroen <span class=\"pl-10\"><i class=\"fa-solid fa-arrow-right primary_color\"><\/i><\/span><\/a>\n            \n            \n               \n    <\/div>\n<\/div>\n<\/section>\n    \n    \n<style>\n    #block_6cf4b811d559bad26466ce464c18527b {\n                background: #FBBA00; \n        }\n<\/style>","protected":false},"excerpt":{"rendered":"","protected":false},"author":14,"featured_media":0,"parent":0,"menu_order":0,"comment_status":"closed","ping_status":"closed","template":"","meta":{"_acf_changed":false,"footnotes":""},"class_list":["post-8680","page","type-page","status-publish","hentry"],"acf":[],"yoast_head":"<!-- This site is optimized with the Yoast SEO Premium plugin v27.2 (Yoast SEO v27.5) - https:\/\/yoast.com\/product\/yoast-seo-premium-wordpress\/ -->\n<title>SAV - Metalica<\/title>\n<meta name=\"description\" content=\"Depannage, Maintenance, Entretien, F\u00ebnster, Store, Hausdieren, Rolllueden\" \/>\n<meta name=\"robots\" content=\"index, follow, max-snippet:-1, max-image-preview:large, max-video-preview:-1\" \/>\n<link rel=\"canonical\" href=\"https:\/\/metalica.lu\/lb\/sav\/\" \/>\n<meta property=\"og:locale\" content=\"en_US\" \/>\n<meta property=\"og:type\" content=\"article\" \/>\n<meta property=\"og:title\" content=\"SAV\" \/>\n<meta property=\"og:description\" content=\"Depannage, Maintenance, Entretien, F\u00ebnster, Store, Hausdieren, Rolllueden\" \/>\n<meta property=\"og:url\" content=\"https:\/\/metalica.lu\/lb\/sav\/\" \/>\n<meta property=\"og:site_name\" content=\"Metalica\" \/>\n<meta property=\"article:publisher\" content=\"https:\/\/www.facebook.com\/metalicahome\/\" \/>\n<meta property=\"article:modified_time\" content=\"2026-03-12T13:03:20+00:00\" \/>\n<meta name=\"twitter:card\" content=\"summary_large_image\" \/>\n<meta name=\"twitter:label1\" content=\"Est. reading time\" \/>\n\t<meta name=\"twitter:data1\" content=\"2 minutes\" \/>\n<script type=\"application\/ld+json\" class=\"yoast-schema-graph\">{\"@context\":\"https:\\\/\\\/schema.org\",\"@graph\":[{\"@type\":\"WebPage\",\"@id\":\"https:\\\/\\\/metalica.lu\\\/lb\\\/sav\\\/\",\"url\":\"https:\\\/\\\/metalica.lu\\\/lb\\\/sav\\\/\",\"name\":\"SAV - Metalica\",\"isPartOf\":{\"@id\":\"https:\\\/\\\/metalica.lu\\\/lb\\\/#website\"},\"datePublished\":\"2023-06-23T05:55:07+00:00\",\"dateModified\":\"2026-03-12T13:03:20+00:00\",\"description\":\"Depannage, Maintenance, Entretien, F\u00ebnster, Store, Hausdieren, Rolllueden\",\"breadcrumb\":{\"@id\":\"https:\\\/\\\/metalica.lu\\\/lb\\\/sav\\\/#breadcrumb\"},\"inLanguage\":\"lb-LU\",\"potentialAction\":[{\"@type\":\"ReadAction\",\"target\":[\"https:\\\/\\\/metalica.lu\\\/lb\\\/sav\\\/\"]}]},{\"@type\":\"BreadcrumbList\",\"@id\":\"https:\\\/\\\/metalica.lu\\\/lb\\\/sav\\\/#breadcrumb\",\"itemListElement\":[{\"@type\":\"ListItem\",\"position\":1,\"name\":\"Accueil\",\"item\":\"https:\\\/\\\/metalica.lu\\\/lb\\\/\"},{\"@type\":\"ListItem\",\"position\":2,\"name\":\"SAV\"}]},{\"@type\":\"WebSite\",\"@id\":\"https:\\\/\\\/metalica.lu\\\/lb\\\/#website\",\"url\":\"https:\\\/\\\/metalica.lu\\\/lb\\\/\",\"name\":\"Metalica\",\"description\":\"\",\"publisher\":{\"@id\":\"https:\\\/\\\/metalica.lu\\\/lb\\\/#organization\"},\"potentialAction\":[{\"@type\":\"SearchAction\",\"target\":{\"@type\":\"EntryPoint\",\"urlTemplate\":\"https:\\\/\\\/metalica.lu\\\/lb\\\/?s={search_term_string}\"},\"query-input\":{\"@type\":\"PropertyValueSpecification\",\"valueRequired\":true,\"valueName\":\"search_term_string\"}}],\"inLanguage\":\"lb-LU\"},{\"@type\":\"Organization\",\"@id\":\"https:\\\/\\\/metalica.lu\\\/lb\\\/#organization\",\"name\":\"Metalica\",\"url\":\"https:\\\/\\\/metalica.lu\\\/lb\\\/\",\"logo\":{\"@type\":\"ImageObject\",\"inLanguage\":\"lb-LU\",\"@id\":\"https:\\\/\\\/metalica.lu\\\/lb\\\/#\\\/schema\\\/logo\\\/image\\\/\",\"url\":\"https:\\\/\\\/metalica.lu\\\/wp-content\\\/uploads\\\/2024\\\/05\\\/site-logo.png\",\"contentUrl\":\"https:\\\/\\\/metalica.lu\\\/wp-content\\\/uploads\\\/2024\\\/05\\\/site-logo.png\",\"width\":238,\"height\":62,\"caption\":\"Metalica\"},\"image\":{\"@id\":\"https:\\\/\\\/metalica.lu\\\/lb\\\/#\\\/schema\\\/logo\\\/image\\\/\"},\"sameAs\":[\"https:\\\/\\\/www.facebook.com\\\/metalicahome\\\/\"]}]}<\/script>\n<!-- \/ Yoast SEO Premium plugin. -->","yoast_head_json":{"title":"SAV - Metalica","description":"Depannage, Maintenance, Entretien, F\u00ebnster, Store, Hausdieren, Rolllueden","robots":{"index":"index","follow":"follow","max-snippet":"max-snippet:-1","max-image-preview":"max-image-preview:large","max-video-preview":"max-video-preview:-1"},"canonical":"https:\/\/metalica.lu\/lb\/sav\/","og_locale":"en_US","og_type":"article","og_title":"SAV","og_description":"Depannage, Maintenance, Entretien, F\u00ebnster, Store, Hausdieren, Rolllueden","og_url":"https:\/\/metalica.lu\/lb\/sav\/","og_site_name":"Metalica","article_publisher":"https:\/\/www.facebook.com\/metalicahome\/","article_modified_time":"2026-03-12T13:03:20+00:00","twitter_card":"summary_large_image","twitter_misc":{"Est. reading time":"2 minutes"},"schema":{"@context":"https:\/\/schema.org","@graph":[{"@type":"WebPage","@id":"https:\/\/metalica.lu\/lb\/sav\/","url":"https:\/\/metalica.lu\/lb\/sav\/","name":"SAV - Metalica","isPartOf":{"@id":"https:\/\/metalica.lu\/lb\/#website"},"datePublished":"2023-06-23T05:55:07+00:00","dateModified":"2026-03-12T13:03:20+00:00","description":"Depannage, Maintenance, Entretien, F\u00ebnster, Store, Hausdieren, Rolllueden","breadcrumb":{"@id":"https:\/\/metalica.lu\/lb\/sav\/#breadcrumb"},"inLanguage":"lb-LU","potentialAction":[{"@type":"ReadAction","target":["https:\/\/metalica.lu\/lb\/sav\/"]}]},{"@type":"BreadcrumbList","@id":"https:\/\/metalica.lu\/lb\/sav\/#breadcrumb","itemListElement":[{"@type":"ListItem","position":1,"name":"Accueil","item":"https:\/\/metalica.lu\/lb\/"},{"@type":"ListItem","position":2,"name":"SAV"}]},{"@type":"WebSite","@id":"https:\/\/metalica.lu\/lb\/#website","url":"https:\/\/metalica.lu\/lb\/","name":"Metalica","description":"","publisher":{"@id":"https:\/\/metalica.lu\/lb\/#organization"},"potentialAction":[{"@type":"SearchAction","target":{"@type":"EntryPoint","urlTemplate":"https:\/\/metalica.lu\/lb\/?s={search_term_string}"},"query-input":{"@type":"PropertyValueSpecification","valueRequired":true,"valueName":"search_term_string"}}],"inLanguage":"lb-LU"},{"@type":"Organization","@id":"https:\/\/metalica.lu\/lb\/#organization","name":"Metalica","url":"https:\/\/metalica.lu\/lb\/","logo":{"@type":"ImageObject","inLanguage":"lb-LU","@id":"https:\/\/metalica.lu\/lb\/#\/schema\/logo\/image\/","url":"https:\/\/metalica.lu\/wp-content\/uploads\/2024\/05\/site-logo.png","contentUrl":"https:\/\/metalica.lu\/wp-content\/uploads\/2024\/05\/site-logo.png","width":238,"height":62,"caption":"Metalica"},"image":{"@id":"https:\/\/metalica.lu\/lb\/#\/schema\/logo\/image\/"},"sameAs":["https:\/\/www.facebook.com\/metalicahome\/"]}]}},"_links":{"self":[{"href":"https:\/\/metalica.lu\/lb\/wp-json\/wp\/v2\/pages\/8680","targetHints":{"allow":["GET"]}}],"collection":[{"href":"https:\/\/metalica.lu\/lb\/wp-json\/wp\/v2\/pages"}],"about":[{"href":"https:\/\/metalica.lu\/lb\/wp-json\/wp\/v2\/types\/page"}],"author":[{"embeddable":true,"href":"https:\/\/metalica.lu\/lb\/wp-json\/wp\/v2\/users\/14"}],"replies":[{"embeddable":true,"href":"https:\/\/metalica.lu\/lb\/wp-json\/wp\/v2\/comments?post=8680"}],"version-history":[{"count":4,"href":"https:\/\/metalica.lu\/lb\/wp-json\/wp\/v2\/pages\/8680\/revisions"}],"predecessor-version":[{"id":8819,"href":"https:\/\/metalica.lu\/lb\/wp-json\/wp\/v2\/pages\/8680\/revisions\/8819"}],"wp:attachment":[{"href":"https:\/\/metalica.lu\/lb\/wp-json\/wp\/v2\/media?parent=8680"}],"curies":[{"name":"wp","href":"https:\/\/api.w.org\/{rel}","templated":true}]}}