{"id":8575,"date":"2023-06-23T14:10:14","date_gmt":"2023-06-23T12:10:14","guid":{"rendered":"https:\/\/metalica.lu\/kontakt\/"},"modified":"2026-03-11T13:03:25","modified_gmt":"2026-03-11T12:03:25","slug":"kontakt","status":"publish","type":"page","link":"https:\/\/metalica.lu\/lb\/kontakt\/","title":{"rendered":"Kontakt"},"content":{"rendered":"\n<section class=\"contact_detail\" id=\"block_79fe13fd161cf85c16fa7b26eda33bf1\" >\n    <div class=\"container\">\n        <div class=\"conatct_detail_wrapper\">\n            <div class=\"contact_left\">\n                <h2 class=\"mb-8\">Eis kontakt\u00e9ieren<\/h2>\n                                                            <div class=\"showroom_address\">\n                            <div class=\"address_box mb-20\">\n                                <h4 class=\"mb-8\">Showroom<\/h4>\n                                <p>181 rue de Luxembourg<br \/>\nL-4222 Esch\/Alzette<\/p>\n<p>\u00cbffnungsz\u00e4ite vum Showroom:<\/p>\n<p>Vu M\u00e9indeg bis Freideg : 09h00 \u2013 18h00<br \/>\nSamschdeg : 09h00 \u2013 13h00<\/p>\n<div id=\"gtx-trans\" style=\"position: absolute; left: -10px; top: 94px;\">\n<div class=\"gtx-trans-icon\"><\/div>\n<\/div>\n                                <ul class=\"list-style-none\">\n                                                                                                        <\/ul>\n                            <\/div>\n                                                            <div class=\"address_map mb-20\">\n                                    <iframe src=\"https:\/\/www.google.com\/maps\/embed?pb=!1m14!1m8!1m3!1d3559.7304191138687!2d5.985023057410151!3d49.505914141156275!3m2!1i1024!2i768!4f13.1!3m3!1m2!1s0x4795354121dbc0af%3A0x2688735887283e88!2sMetalica%20Home%20-Showroom!5e0!3m2!1sen!2sin!4v1689151386916!5m2!1sen!2sin\" width=\"600\" height=\"450\" style=\"border:0;\" allowfullscreen=\"\" loading=\"lazy\" referrerpolicy=\"no-referrer-when-downgrade\"><\/iframe>                                <\/div>\n                                                    <\/div>\n                                            <div class=\"showroom_address\">\n                            <div class=\"address_box mb-20\">\n                                <h4 class=\"mb-8\">Gestioun \/ Fabrikatioun<\/h4>\n                                <p>20, rue Portland<br \/>\nL-4281 Esch\/Alzette<\/p>\n                                <ul class=\"list-style-none\">\n                                                                            <li class=\"small mb-8\">\n                                                                                            <span><i class=\"fa-solid fa-phone\"><\/i> <span class=\"pl-10\"><a href=\"tel:+352 55 21 56\" class=\"contact-link\">+352 55 21 56<\/a><\/span> <\/span>\n                                                                                                                                <\/li>\n                                                                                                                <li class=\"small mb-8\">\n                                            <span><i class=\"fa-solid fa-envelope\"><\/i><\/span> <span class=\"pl-10\"><a href=\"mailto:info@metalica.lu\" class=\"contact-link\">info@metalica.lu<\/a><\/span>\n                                        <\/li>\n                                                                    <\/ul>\n                            <\/div>\n                                                            <div class=\"address_map mb-20\">\n                                    <iframe src=\"https:\/\/www.google.com\/maps\/embed?pb=!1m18!1m12!1m3!1d1540.304992934983!2d5.991130376822896!3d49.51332844209344!2m3!1f0!2f0!3f0!3m2!1i1024!2i768!4f13.1!3m3!1m2!1s0x4795350d084ed0f7%3A0x7fdc73774216812a!2sMetalica%20SA!5e0!3m2!1sen!2sin!4v1689070825995!5m2!1sen!2sin\" width=\"600\" height=\"450\" style=\"border:0;\" allowfullscreen=\"\" loading=\"lazy\" referrerpolicy=\"no-referrer-when-downgrade\"><\/iframe>                                <\/div>\n                                                    <\/div>\n                                                <\/div>\n            <div class=\"contact_right\">\n                <h3 class=\"mb-20\">Kontakt\u00e9iert eis fir m\u00e9i Informatiounen<\/h3>\n\n<div class=\"wpcf7 no-js\" id=\"wpcf7-f8579-o1\" lang=\"lb-LU\" dir=\"ltr\" data-wpcf7-id=\"8579\">\n<div class=\"screen-reader-response\"><p role=\"status\" aria-live=\"polite\" aria-atomic=\"true\"><\/p> <ul><\/ul><\/div>\n<form action=\"\/lb\/wp-json\/wp\/v2\/pages\/8575#wpcf7-f8579-o1\" method=\"post\" class=\"wpcf7-form init\" aria-label=\"Contact form\" novalidate=\"novalidate\" data-status=\"init\">\n<fieldset class=\"hidden-fields-container\"><input type=\"hidden\" name=\"_wpcf7\" value=\"8579\" \/><input type=\"hidden\" name=\"_wpcf7_version\" value=\"6.1.5\" \/><input type=\"hidden\" name=\"_wpcf7_locale\" value=\"lb_LU\" \/><input type=\"hidden\" name=\"_wpcf7_unit_tag\" value=\"wpcf7-f8579-o1\" \/><input type=\"hidden\" name=\"_wpcf7_container_post\" value=\"0\" \/><input type=\"hidden\" name=\"_wpcf7_posted_data_hash\" value=\"\" \/>\n<\/fieldset>\n<div class=\"form_row\">\n\t<div class=\"form_col_50\">\n\t\t<p><span class=\"wpcf7-form-control-wrap\" data-name=\"first-name\"><input size=\"40\" maxlength=\"400\" class=\"wpcf7-form-control wpcf7-text wpcf7-validates-as-required form_control\" aria-required=\"true\" aria-invalid=\"false\" placeholder=\"Numm\" value=\"\" type=\"text\" name=\"first-name\" \/><\/span>\n\t\t<\/p>\n\t<\/div>\n\t<div class=\"form_col_50\">\n\t\t<p><span class=\"wpcf7-form-control-wrap\" data-name=\"last-name\"><input size=\"40\" maxlength=\"400\" class=\"wpcf7-form-control wpcf7-text wpcf7-validates-as-required form_control\" aria-required=\"true\" aria-invalid=\"false\" placeholder=\"Virnumm\" value=\"\" type=\"text\" name=\"last-name\" \/><\/span>\n\t\t<\/p>\n\t<\/div>\n<\/div>\n<div class=\"form_row\">\n\t<div class=\"form_col_50\">\n\t\t<p><span class=\"wpcf7-form-control-wrap\" data-name=\"email\"><input size=\"40\" maxlength=\"400\" class=\"wpcf7-form-control wpcf7-email wpcf7-validates-as-required wpcf7-text wpcf7-validates-as-email form_control\" aria-required=\"true\" aria-invalid=\"false\" placeholder=\"Email\" value=\"\" type=\"email\" name=\"email\" \/><\/span>\n\t\t<\/p>\n\t<\/div>\n\t<div class=\"form_col_50\">\n\t\t<p><span class=\"wpcf7-form-control-wrap\" data-name=\"tel-number\"><input size=\"40\" maxlength=\"400\" class=\"wpcf7-form-control wpcf7-tel wpcf7-validates-as-required wpcf7-text wpcf7-validates-as-tel form_control\" aria-required=\"true\" aria-invalid=\"false\" placeholder=\"Telefon\" value=\"\" type=\"tel\" name=\"tel-number\" \/><\/span>\n\t\t<\/p>\n\t<\/div>\n<\/div>\n<div class=\"form_row\">\n\t<div class=\"form_col_50 form_col_lg_100\">\n\t\t<p><span class=\"wpcf7-form-control-wrap\" data-name=\"street\"><input size=\"40\" maxlength=\"400\" class=\"wpcf7-form-control wpcf7-text wpcf7-validates-as-required form_control\" aria-required=\"true\" aria-invalid=\"false\" placeholder=\"Strooss\" value=\"\" type=\"text\" name=\"street\" \/><\/span>\n\t\t<\/p>\n\t<\/div>\n\t<div class=\"form_col_25 form_col_lg_50\">\n\t\t<p><span class=\"wpcf7-form-control-wrap\" data-name=\"cp\"><input size=\"40\" maxlength=\"400\" class=\"wpcf7-form-control wpcf7-text wpcf7-validates-as-required form_control\" aria-required=\"true\" aria-invalid=\"false\" placeholder=\"Postleitzuel\" value=\"\" type=\"text\" name=\"cp\" \/><\/span>\n\t\t<\/p>\n\t<\/div>\n\t<div class=\"form_col_25 form_col_lg_50\">\n\t\t<p><span class=\"wpcf7-form-control-wrap\" data-name=\"locality\"><input size=\"40\" maxlength=\"400\" class=\"wpcf7-form-control wpcf7-text wpcf7-validates-as-required form_control\" aria-required=\"true\" aria-invalid=\"false\" placeholder=\"Uertschaft\" value=\"\" type=\"text\" name=\"locality\" \/><\/span>\n\t\t<\/p>\n\t<\/div>\n<\/div>\n<div class=\"form_row\">\n\t<div class=\"form_col_100\">\n\t\t<p><span class=\"wpcf7-form-control-wrap\" data-name=\"subject\"><select class=\"wpcf7-form-control wpcf7-select wpcf7-validates-as-required select_option_list contact-select-option\" aria-required=\"true\" aria-invalid=\"false\" name=\"subject\"><option value=\"\">\u00c4r Demande geet \u00ebm \u2026<\/option><option value=\"Devis\">Devis<\/option><option value=\"Depannage\">Depannage<\/option><option value=\"Entretien\">Entretien<\/option><option value=\"Aner Ufro\">Aner Ufro<\/option><\/select><\/span>\n\t\t<\/p>\n\t<\/div>\n<\/div>\n<div id=\"role-field\" style=\"display:none;\">\n\t<div class=\"form_row\">\n\t\t<div class=\"form_col_100\">\n\t\t\t<p><span class=\"wpcf7-form-control-wrap\" data-name=\"role\"><select class=\"wpcf7-form-control wpcf7-select wpcf7-validates-as-required select_option_list contact-select-option\" aria-required=\"true\" aria-invalid=\"false\" name=\"role\"><option value=\"Dir sidd ...\">Dir sidd &#8230;<\/option><option value=\"Propriet\u00e4r\">Propriet\u00e4r<\/option><option value=\"Locataire\">Locataire<\/option><\/select><\/span>\n\t\t\t<\/p>\n\t\t<\/div>\n\t<\/div>\n<\/div>\n<div class=\"form_row\">\n\t<div class=\"form_col_100\">\n\t\t<p><span class=\"wpcf7-form-control-wrap\" data-name=\"mesage\"><textarea cols=\"40\" rows=\"10\" maxlength=\"2000\" class=\"wpcf7-form-control wpcf7-textarea wpcf7-validates-as-required form_control\" aria-required=\"true\" aria-invalid=\"false\" placeholder=\"\u00c4r Noriicht\" name=\"mesage\"><\/textarea><\/span>\n\t\t<\/p>\n\t<\/div>\n<\/div>\n<div class=\"form_check mb-20\">\n\t<p><span class=\"wpcf7-form-control-wrap\" data-name=\"acceptance-628\"><span class=\"wpcf7-form-control wpcf7-acceptance\"><span class=\"wpcf7-list-item\"><label><input type=\"checkbox\" name=\"acceptance-628\" value=\"1\" class=\"form_checkbox\" aria-invalid=\"false\" \/><span class=\"wpcf7-list-item-label\">Ech st\u00ebmmen zou, datt meng Donn\u00e9e\u00ebn am Kader vu menger Ufro weidergeleet d\u00e4erfe ginn.<\/span><\/label><\/span><\/span><\/span>\n\t<\/p>\n<\/div>\n<p><button type=\"submit\" class=\"wpcf7-submit gray_btn_fill width-100\">Meng Kandidatur ofsch\u00e9cken<span class=\"pl-10\"><i class=\"fa-solid fa-arrow-right primary_color\"><\/i><\/span><\/button><br \/>\n<span class=\"wpcf7-spinner\"><\/span>\n<\/p>\n<p><script>\n\/\/ Wait for the DOM to be ready\ndocument.addEventListener(\"DOMContentLoaded\", function() {\n \/\/ Get a reference to the select element\n var selectElement = document.querySelector('[name= \"subject\"]');\n \/\/ Get a reference to the role-field element\n var roleField = document.getElementById('role-field');\n\n \/\/ Listen for changes in the select element\n selectElement.addEventListener(\"change\", function() {\n \/\/ Check if the selected value is \"Depannage\"\n if (selectElement.value.substring(2) === \"pannage\") {\n \/\/ If \"D\u00e9pannage\" is selected, set the display to \"block\"\n roleField.style.display = \"block\";\n } else {\n \/\/ If any other option is selected, set the display to \"none\"\n roleField.style.display = \"none\";\n }\n });\n});\n<\/script>\n<\/p><input type='hidden' class='wpcf7-pum' value='{\"closepopup\":false,\"closedelay\":0,\"openpopup\":false,\"openpopup_id\":0}' \/><div class=\"wpcf7-response-output\" aria-hidden=\"true\"><\/div>\n<\/form>\n<\/div>\n\n<div id=\"gtx-trans\" style=\"position: absolute; left: -151px; top: -6.28125px;\">\n<div class=\"gtx-trans-icon\"><\/div>\n<\/div>\n            <\/div>\n        <\/div>\n    <\/div>\n<\/section>","protected":false},"excerpt":{"rendered":"","protected":false},"author":14,"featured_media":0,"parent":0,"menu_order":0,"comment_status":"closed","ping_status":"closed","template":"","meta":{"_acf_changed":false,"footnotes":""},"class_list":["post-8575","page","type-page","status-publish","hentry"],"acf":[],"yoast_head":"<!-- This site is optimized with the Yoast SEO Premium plugin v27.2 (Yoast SEO v27.5) - https:\/\/yoast.com\/product\/yoast-seo-premium-wordpress\/ -->\n<title>Kontakt - Metalica<\/title>\n<meta name=\"description\" content=\"Informatiounen Dieren F\u00ebnsteren Pergola Storen Depannage\" \/>\n<meta name=\"robots\" content=\"index, follow, max-snippet:-1, max-image-preview:large, max-video-preview:-1\" \/>\n<link rel=\"canonical\" href=\"https:\/\/metalica.lu\/lb\/kontakt\/\" \/>\n<meta property=\"og:locale\" content=\"en_US\" \/>\n<meta property=\"og:type\" content=\"article\" \/>\n<meta property=\"og:title\" content=\"Kontakt\" \/>\n<meta property=\"og:description\" content=\"Informatiounen Dieren F\u00ebnsteren Pergola Storen Depannage\" \/>\n<meta property=\"og:url\" content=\"https:\/\/metalica.lu\/lb\/kontakt\/\" \/>\n<meta property=\"og:site_name\" content=\"Metalica\" \/>\n<meta property=\"article:publisher\" content=\"https:\/\/www.facebook.com\/metalicahome\/\" \/>\n<meta property=\"article:modified_time\" content=\"2026-03-11T12:03:25+00:00\" \/>\n<meta name=\"twitter:card\" content=\"summary_large_image\" \/>\n<meta name=\"twitter:label1\" content=\"Est. reading time\" \/>\n\t<meta name=\"twitter:data1\" content=\"1 minute\" \/>\n<script type=\"application\/ld+json\" class=\"yoast-schema-graph\">{\"@context\":\"https:\\\/\\\/schema.org\",\"@graph\":[{\"@type\":\"WebPage\",\"@id\":\"https:\\\/\\\/metalica.lu\\\/lb\\\/kontakt\\\/\",\"url\":\"https:\\\/\\\/metalica.lu\\\/lb\\\/kontakt\\\/\",\"name\":\"Kontakt - Metalica\",\"isPartOf\":{\"@id\":\"https:\\\/\\\/metalica.lu\\\/lb\\\/#website\"},\"datePublished\":\"2023-06-23T12:10:14+00:00\",\"dateModified\":\"2026-03-11T12:03:25+00:00\",\"description\":\"Informatiounen Dieren F\u00ebnsteren Pergola Storen Depannage\",\"breadcrumb\":{\"@id\":\"https:\\\/\\\/metalica.lu\\\/lb\\\/kontakt\\\/#breadcrumb\"},\"inLanguage\":\"lb-LU\",\"potentialAction\":[{\"@type\":\"ReadAction\",\"target\":[\"https:\\\/\\\/metalica.lu\\\/lb\\\/kontakt\\\/\"]}]},{\"@type\":\"BreadcrumbList\",\"@id\":\"https:\\\/\\\/metalica.lu\\\/lb\\\/kontakt\\\/#breadcrumb\",\"itemListElement\":[{\"@type\":\"ListItem\",\"position\":1,\"name\":\"Accueil\",\"item\":\"https:\\\/\\\/metalica.lu\\\/lb\\\/\"},{\"@type\":\"ListItem\",\"position\":2,\"name\":\"Kontakt\"}]},{\"@type\":\"WebSite\",\"@id\":\"https:\\\/\\\/metalica.lu\\\/lb\\\/#website\",\"url\":\"https:\\\/\\\/metalica.lu\\\/lb\\\/\",\"name\":\"Metalica\",\"description\":\"\",\"publisher\":{\"@id\":\"https:\\\/\\\/metalica.lu\\\/lb\\\/#organization\"},\"potentialAction\":[{\"@type\":\"SearchAction\",\"target\":{\"@type\":\"EntryPoint\",\"urlTemplate\":\"https:\\\/\\\/metalica.lu\\\/lb\\\/?s={search_term_string}\"},\"query-input\":{\"@type\":\"PropertyValueSpecification\",\"valueRequired\":true,\"valueName\":\"search_term_string\"}}],\"inLanguage\":\"lb-LU\"},{\"@type\":\"Organization\",\"@id\":\"https:\\\/\\\/metalica.lu\\\/lb\\\/#organization\",\"name\":\"Metalica\",\"url\":\"https:\\\/\\\/metalica.lu\\\/lb\\\/\",\"logo\":{\"@type\":\"ImageObject\",\"inLanguage\":\"lb-LU\",\"@id\":\"https:\\\/\\\/metalica.lu\\\/lb\\\/#\\\/schema\\\/logo\\\/image\\\/\",\"url\":\"https:\\\/\\\/metalica.lu\\\/wp-content\\\/uploads\\\/2024\\\/05\\\/site-logo.png\",\"contentUrl\":\"https:\\\/\\\/metalica.lu\\\/wp-content\\\/uploads\\\/2024\\\/05\\\/site-logo.png\",\"width\":238,\"height\":62,\"caption\":\"Metalica\"},\"image\":{\"@id\":\"https:\\\/\\\/metalica.lu\\\/lb\\\/#\\\/schema\\\/logo\\\/image\\\/\"},\"sameAs\":[\"https:\\\/\\\/www.facebook.com\\\/metalicahome\\\/\"]}]}<\/script>\n<!-- \/ Yoast SEO Premium plugin. -->","yoast_head_json":{"title":"Kontakt - Metalica","description":"Informatiounen Dieren F\u00ebnsteren Pergola Storen Depannage","robots":{"index":"index","follow":"follow","max-snippet":"max-snippet:-1","max-image-preview":"max-image-preview:large","max-video-preview":"max-video-preview:-1"},"canonical":"https:\/\/metalica.lu\/lb\/kontakt\/","og_locale":"en_US","og_type":"article","og_title":"Kontakt","og_description":"Informatiounen Dieren F\u00ebnsteren Pergola Storen Depannage","og_url":"https:\/\/metalica.lu\/lb\/kontakt\/","og_site_name":"Metalica","article_publisher":"https:\/\/www.facebook.com\/metalicahome\/","article_modified_time":"2026-03-11T12:03:25+00:00","twitter_card":"summary_large_image","twitter_misc":{"Est. reading time":"1 minute"},"schema":{"@context":"https:\/\/schema.org","@graph":[{"@type":"WebPage","@id":"https:\/\/metalica.lu\/lb\/kontakt\/","url":"https:\/\/metalica.lu\/lb\/kontakt\/","name":"Kontakt - Metalica","isPartOf":{"@id":"https:\/\/metalica.lu\/lb\/#website"},"datePublished":"2023-06-23T12:10:14+00:00","dateModified":"2026-03-11T12:03:25+00:00","description":"Informatiounen Dieren F\u00ebnsteren Pergola Storen Depannage","breadcrumb":{"@id":"https:\/\/metalica.lu\/lb\/kontakt\/#breadcrumb"},"inLanguage":"lb-LU","potentialAction":[{"@type":"ReadAction","target":["https:\/\/metalica.lu\/lb\/kontakt\/"]}]},{"@type":"BreadcrumbList","@id":"https:\/\/metalica.lu\/lb\/kontakt\/#breadcrumb","itemListElement":[{"@type":"ListItem","position":1,"name":"Accueil","item":"https:\/\/metalica.lu\/lb\/"},{"@type":"ListItem","position":2,"name":"Kontakt"}]},{"@type":"WebSite","@id":"https:\/\/metalica.lu\/lb\/#website","url":"https:\/\/metalica.lu\/lb\/","name":"Metalica","description":"","publisher":{"@id":"https:\/\/metalica.lu\/lb\/#organization"},"potentialAction":[{"@type":"SearchAction","target":{"@type":"EntryPoint","urlTemplate":"https:\/\/metalica.lu\/lb\/?s={search_term_string}"},"query-input":{"@type":"PropertyValueSpecification","valueRequired":true,"valueName":"search_term_string"}}],"inLanguage":"lb-LU"},{"@type":"Organization","@id":"https:\/\/metalica.lu\/lb\/#organization","name":"Metalica","url":"https:\/\/metalica.lu\/lb\/","logo":{"@type":"ImageObject","inLanguage":"lb-LU","@id":"https:\/\/metalica.lu\/lb\/#\/schema\/logo\/image\/","url":"https:\/\/metalica.lu\/wp-content\/uploads\/2024\/05\/site-logo.png","contentUrl":"https:\/\/metalica.lu\/wp-content\/uploads\/2024\/05\/site-logo.png","width":238,"height":62,"caption":"Metalica"},"image":{"@id":"https:\/\/metalica.lu\/lb\/#\/schema\/logo\/image\/"},"sameAs":["https:\/\/www.facebook.com\/metalicahome\/"]}]}},"_links":{"self":[{"href":"https:\/\/metalica.lu\/lb\/wp-json\/wp\/v2\/pages\/8575","targetHints":{"allow":["GET"]}}],"collection":[{"href":"https:\/\/metalica.lu\/lb\/wp-json\/wp\/v2\/pages"}],"about":[{"href":"https:\/\/metalica.lu\/lb\/wp-json\/wp\/v2\/types\/page"}],"author":[{"embeddable":true,"href":"https:\/\/metalica.lu\/lb\/wp-json\/wp\/v2\/users\/14"}],"replies":[{"embeddable":true,"href":"https:\/\/metalica.lu\/lb\/wp-json\/wp\/v2\/comments?post=8575"}],"version-history":[{"count":2,"href":"https:\/\/metalica.lu\/lb\/wp-json\/wp\/v2\/pages\/8575\/revisions"}],"predecessor-version":[{"id":8578,"href":"https:\/\/metalica.lu\/lb\/wp-json\/wp\/v2\/pages\/8575\/revisions\/8578"}],"wp:attachment":[{"href":"https:\/\/metalica.lu\/lb\/wp-json\/wp\/v2\/media?parent=8575"}],"curies":[{"name":"wp","href":"https:\/\/api.w.org\/{rel}","templated":true}]}}