{"id":8558,"date":"2023-07-18T06:49:02","date_gmt":"2023-07-18T04:49:02","guid":{"rendered":"https:\/\/metalica.lu\/porte-d-entree-luxembourg\/"},"modified":"2026-03-17T09:29:20","modified_gmt":"2026-03-17T08:29:20","slug":"hausdieren-luxembourg","status":"publish","type":"page","link":"https:\/\/metalica.lu\/lb\/hausdieren-luxembourg\/","title":{"rendered":"Hausdieren"},"content":{"rendered":"<section class=\"hero_banner product_main\" id=\"block_0a0bcd49e7d717f2bc8fbf995d3267d9\">\n        <div class=\"container\">\n            <div class=\"hero_banner_content\">\n                <h1 class=\"white_color mb-24\">\u00c4r<span class=\"primary_color\"> Hausdier op d&#8217;Mooss <\/span> mat Metalica<\/h1>\n                <p class=\"font-18 white_color mb-24\">D&#8217;Hausdier vun \u00c4rem Doheem soll Iech engers\u00e4its sch\u00fctzen, anerers\u00e4its ass si en Aush\u00e4ngesch\u00ebld. Metalica h\u00eblleft Iech bei der Auswiel an Installatioun vun \u00c4rer Hausdier op d&#8217;Mooss zu L\u00ebtzebuerg &#8211; fir e s\u00e9chert Doheem.<\/p>\n<!--                 <a href=\"https:\/\/metalica.lu\/lb\/kontakt\/\" class=\"primary_btn_fill\">Frot e gratis Devis <span><i class=\"fa-solid fa-arrow-right\"><\/i><\/span><\/a> -->\n\t\t\t\t            <a href=\"https:\/\/metalica.lu\/lb\/kontakt\/\" class=\"primary_btn_fill\">Frot e gratis Devis <span><i class=\"fa-solid fa-arrow-right\"><\/i><\/span><\/a>            <\/div>\n        <\/div>\n<\/section>\n<style>\n #block_0a0bcd49e7d717f2bc8fbf995d3267d9.product_main{\n    background-image:linear-gradient(0deg, rgba(0, 0, 0, 0.4), rgba(0, 0, 0, 0.4)),url(\"https:\/\/metalica.lu\/wp-content\/uploads\/2023\/10\/bg_image_metalica_07.jpg\");\n    height: 100%;\n    padding: 145px 0;\n}\n@media (max-width:767px) {\n    #block_0a0bcd49e7d717f2bc8fbf995d3267d9.product_main{\n        padding: 70px 0;\n    }\n}\n<\/style>\n\n  \n     <section class=\"fullbody_content\" id=\"block_35b118b25bd1e26889ff6a39b00396ef\">\n        <div class=\"container\">\n            <div class=\"content_wrapper\">\n                <div class=\"content_wrapper_inner\" style=\"color: ; text-align: left\">\n                <h2 class=\"mb-20\">Firwat sollt een sech fir eng individuell konzip\u00e9iert <span class=\"primary_color\">Hausdier entscheeden<\/span>?<\/h2>\n                <p>D&#8217;Entr\u00e9e vun \u00c4rem Haus ass e ganz wichtege Ber\u00e4ich vun \u00c4rem Doheem: Hei gi Bewunner a G\u00e4scht empfaangen.<\/p>\n<p>Et ass d&#8217;Hausdier, d\u00e9i Iech an \u00c4ren eegene v\u00e9ier W\u00e4nn sch\u00fctzt.<br \/>\nFirwat also net DE Spezialist consult\u00e9ieren, deen Iech bei der Auswiel vun der richteger Dier h\u00eblleft?<br \/>\nMir bei <strong>Metalica<\/strong> w\u00ebssen, datt eis Client\u00eb virun allem no Qualit\u00e9it sichen.<br \/>\nAkustesch an thermesch Isolatioun, S\u00e9cherheet, \u00c4stheetik, einfachen Entretien an Nohaltegkeet: Alles muss optimal konzip\u00e9iert sinn, esoudatt een sech wierklech wuel doheem spiert.<\/p>\n<p>Dofir bidde mir landesw\u00e4it den Abau an d&#8217;Installatioun vun Hausdieren op d&#8217;Mooss. Ob Aluminium oder Holz: De Choix vum Material ass e Garant fir eng laang Liewensdauer an eng optimal Robustheet.<\/p>\n<div id=\"gtx-trans\" style=\"position: absolute; left: -7px; top: 149.8px;\">\n<div class=\"gtx-trans-icon\"><\/div>\n<\/div>\n                                    <a href=\"https:\/\/metalica.lu\/lb\/kontakt\/\"  class=\"gray_btn_fill width-md-100\">Devis ufroen <span><i class=\"fa-solid fa-arrow-right primary_color\"><\/i><\/span><\/a>\n                                <\/div>\n            <\/div> \n        <\/div>\n    <\/section> \n    <style>\n    \n    #block_35b118b25bd1e26889ff6a39b00396ef .gray_btn_fill{  \n        color: #ffffff;\n        background-color: #171C28;        \n    }\n\n    <\/style>\n    \n\n    <section class=\"specification_main\" id=\"block_51668e68ee664e5da02cdf1496420997\">\n        <div class=\"container\">\n            <div class=\"specification_inner\">\n                                    <div class=\"specification_single\">\n                        <p class=\"mb-24\"><img decoding=\"async\" src=\"https:\/\/metalica.lu\/wp-content\/uploads\/2023\/06\/lock-closed.png\" alt=\"\"><\/p>\n                        <h4 class=\"mb-8 pb-4\">S\u00e9cherheet geet vir<\/h4>\n                        <p class=\"small\">S\u00e9cher, duerch innovativ Technologien. <\/p>\n                    <\/div>\n                                    <div class=\"specification_single\">\n                        <p class=\"mb-24\"><img decoding=\"async\" src=\"https:\/\/metalica.lu\/wp-content\/uploads\/2023\/06\/clock.png\" alt=\"\"><\/p>\n                        <h4 class=\"mb-8 pb-4\">Exzellent Energieleeschtungen<\/h4>\n                        <p class=\"small\">Fir e gemittlech a waarmt Doheem. <\/p>\n                    <\/div>\n                                    <div class=\"specification_single\">\n                        <p class=\"mb-24\"><img decoding=\"async\" src=\"https:\/\/metalica.lu\/wp-content\/uploads\/2023\/06\/Adjustments.png\" alt=\"\"><\/p>\n                        <h4 class=\"mb-8 pb-4\">H\u00e9ich Liewensdauer<\/h4>\n                        <p class=\"small\">Duerch de Choix vu g\u00ebeegente Materialer. <\/p>\n                    <\/div>\n                                    <div class=\"specification_single\">\n                        <p class=\"mb-24\"><img decoding=\"async\" src=\"https:\/\/metalica.lu\/wp-content\/uploads\/2023\/06\/Users.png\" alt=\"\"><\/p>\n                        <h4 class=\"mb-8 pb-4\">No \u00c4re W\u00ebnsch upassbar<\/h4>\n                        <p class=\"small\">Mat eisem Online-Konfigurator. <\/p>\n                    <\/div>\n                  \n            <\/div>\n        <\/div>\n    <\/section>\n<style>\n    #block_51668e68ee664e5da02cdf1496420997 {\n                background: #ffffff; \n        }\n<\/style>\n\n\n<section class=\"imageRight_contentLeft imageRight_contentLeft_img1\" id=\"block_4f22bfc1665db896204dc9ad9a695acb\" >\n    <div class=\"container\">\n        <div class=\"imageRight_contentLeft_wrapper\">\n            <div class=\"left_content\">\n                <h2 class=\"mb-20\">Hausdieren aus <span class=\"primary_color\"> Aluminium<\/span><\/span><\/h2>\n                <p>Aluminiumsf\u00ebnsteren an -diere si bekannt fir hir Durabilit\u00e9it a Robustheet an alle Ber\u00e4icher, besonnesch bei schlechte Wiederkonditiounen.<\/p>\n<p>Virun allem Hausdieren aus Aluminium hu vill Avantagen: Si sinn einfach z&#8217;\u00ebnnerhalen, bidden en h\u00e9ijen thermesche Confort a sch\u00fctze viru Kam\u00e9idi vu baussen.<\/p>\n<p>D\u00e9i vu Metalica konzip\u00e9iert a vu Sch\u00fcco hiergestallten Hausdieren aus Aluminium hunn doriwwer eraus nach en zous\u00e4tzleche Plus: hire schlanken an uspriechenden Design.<br \/>\nSi si modern a begr\u00e9isse jiddereen, deen erak\u00ebnnt, op eng elegant a gl\u00e4ichz\u00e4iteg diskreet Man\u00e9ier. Dob\u00e4i f\u00fcgen si sech perfekt an d&#8217;Architektur vun \u00c4rem Gebai an &#8211; Faarf, Konzeptioun an Ausf\u00e9ierung: Alles l\u00e9isst sech individuell gestalten.<\/p>\n<p>A schliisslech si Sch\u00fcco-Hausdieren esou konzip\u00e9iert, datt se Abriecher ofschrecken. Si loossen sech op verschidde Punkte sp\u00e4ren, hu S\u00e9cherheetsglas a speziell Dierb\u00e4nner, d\u00e9i effektive Schutz bidden an all Abriecher d&#8217;Liewe schw\u00e9ier maachen.<\/p>\n                                    <a href=\"https:\/\/metalica.lu\/lb\/hausdieren-luxembourg\/aluminiumsdieren\/\"  class=\"gray_btn_fill  width-md-100\">Entdeckt all eis Hausdieren aus Aluminium! <span class=\"primary_color pl-10\"><i class=\"fa-solid fa-arrow-right\"><\/i><\/span><\/a>\n                            <\/div>\n            <div class=\"right_content\">\n                <div class=\"right_content_img\">\n                    <img decoding=\"async\" src=\"https:\/\/metalica.lu\/wp-content\/uploads\/2023\/10\/porte-alu-8_20231009.jpg\">\n                <\/div>\n            <\/div>\n        <\/div>\n    <\/div>\n<\/section>\n\n<style>\n    #block_4f22bfc1665db896204dc9ad9a695acb{\n        background-color: #f9fafb;\n    }\n\n            #block_4f22bfc1665db896204dc9ad9a695acb.imageRight_contentLeft.imageRight_contentLeft_img1::before{\n            background-image: url(\"https:\/\/metalica.lu\/wp-content\/uploads\/2023\/10\/porte-alu-8_20231009.jpg\");\n        }\n    <\/style>\n\n\n<section class=\"imageRight_contentLeft imageRight_contentLeft_img1\" id=\"block_d90257af9a77f7f7acdf6ccf99103889\" >\n    <div class=\"container\">\n        <div class=\"imageRight_contentLeft_wrapper\">\n            <div class=\"left_content\">\n                <h2 class=\"mb-20\">Hausdieren aus <span class=\"primary_color\">Holz<\/span><\/span><\/h2>\n                <p>Och wann Aluminium en ideaalt Material fir Hausdieren ass, esou steet Holz em awer an n\u00e4ischt no.<\/p>\n<p>Holz ass en natierlecht an erneierbaart Material, dat fir Bannen- a Bausseschr\u00e4ineraarbechte gebraucht g\u00ebtt, fir eng h\u00e9ich Energieeffizienz z\u2019erreechen. De W\u00e4ermeverloscht g\u00ebtt minim\u00e9iert an eng exzellent thermesch Isolatioun garant\u00e9iert.<\/p>\n<p>D\u00ebst sinn awer net d\u00e9i eenzeg Avantagen: Holz ass virun allem och e ganz eedelt a waarmt Material. Holzprofiller hunn eng besonnesch \u00c4stheetik, d\u00e9i z\u00e4itlos ass an esou bei all architektonesche Stil an Ariichtung passt.<\/p>\n<p>D&#8217;Hausdieren aus Holz vun der Mark Josko mat hire klore Linne sinn heivir e perfekt Beispill. Mat hirem schlichten a gl\u00e4ichz\u00e4iteg modernen Design passen si genee an den haitegen Trend a k\u00ebnnen, jee no Ausf\u00e9ierung a Faarf vun de reschtleche F\u00ebnsteren an Dieren, \u00c4rem Doheem individuell ugepasst ginn.<\/p>\n<p>Metalica ass exklusive Partner vu Josko. Mir h\u00ebllefen Iech, den optimalen Design fir \u00c4ert Haus erauszesichen, a suerge gl\u00e4ichz\u00e4iteg dofir, datt \u00c4r nei Dier den Design vun \u00c4rem Haus \u00ebnnerstr\u00e4icht an em de leschte finalen Touch verleet.<\/p>\n                                    <a href=\"https:\/\/metalica.lu\/lb\/hausdieren-luxembourg\/holzdieren\/\"  class=\"gray_btn_fill  width-md-100\">Entdeckt all eis Hausdieren aus Holz! <span class=\"primary_color pl-10\"><i class=\"fa-solid fa-arrow-right\"><\/i><\/span><\/a>\n                            <\/div>\n            <div class=\"right_content\">\n                <div class=\"right_content_img\">\n                    <img decoding=\"async\" src=\"https:\/\/metalica.lu\/wp-content\/uploads\/2023\/10\/porte-bois-6_20231009.jpg\">\n                <\/div>\n            <\/div>\n        <\/div>\n    <\/div>\n<\/section>\n\n<style>\n    #block_d90257af9a77f7f7acdf6ccf99103889{\n        background-color: #FFF;\n    }\n\n            #block_d90257af9a77f7f7acdf6ccf99103889.imageRight_contentLeft.imageRight_contentLeft_img1::before{\n            background-image: url(\"https:\/\/metalica.lu\/wp-content\/uploads\/2023\/10\/porte-bois-6_20231009.jpg\");\n        }\n    <\/style>\n\n<section class=\"cta_main\" id=\"block_963326a5d7b1930479f558d0be57575a\">\n    <div class=\"container\">\n        <h2 class=\"text-center mb-24 pb-4\">Fannt elo bei Metalica \u00c4re pers\u00e9inlechen Touch mat individuellen Hausdieren op d&#8217;Mooss!<\/h2>\n        <div class=\"text-center\">\n                    <a href=\"https:\/\/metalica.lu\/lb\/kontakt\/\"  class=\"gray_btn_fill width-md-100\">Ech froen en Devis <span class=\"primary_color\"><i class=\"fa-solid fa-arrow-right pl-10\"><\/i><\/span><\/a>\n                <\/div>\n    <\/div>\n<\/section>\n\n<style>\n    #block_963326a5d7b1930479f558d0be57575a {\n                background: #FBBA00; \n        }\n<\/style>\n\n  \n    <section class=\"discover_product\" id=\"block_aeb5a057e5e7f701bdf97b8539b72b3b\">\n        <div class=\"container\">\n            <div class=\"discover_product_wrapper\">\n                <div class=\"discover_product_inner\">\n                    <h2 class=\"mb-20\">Entdeckt eis aner <span class=\"primary_color\">Produkter<\/span><\/h2>\n                                            <ul class=\"discover_product_lists\">\n                                                            <li>\n                                    <a href=\"\/lb\/hausdieren-luxembourg\" style=\"text-decoration:none;\">\n                                        <img decoding=\"async\" src=\"https:\/\/metalica.lu\/wp-content\/uploads\/2023\/06\/reshot-icon-door.png\" alt=\"Hausdieren\">\n                                        <h4>Hausdieren<\/h4>\n                                    <\/a>\n                                <\/li>\n                                                            <li>\n                                    <a href=\"\/lb\/fensteren\/\" style=\"text-decoration:none;\">\n                                        <img decoding=\"async\" src=\"https:\/\/metalica.lu\/wp-content\/uploads\/2023\/06\/reshot-icon-window.png\" alt=\"F\u00ebnsteren\">\n                                        <h4>F\u00ebnsteren<\/h4>\n                                    <\/a>\n                                <\/li>\n                                                            <li>\n                                    <a href=\"\/lb\/pergolaen-a-verandaen\/\" style=\"text-decoration:none;\">\n                                        <img decoding=\"async\" src=\"https:\/\/metalica.lu\/wp-content\/uploads\/2023\/06\/ic_round-balcony.png\" alt=\"Pergolaen a Verandaen\">\n                                        <h4>Pergolaen a Verandaen<\/h4>\n                                    <\/a>\n                                <\/li>\n                                                            <li>\n                                    <a href=\"\/lb\/sonneschutz\/\" style=\"text-decoration:none;\">\n                                        <img decoding=\"async\" src=\"https:\/\/metalica.lu\/wp-content\/uploads\/2023\/06\/mdi_sun-angle-outline.png\" alt=\"Sonneschutz\">\n                                        <h4>Sonneschutz<\/h4>\n                                    <\/a>\n                                <\/li>\n                                                            <li>\n                                    <a href=\"\/lb\/fassadesystemer\/\" style=\"text-decoration:none;\">\n                                        <img decoding=\"async\" src=\"https:\/\/metalica.lu\/wp-content\/uploads\/2023\/06\/tabler_wall.png\" alt=\"Fassadesystemer\">\n                                        <h4>Fassadesystemer<\/h4>\n                                    <\/a>\n                                <\/li>\n                                                    <\/ul>\n                                    <\/div>\n            <\/div>\n        <\/div>\n    <\/section>\n    \n    <style>\n        #block_aeb5a057e5e7f701bdf97b8539b72b3b {\n                    background: url(\"https:\/\/metalica.lu\/wp-content\/uploads\/2023\/06\/discover-product-bg.png\"); \n\t\t\tbackground-repeat: no-repeat;\n\t\t\tbackground-size: cover;\n\t\t\tbackground-position: center;\n\t\t\tposition: relative;\n                        }\n    <\/style>\n","protected":false},"excerpt":{"rendered":"","protected":false},"author":14,"featured_media":0,"parent":0,"menu_order":0,"comment_status":"closed","ping_status":"closed","template":"","meta":{"_acf_changed":false,"footnotes":""},"class_list":["post-8558","page","type-page","status-publish","hentry"],"acf":[],"yoast_head":"<!-- This site is optimized with the Yoast SEO Premium plugin v27.2 (Yoast SEO v27.5) - https:\/\/yoast.com\/product\/yoast-seo-premium-wordpress\/ -->\n<title>Hausdieren Luxembourg - Metalica<\/title>\n<meta name=\"description\" content=\"D&#039;Entr\u00e9e vun \u00c4rem Haus ass e ganz wichtege Ber\u00e4ich vun \u00c4rem Doheem: Hei gi Bewunner a G\u00e4scht empfaangen. Metalica h\u00eblleft Iech, de beschte Choix op d&#039;Mooss ze fannen. Kuckt eise Katalog!\" \/>\n<meta name=\"robots\" content=\"index, follow, max-snippet:-1, max-image-preview:large, max-video-preview:-1\" \/>\n<link rel=\"canonical\" href=\"https:\/\/metalica.lu\/lb\/hausdieren-luxembourg\/\" \/>\n<meta property=\"og:locale\" content=\"en_US\" \/>\n<meta property=\"og:type\" content=\"article\" \/>\n<meta property=\"og:title\" content=\"Hausdieren\" \/>\n<meta property=\"og:description\" content=\"D&#039;Entr\u00e9e vun \u00c4rem Haus ass e ganz wichtege Ber\u00e4ich vun \u00c4rem Doheem: Hei gi Bewunner a G\u00e4scht empfaangen. Metalica h\u00eblleft Iech, de beschte Choix op d&#039;Mooss ze fannen. Kuckt eise Katalog!\" \/>\n<meta property=\"og:url\" content=\"https:\/\/metalica.lu\/lb\/hausdieren-luxembourg\/\" \/>\n<meta property=\"og:site_name\" content=\"Metalica\" \/>\n<meta property=\"article:publisher\" content=\"https:\/\/www.facebook.com\/metalicahome\/\" \/>\n<meta property=\"article:modified_time\" content=\"2026-03-17T08:29:20+00:00\" \/>\n<meta name=\"twitter:card\" content=\"summary_large_image\" \/>\n<script type=\"application\/ld+json\" class=\"yoast-schema-graph\">{\"@context\":\"https:\\\/\\\/schema.org\",\"@graph\":[{\"@type\":\"WebPage\",\"@id\":\"https:\\\/\\\/metalica.lu\\\/lb\\\/hausdieren-luxembourg\\\/\",\"url\":\"https:\\\/\\\/metalica.lu\\\/lb\\\/hausdieren-luxembourg\\\/\",\"name\":\"Hausdieren Luxembourg - Metalica\",\"isPartOf\":{\"@id\":\"https:\\\/\\\/metalica.lu\\\/lb\\\/#website\"},\"datePublished\":\"2023-07-18T04:49:02+00:00\",\"dateModified\":\"2026-03-17T08:29:20+00:00\",\"description\":\"D'Entr\u00e9e vun \u00c4rem Haus ass e ganz wichtege Ber\u00e4ich vun \u00c4rem Doheem: Hei gi Bewunner a G\u00e4scht empfaangen. Metalica h\u00eblleft Iech, de beschte Choix op d'Mooss ze fannen. Kuckt eise Katalog!\",\"breadcrumb\":{\"@id\":\"https:\\\/\\\/metalica.lu\\\/lb\\\/hausdieren-luxembourg\\\/#breadcrumb\"},\"inLanguage\":\"lb-LU\",\"potentialAction\":[{\"@type\":\"ReadAction\",\"target\":[\"https:\\\/\\\/metalica.lu\\\/lb\\\/hausdieren-luxembourg\\\/\"]}]},{\"@type\":\"BreadcrumbList\",\"@id\":\"https:\\\/\\\/metalica.lu\\\/lb\\\/hausdieren-luxembourg\\\/#breadcrumb\",\"itemListElement\":[{\"@type\":\"ListItem\",\"position\":1,\"name\":\"Accueil\",\"item\":\"https:\\\/\\\/metalica.lu\\\/lb\\\/\"},{\"@type\":\"ListItem\",\"position\":2,\"name\":\"Hausdieren\"}]},{\"@type\":\"WebSite\",\"@id\":\"https:\\\/\\\/metalica.lu\\\/lb\\\/#website\",\"url\":\"https:\\\/\\\/metalica.lu\\\/lb\\\/\",\"name\":\"Metalica\",\"description\":\"\",\"publisher\":{\"@id\":\"https:\\\/\\\/metalica.lu\\\/lb\\\/#organization\"},\"potentialAction\":[{\"@type\":\"SearchAction\",\"target\":{\"@type\":\"EntryPoint\",\"urlTemplate\":\"https:\\\/\\\/metalica.lu\\\/lb\\\/?s={search_term_string}\"},\"query-input\":{\"@type\":\"PropertyValueSpecification\",\"valueRequired\":true,\"valueName\":\"search_term_string\"}}],\"inLanguage\":\"lb-LU\"},{\"@type\":\"Organization\",\"@id\":\"https:\\\/\\\/metalica.lu\\\/lb\\\/#organization\",\"name\":\"Metalica\",\"url\":\"https:\\\/\\\/metalica.lu\\\/lb\\\/\",\"logo\":{\"@type\":\"ImageObject\",\"inLanguage\":\"lb-LU\",\"@id\":\"https:\\\/\\\/metalica.lu\\\/lb\\\/#\\\/schema\\\/logo\\\/image\\\/\",\"url\":\"https:\\\/\\\/metalica.lu\\\/wp-content\\\/uploads\\\/2024\\\/05\\\/site-logo.png\",\"contentUrl\":\"https:\\\/\\\/metalica.lu\\\/wp-content\\\/uploads\\\/2024\\\/05\\\/site-logo.png\",\"width\":238,\"height\":62,\"caption\":\"Metalica\"},\"image\":{\"@id\":\"https:\\\/\\\/metalica.lu\\\/lb\\\/#\\\/schema\\\/logo\\\/image\\\/\"},\"sameAs\":[\"https:\\\/\\\/www.facebook.com\\\/metalicahome\\\/\"]}]}<\/script>\n<!-- \/ Yoast SEO Premium plugin. -->","yoast_head_json":{"title":"Hausdieren Luxembourg - Metalica","description":"D'Entr\u00e9e vun \u00c4rem Haus ass e ganz wichtege Ber\u00e4ich vun \u00c4rem Doheem: Hei gi Bewunner a G\u00e4scht empfaangen. Metalica h\u00eblleft Iech, de beschte Choix op d'Mooss ze fannen. Kuckt eise Katalog!","robots":{"index":"index","follow":"follow","max-snippet":"max-snippet:-1","max-image-preview":"max-image-preview:large","max-video-preview":"max-video-preview:-1"},"canonical":"https:\/\/metalica.lu\/lb\/hausdieren-luxembourg\/","og_locale":"en_US","og_type":"article","og_title":"Hausdieren","og_description":"D'Entr\u00e9e vun \u00c4rem Haus ass e ganz wichtege Ber\u00e4ich vun \u00c4rem Doheem: Hei gi Bewunner a G\u00e4scht empfaangen. Metalica h\u00eblleft Iech, de beschte Choix op d'Mooss ze fannen. Kuckt eise Katalog!","og_url":"https:\/\/metalica.lu\/lb\/hausdieren-luxembourg\/","og_site_name":"Metalica","article_publisher":"https:\/\/www.facebook.com\/metalicahome\/","article_modified_time":"2026-03-17T08:29:20+00:00","twitter_card":"summary_large_image","schema":{"@context":"https:\/\/schema.org","@graph":[{"@type":"WebPage","@id":"https:\/\/metalica.lu\/lb\/hausdieren-luxembourg\/","url":"https:\/\/metalica.lu\/lb\/hausdieren-luxembourg\/","name":"Hausdieren Luxembourg - Metalica","isPartOf":{"@id":"https:\/\/metalica.lu\/lb\/#website"},"datePublished":"2023-07-18T04:49:02+00:00","dateModified":"2026-03-17T08:29:20+00:00","description":"D'Entr\u00e9e vun \u00c4rem Haus ass e ganz wichtege Ber\u00e4ich vun \u00c4rem Doheem: Hei gi Bewunner a G\u00e4scht empfaangen. Metalica h\u00eblleft Iech, de beschte Choix op d'Mooss ze fannen. Kuckt eise Katalog!","breadcrumb":{"@id":"https:\/\/metalica.lu\/lb\/hausdieren-luxembourg\/#breadcrumb"},"inLanguage":"lb-LU","potentialAction":[{"@type":"ReadAction","target":["https:\/\/metalica.lu\/lb\/hausdieren-luxembourg\/"]}]},{"@type":"BreadcrumbList","@id":"https:\/\/metalica.lu\/lb\/hausdieren-luxembourg\/#breadcrumb","itemListElement":[{"@type":"ListItem","position":1,"name":"Accueil","item":"https:\/\/metalica.lu\/lb\/"},{"@type":"ListItem","position":2,"name":"Hausdieren"}]},{"@type":"WebSite","@id":"https:\/\/metalica.lu\/lb\/#website","url":"https:\/\/metalica.lu\/lb\/","name":"Metalica","description":"","publisher":{"@id":"https:\/\/metalica.lu\/lb\/#organization"},"potentialAction":[{"@type":"SearchAction","target":{"@type":"EntryPoint","urlTemplate":"https:\/\/metalica.lu\/lb\/?s={search_term_string}"},"query-input":{"@type":"PropertyValueSpecification","valueRequired":true,"valueName":"search_term_string"}}],"inLanguage":"lb-LU"},{"@type":"Organization","@id":"https:\/\/metalica.lu\/lb\/#organization","name":"Metalica","url":"https:\/\/metalica.lu\/lb\/","logo":{"@type":"ImageObject","inLanguage":"lb-LU","@id":"https:\/\/metalica.lu\/lb\/#\/schema\/logo\/image\/","url":"https:\/\/metalica.lu\/wp-content\/uploads\/2024\/05\/site-logo.png","contentUrl":"https:\/\/metalica.lu\/wp-content\/uploads\/2024\/05\/site-logo.png","width":238,"height":62,"caption":"Metalica"},"image":{"@id":"https:\/\/metalica.lu\/lb\/#\/schema\/logo\/image\/"},"sameAs":["https:\/\/www.facebook.com\/metalicahome\/"]}]}},"_links":{"self":[{"href":"https:\/\/metalica.lu\/lb\/wp-json\/wp\/v2\/pages\/8558","targetHints":{"allow":["GET"]}}],"collection":[{"href":"https:\/\/metalica.lu\/lb\/wp-json\/wp\/v2\/pages"}],"about":[{"href":"https:\/\/metalica.lu\/lb\/wp-json\/wp\/v2\/types\/page"}],"author":[{"embeddable":true,"href":"https:\/\/metalica.lu\/lb\/wp-json\/wp\/v2\/users\/14"}],"replies":[{"embeddable":true,"href":"https:\/\/metalica.lu\/lb\/wp-json\/wp\/v2\/comments?post=8558"}],"version-history":[{"count":12,"href":"https:\/\/metalica.lu\/lb\/wp-json\/wp\/v2\/pages\/8558\/revisions"}],"predecessor-version":[{"id":8831,"href":"https:\/\/metalica.lu\/lb\/wp-json\/wp\/v2\/pages\/8558\/revisions\/8831"}],"wp:attachment":[{"href":"https:\/\/metalica.lu\/lb\/wp-json\/wp\/v2\/media?parent=8558"}],"curies":[{"name":"wp","href":"https:\/\/api.w.org\/{rel}","templated":true}]}}