{"id":8553,"date":"2023-06-30T12:19:11","date_gmt":"2023-06-30T10:19:11","guid":{"rendered":"https:\/\/metalica.lu\/realisatiounen\/"},"modified":"2026-03-11T14:12:02","modified_gmt":"2026-03-11T13:12:02","slug":"realisatiounen","status":"publish","type":"page","link":"https:\/\/metalica.lu\/lb\/realisatiounen\/","title":{"rendered":"Realisatiounen"},"content":{"rendered":"\n    <div class=\"achievement_type section_wrapper\">\n        <div class=\"container\">\n            <div class=\"select_option\">\n                <p class=\"font-14 mb-8\">\n\t\t\t\t    Typ vu Realisatiounen\t\t\t\t<\/p>\n                <form id=\"categoryForm\" method=\"GET\">\n                    <select id=\"single\" class=\"js-states form-control select_option_list filter_post_cate\" name=\"cate_name\" onchange=\"submitForm()\">\n                        <option value=\"all\" selected> \n Alles\n<\/option>\n                                                            <option value=\"burosgebaier\" >\n                                        B\u00fcrosgebaier                                    <\/option>\n                                                                    <option value=\"effentlech-gebaier\" >\n                                        \u00cbffentlech Gebaier                                    <\/option>\n                                                                    <option value=\"outdoor\" >\n                                        Outdoor                                    <\/option>\n                                                                    <option value=\"privathaiser\" >\n                                        Privathaiser                                    <\/option>\n                                                                    <option value=\"residencen\" >\n                                        Residencen                                    <\/option>\n                                                    <\/select>\n                <\/form>\n            <\/div>\n            <div class=\"achievement_list main_post_list\">\n    <div class=\"achievement_wrapper post_list\">\n            <\/div>\n\n    <div class=\"num_pagination-achievements\">\n            <\/div>\n<\/div>\n\n        <\/div>\n    <\/div>\n    <script>\n        function submitForm() {\n            var selectedValue = document.getElementById('single').value;\n            if (selectedValue === 'all') {\n                window.location.href = \"https:\/\/metalica.lu\/lb\/\";\n            } else {\n                document.getElementById('categoryForm').submit();\n            }\n        }\n    <\/script>\n    \n","protected":false},"excerpt":{"rendered":"","protected":false},"author":14,"featured_media":0,"parent":0,"menu_order":0,"comment_status":"closed","ping_status":"closed","template":"","meta":{"_acf_changed":false,"footnotes":""},"class_list":["post-8553","page","type-page","status-publish","hentry"],"acf":[],"yoast_head":"<!-- This site is optimized with the Yoast SEO Premium plugin v27.2 (Yoast SEO v27.5) - https:\/\/yoast.com\/product\/yoast-seo-premium-wordpress\/ -->\n<title>Realisatiounen - Metalica<\/title>\n<meta name=\"description\" content=\"D\u00e9couvrez les r\u00e9alisations de Metalica : des projets uniques en m\u00e9tallerie et serrurerie, alliant savoir-faire et design. Contactez-nous.\" \/>\n<meta name=\"robots\" content=\"index, follow, max-snippet:-1, max-image-preview:large, max-video-preview:-1\" \/>\n<link rel=\"canonical\" href=\"https:\/\/metalica.lu\/lb\/realisatiounen\/\" \/>\n<meta property=\"og:locale\" content=\"en_US\" \/>\n<meta property=\"og:type\" content=\"article\" \/>\n<meta property=\"og:title\" content=\"Realisatiounen\" \/>\n<meta property=\"og:description\" content=\"D\u00e9couvrez les r\u00e9alisations de Metalica : des projets uniques en m\u00e9tallerie et serrurerie, alliant savoir-faire et design. Contactez-nous.\" \/>\n<meta property=\"og:url\" content=\"https:\/\/metalica.lu\/lb\/realisatiounen\/\" \/>\n<meta property=\"og:site_name\" content=\"Metalica\" \/>\n<meta property=\"article:publisher\" content=\"https:\/\/www.facebook.com\/metalicahome\/\" \/>\n<meta property=\"article:modified_time\" content=\"2026-03-11T13:12:02+00:00\" \/>\n<meta name=\"twitter:card\" content=\"summary_large_image\" \/>\n<meta name=\"twitter:label1\" content=\"Est. reading time\" \/>\n\t<meta name=\"twitter:data1\" content=\"1 minute\" \/>\n<script type=\"application\/ld+json\" class=\"yoast-schema-graph\">{\"@context\":\"https:\\\/\\\/schema.org\",\"@graph\":[{\"@type\":\"WebPage\",\"@id\":\"https:\\\/\\\/metalica.lu\\\/lb\\\/realisatiounen\\\/\",\"url\":\"https:\\\/\\\/metalica.lu\\\/lb\\\/realisatiounen\\\/\",\"name\":\"Realisatiounen - Metalica\",\"isPartOf\":{\"@id\":\"https:\\\/\\\/metalica.lu\\\/lb\\\/#website\"},\"datePublished\":\"2023-06-30T10:19:11+00:00\",\"dateModified\":\"2026-03-11T13:12:02+00:00\",\"description\":\"D\u00e9couvrez les r\u00e9alisations de Metalica : des projets uniques en m\u00e9tallerie et serrurerie, alliant savoir-faire et design. Contactez-nous.\",\"breadcrumb\":{\"@id\":\"https:\\\/\\\/metalica.lu\\\/lb\\\/realisatiounen\\\/#breadcrumb\"},\"inLanguage\":\"lb-LU\",\"potentialAction\":[{\"@type\":\"ReadAction\",\"target\":[\"https:\\\/\\\/metalica.lu\\\/lb\\\/realisatiounen\\\/\"]}]},{\"@type\":\"BreadcrumbList\",\"@id\":\"https:\\\/\\\/metalica.lu\\\/lb\\\/realisatiounen\\\/#breadcrumb\",\"itemListElement\":[{\"@type\":\"ListItem\",\"position\":1,\"name\":\"Accueil\",\"item\":\"https:\\\/\\\/metalica.lu\\\/lb\\\/\"},{\"@type\":\"ListItem\",\"position\":2,\"name\":\"Realisatiounen\"}]},{\"@type\":\"WebSite\",\"@id\":\"https:\\\/\\\/metalica.lu\\\/lb\\\/#website\",\"url\":\"https:\\\/\\\/metalica.lu\\\/lb\\\/\",\"name\":\"Metalica\",\"description\":\"\",\"publisher\":{\"@id\":\"https:\\\/\\\/metalica.lu\\\/lb\\\/#organization\"},\"potentialAction\":[{\"@type\":\"SearchAction\",\"target\":{\"@type\":\"EntryPoint\",\"urlTemplate\":\"https:\\\/\\\/metalica.lu\\\/lb\\\/?s={search_term_string}\"},\"query-input\":{\"@type\":\"PropertyValueSpecification\",\"valueRequired\":true,\"valueName\":\"search_term_string\"}}],\"inLanguage\":\"lb-LU\"},{\"@type\":\"Organization\",\"@id\":\"https:\\\/\\\/metalica.lu\\\/lb\\\/#organization\",\"name\":\"Metalica\",\"url\":\"https:\\\/\\\/metalica.lu\\\/lb\\\/\",\"logo\":{\"@type\":\"ImageObject\",\"inLanguage\":\"lb-LU\",\"@id\":\"https:\\\/\\\/metalica.lu\\\/lb\\\/#\\\/schema\\\/logo\\\/image\\\/\",\"url\":\"https:\\\/\\\/metalica.lu\\\/wp-content\\\/uploads\\\/2024\\\/05\\\/site-logo.png\",\"contentUrl\":\"https:\\\/\\\/metalica.lu\\\/wp-content\\\/uploads\\\/2024\\\/05\\\/site-logo.png\",\"width\":238,\"height\":62,\"caption\":\"Metalica\"},\"image\":{\"@id\":\"https:\\\/\\\/metalica.lu\\\/lb\\\/#\\\/schema\\\/logo\\\/image\\\/\"},\"sameAs\":[\"https:\\\/\\\/www.facebook.com\\\/metalicahome\\\/\"]}]}<\/script>\n<!-- \/ Yoast SEO Premium plugin. -->","yoast_head_json":{"title":"Realisatiounen - Metalica","description":"D\u00e9couvrez les r\u00e9alisations de Metalica : des projets uniques en m\u00e9tallerie et serrurerie, alliant savoir-faire et design. Contactez-nous.","robots":{"index":"index","follow":"follow","max-snippet":"max-snippet:-1","max-image-preview":"max-image-preview:large","max-video-preview":"max-video-preview:-1"},"canonical":"https:\/\/metalica.lu\/lb\/realisatiounen\/","og_locale":"en_US","og_type":"article","og_title":"Realisatiounen","og_description":"D\u00e9couvrez les r\u00e9alisations de Metalica : des projets uniques en m\u00e9tallerie et serrurerie, alliant savoir-faire et design. Contactez-nous.","og_url":"https:\/\/metalica.lu\/lb\/realisatiounen\/","og_site_name":"Metalica","article_publisher":"https:\/\/www.facebook.com\/metalicahome\/","article_modified_time":"2026-03-11T13:12:02+00:00","twitter_card":"summary_large_image","twitter_misc":{"Est. reading time":"1 minute"},"schema":{"@context":"https:\/\/schema.org","@graph":[{"@type":"WebPage","@id":"https:\/\/metalica.lu\/lb\/realisatiounen\/","url":"https:\/\/metalica.lu\/lb\/realisatiounen\/","name":"Realisatiounen - Metalica","isPartOf":{"@id":"https:\/\/metalica.lu\/lb\/#website"},"datePublished":"2023-06-30T10:19:11+00:00","dateModified":"2026-03-11T13:12:02+00:00","description":"D\u00e9couvrez les r\u00e9alisations de Metalica : des projets uniques en m\u00e9tallerie et serrurerie, alliant savoir-faire et design. Contactez-nous.","breadcrumb":{"@id":"https:\/\/metalica.lu\/lb\/realisatiounen\/#breadcrumb"},"inLanguage":"lb-LU","potentialAction":[{"@type":"ReadAction","target":["https:\/\/metalica.lu\/lb\/realisatiounen\/"]}]},{"@type":"BreadcrumbList","@id":"https:\/\/metalica.lu\/lb\/realisatiounen\/#breadcrumb","itemListElement":[{"@type":"ListItem","position":1,"name":"Accueil","item":"https:\/\/metalica.lu\/lb\/"},{"@type":"ListItem","position":2,"name":"Realisatiounen"}]},{"@type":"WebSite","@id":"https:\/\/metalica.lu\/lb\/#website","url":"https:\/\/metalica.lu\/lb\/","name":"Metalica","description":"","publisher":{"@id":"https:\/\/metalica.lu\/lb\/#organization"},"potentialAction":[{"@type":"SearchAction","target":{"@type":"EntryPoint","urlTemplate":"https:\/\/metalica.lu\/lb\/?s={search_term_string}"},"query-input":{"@type":"PropertyValueSpecification","valueRequired":true,"valueName":"search_term_string"}}],"inLanguage":"lb-LU"},{"@type":"Organization","@id":"https:\/\/metalica.lu\/lb\/#organization","name":"Metalica","url":"https:\/\/metalica.lu\/lb\/","logo":{"@type":"ImageObject","inLanguage":"lb-LU","@id":"https:\/\/metalica.lu\/lb\/#\/schema\/logo\/image\/","url":"https:\/\/metalica.lu\/wp-content\/uploads\/2024\/05\/site-logo.png","contentUrl":"https:\/\/metalica.lu\/wp-content\/uploads\/2024\/05\/site-logo.png","width":238,"height":62,"caption":"Metalica"},"image":{"@id":"https:\/\/metalica.lu\/lb\/#\/schema\/logo\/image\/"},"sameAs":["https:\/\/www.facebook.com\/metalicahome\/"]}]}},"_links":{"self":[{"href":"https:\/\/metalica.lu\/lb\/wp-json\/wp\/v2\/pages\/8553","targetHints":{"allow":["GET"]}}],"collection":[{"href":"https:\/\/metalica.lu\/lb\/wp-json\/wp\/v2\/pages"}],"about":[{"href":"https:\/\/metalica.lu\/lb\/wp-json\/wp\/v2\/types\/page"}],"author":[{"embeddable":true,"href":"https:\/\/metalica.lu\/lb\/wp-json\/wp\/v2\/users\/14"}],"replies":[{"embeddable":true,"href":"https:\/\/metalica.lu\/lb\/wp-json\/wp\/v2\/comments?post=8553"}],"version-history":[{"count":2,"href":"https:\/\/metalica.lu\/lb\/wp-json\/wp\/v2\/pages\/8553\/revisions"}],"predecessor-version":[{"id":8597,"href":"https:\/\/metalica.lu\/lb\/wp-json\/wp\/v2\/pages\/8553\/revisions\/8597"}],"wp:attachment":[{"href":"https:\/\/metalica.lu\/lb\/wp-json\/wp\/v2\/media?parent=8553"}],"curies":[{"name":"wp","href":"https:\/\/api.w.org\/{rel}","templated":true}]}}