{"id":8528,"date":"2023-06-10T17:14:47","date_gmt":"2023-06-10T15:14:47","guid":{"rendered":"https:\/\/metalica.lu\/portes-fenetres-pergolas-luxembourg\/"},"modified":"2026-03-17T09:27:11","modified_gmt":"2026-03-17T08:27:11","slug":"portes-fenetres-pergolas-luxembourg","status":"publish","type":"page","link":"https:\/\/metalica.lu\/lb\/","title":{"rendered":"Accueil"},"content":{"rendered":"  \n     <section class=\"right_img_left_content\" id=\"block_18e62aa1d4630d27a400b12051292019\">\n        <div class=\"container fluid\">\n            <div class=\"img_content_inner\">\n                <div class=\"img_content_wrapper\">\n                    <div class=\"img_content_wrapper_inner\" style=\"color: ; text-align: left\">\n                    <h1 class=\"mb-20\">Dieren- a F\u00ebnsterefabrikant zu L\u00ebtzebuerg zanter <span class=\"primary_color\">1956 <\/span><\/h1>\n                    <p class=\"large mb-20\">Eng breet Gamm u F\u00ebnsteren an Diere fir \u00c4re Bau- oder Renovatiounsprojet.<\/p>\n                                            <a href=\"https:\/\/metalica.lu\/lb\/kontakt\/\"  class=\"gray_btn_fill\">Gratis Devis ufroen <span><i class=\"fa-solid fa-arrow-right primary_color\"><\/i><\/span><\/a>\n                                        <\/div>\n                <\/div>\n            <\/div>  \n        <\/div>\n    <\/section>\n    <style>\n    #block_18e62aa1d4630d27a400b12051292019.right_img_left_content::before{    \n        background: url(\"https:\/\/metalica.lu\/wp-content\/uploads\/2023\/06\/Auberge-de-jeunesse-Esch-1.jpg\"); \n        background-repeat: no-repeat;\n        background-position: right center;\n        background-size: cover;     \n    }\n    #block_18e62aa1d4630d27a400b12051292019 .gray_btn_fill{  \n        color: #ffffff;\n        background-color: #171C28;        \n    }\n\n    <\/style>\n    \n\n  \n     <section class=\"left_img_right_content\" id=\"block_641cba5525150c7e3686059ff45a4b0a\">\n        <div class=\"container fluid\">\n            <div class=\"img_content_inner\">\n                <div class=\"img_content_wrapper\">\n                    <div class=\"img_content_wrapper_inner\">\n                            <h2 class=\"mb-20\">Kommt an de <span class=\"primary_color\"> Showroom <\/span> vu Metalica op Esch-Uelzecht!<\/h2>\n                            <p class=\"small mb-20\">An eisem eenzegaartege Showroom vun iwwer 500 m\u00b2 present\u00e9iere mir Iech eng breet Gamm un Dieren, F\u00ebnsteren a Schibef\u00ebnsteren aus Aluminium, Holz, Holz-Aluminium oder PVC. Fir Iech ze h\u00ebllefen, Iech \u00c4re Projet besser virzestellen, sinn all Typpe vu F\u00ebnsterrummen an enger reeller Situatioun ausgestallt \u2013 esou w\u00e9i bei Iech doheem \u2013 inklusiv enger Sonneschutz-L\u00e9isung (Store oder Rolllued) souw\u00e9i enger Bausseverkleedung. Zous\u00e4tzlech entdeckt Dir bei eis bioklimatesch oder verglaaste Pergolaen a reeller Gr\u00e9isst, fir \u00c4re Gaart an \u00c4r Terrass nach m\u00e9i agreabel ze gestalten. Bei \u00c4rer Visitt bei eis steet Iech e spezialis\u00e9ierte Beroder zur S\u00e4it, deen Iech bei der Ausaarbechtung vun \u00c4rem Bau- oder Renovatiounsprojet fir \u00c4ert Haus kompetent \u00ebnnerst\u00ebtzt.<\/p>\n<div class=\"flex justify-between align-center mb-20\">\n<div>\n<h4>Adress vum Showroom:<\/h4>\n<p class=\"small mb-8\">181 rue de Luxembourg<br \/>\nL-4222 Esch\/Alzette<\/p>\n<\/div>\n<div>\n<h4>\u00cbffnungsz\u00e4iten:<\/h4>\n<p class=\"small mb-8\">Vu M\u00e9indeg bis Freideg: 9h00 &#8211; 18h00<br \/>\nSamschdeg: 09h00 &#8211; 13h00<\/p>\n<\/div>\n<\/div>\n<p class=\"iframe-container\"><iframe loading=\"lazy\" style=\"border: 0;\" src=\"https:\/\/www.google.com\/maps\/embed?pb=!1m14!1m8!1m3!1d3559.7304191138687!2d5.985023057410151!3d49.505914141156275!3m2!1i1024!2i768!4f13.1!3m3!1m2!1s0x4795354121dbc0af%3A0x2688735887283e88!2sMetalica%20Home%20-Showroom!5e0!3m2!1sen!2sin!4v1689151386916!5m2!1sen!2sin\" width=\"600\" height=\"450\" allowfullscreen=\"allowfullscreen\"><\/iframe><\/p>\n<div id=\"gtx-trans\" style=\"position: absolute; left: -27px; top: 364.3px;\">\n<div class=\"gtx-trans-icon\"><\/div>\n<\/div>\n                                                <\/div>\n                <\/div>\n                \n            <\/div>  \n        <\/div>\n    <\/section>\n    <style>\n    #block_641cba5525150c7e3686059ff45a4b0a.left_img_right_content::before{    \n        background: url(\"https:\/\/metalica.lu\/wp-content\/uploads\/2024\/07\/home-page-showroom-e1720704655468.jpg\"); \n        background-repeat: no-repeat;\n        background-position: left center;\n        background-size: cover;     \n    }\n    #block_641cba5525150c7e3686059ff45a4b0a .gray_btn_fill{  \n        color: ;\n        background-color: ;        \n    }\n\n    <\/style>\n\n\n  \n    <section class=\"discover_product\" id=\"block_0e87881bd4ab80ad2d1a0fbd1945a660\">\n        <div class=\"container\">\n            <div class=\"discover_product_wrapper\">\n                <div class=\"discover_product_inner\">\n                    <h2 class=\"mb-20\">D&#8217;Produkter vu <span class=\"primary_color\">Metalica<\/span> uweisen<\/h2>\n                                            <ul class=\"discover_product_lists\">\n                                                            <li>\n                                    <a href=\"\/lb\/hausdieren-luxembourg\" style=\"text-decoration:none;\">\n                                        <img decoding=\"async\" src=\"https:\/\/metalica.lu\/wp-content\/uploads\/2023\/06\/reshot-icon-door.png\" alt=\"Hausdieren\">\n                                        <h4>Hausdieren<\/h4>\n                                    <\/a>\n                                <\/li>\n                                                            <li>\n                                    <a href=\"\/lb\/fensteren\/\" style=\"text-decoration:none;\">\n                                        <img decoding=\"async\" src=\"https:\/\/metalica.lu\/wp-content\/uploads\/2023\/06\/reshot-icon-window.png\" alt=\"F\u00ebnsteren\">\n                                        <h4>F\u00ebnsteren<\/h4>\n                                    <\/a>\n                                <\/li>\n                                                            <li>\n                                    <a href=\"\/lb\/pergolaen-a-verandaen\/\" style=\"text-decoration:none;\">\n                                        <img decoding=\"async\" src=\"https:\/\/metalica.lu\/wp-content\/uploads\/2023\/06\/ic_round-balcony.png\" alt=\"Pergolaen a Verandaen\">\n                                        <h4>Pergolaen a Verandaen<\/h4>\n                                    <\/a>\n                                <\/li>\n                                                            <li>\n                                    <a href=\"\/lb\/sonneschutz\/\" style=\"text-decoration:none;\">\n                                        <img decoding=\"async\" src=\"https:\/\/metalica.lu\/wp-content\/uploads\/2023\/06\/mdi_sun-angle-outline.png\" alt=\"Sonneschutz\">\n                                        <h4>Sonneschutz<\/h4>\n                                    <\/a>\n                                <\/li>\n                                                            <li>\n                                    <a href=\"\/lb\/fassadesystemer\/\" style=\"text-decoration:none;\">\n                                        <img decoding=\"async\" src=\"https:\/\/metalica.lu\/wp-content\/uploads\/2023\/06\/tabler_wall.png\" alt=\"Fassadesystemer\">\n                                        <h4>Fassadesystemer<\/h4>\n                                    <\/a>\n                                <\/li>\n                                                    <\/ul>\n                                    <\/div>\n            <\/div>\n        <\/div>\n    <\/section>\n    \n    <style>\n        #block_0e87881bd4ab80ad2d1a0fbd1945a660 {\n                    background: url(\"https:\/\/metalica.lu\/wp-content\/uploads\/2023\/06\/discover-product-bg.png\"); \n\t\t\tbackground-repeat: no-repeat;\n\t\t\tbackground-size: cover;\n\t\t\tbackground-position: center;\n\t\t\tposition: relative;\n                        }\n    <\/style>\n\n\n  \n<section class=\"choose_metalica\" id=\"block_6efe8a32e8591f46bc8b75ad8267f568\">\n<div class=\"container\">\n    <h2 class=\"mb-20\">Firwat Metalica wielen?<\/h2>\n    <p class=\"large  \">Mir stellen all eis Expertis an Experienz an den D\u00e9ngscht vun \u00c4re Projeten.<\/p>\n    <div class=\"choose_metalica_inner\">\n            <ul class=\"choose_metalica_details\">\n                        <li>\n                <h3 class=\"mb-8\"><\/h3>\n                <h2 class=\"mb-8 font-28\">Experienz<\/h2>\n                <p class=\"small\">Iwwer 65 Joer zu L\u00ebtzebuerg<\/p>\n            <\/li>\n                        <li>\n                <h3 class=\"mb-8\"><\/h3>\n                <h2 class=\"mb-8 font-28\">Savoir-faire<\/h2>\n                <p class=\"small\">Iwwer 400 Projete pro Joer realis\u00e9iert<\/p>\n            <\/li>\n                        <li>\n                <h3 class=\"mb-8\"><\/h3>\n                <h2 class=\"mb-8 font-28\">Vertrauen<\/h2>\n                <p class=\"small\">130 experiment\u00e9iert Mataarbechter<\/p>\n            <\/li>\n                        <li>\n                <h3 class=\"mb-8\"><\/h3>\n                <h2 class=\"mb-8 font-28\">Nohaltegkeet<\/h2>\n                <p class=\"small\">Service Apr\u00e8s-Vente fir den Entretien an den Depannage<\/p>\n            <\/li>\n                        <li>\n                <h3 class=\"mb-8\"><\/h3>\n                <h2 class=\"mb-8 font-28\">Qualit\u00e9it<\/h2>\n                <p class=\"small\">Intern Ekippe k\u00ebmmeren sech \u00ebm d&#8217;Installatioun, keng Sous-traitance<\/p>\n            <\/li>\n                        <li>\n                <h3 class=\"mb-8\"><\/h3>\n                <h2 class=\"mb-8 font-28\">Kompetitivit\u00e9it<\/h2>\n                <p class=\"small\">Garant\u00e9iert Pr\u00e4isleeschtung<\/p>\n            <\/li>\n                    <\/ul>\n                \n                            <a href=\"https:\/\/metalica.lu\/lb\/betrib\/\"  class=\"gray_btn_fill width-md-100  \">L\u00e9iert eis besser kennen <span class=\"pl-10\"><i class=\"fa-solid fa-arrow-right primary_color\"><\/i><\/span><\/a>\n            \n            \n               \n    <\/div>\n<\/div>\n<\/section>\n    \n    \n<style>\n    #block_6efe8a32e8591f46bc8b75ad8267f568 {\n                background: #FBBA00; \n        }\n<\/style>\n\n  \n<section class=\"our_achivements\"  id=\"block_19817e7c14b2818b032811afc02c1a13\">\n        <div class=\"our_achivements_inner\">\n            <div class=\"container\">\n                <div class=\"achivements_wrapper_left\">\n                    <h2 class=\"mb-24\">Eis <span class=\"primary_color\">Realisatiounen<\/span><\/h2>\n                                            <p class=\"achievements_description small mb-20\">Iwwer d&#8217;Joren hunn divers Institutiounen, Architekten, Promoteuren a privat Clienten eis hiert Vertraue geschenkt, fir hire Projet an d&#8217;Realit\u00e9it \u00ebmzesetzen. Mir invit\u00e9ieren Iech, e puer vun eise Realisatiounen entdecken ze kommen, d\u00e9i Iech fir \u00c4re pers\u00e9inleche Projet inspir\u00e9ieren, wann et \u00ebm \u00c4r F\u00ebnsteren, Dieren a Pergolae geet. Mir hoffen, datt mir Iech mat eisem Knowhow vun eise Kapazit\u00e9ite fir \u00c4ren zuk\u00fcnftege Projet iwwerzeege k\u00ebnnen. <\/p>\n                                                                <a href=\"https:\/\/metalica.lu\/lb\/realisatiounen\/\"  class=\"gray_btn_fill\">Entdeckt eis Realisatiounen <span class=\"pl-10\"><i class=\"fa-solid fa-arrow-right primary_color\"><\/i><\/span><\/a>\n                                                                                        \n                <\/div>   \n            <\/div>                      \n        <\/div>\n        <div class=\"our_achivements_tab_view\">\n            <div class=\"our_achivements_tab_inner\">\n                <div class=\"our_achivements_tab_img\">\n                    <img decoding=\"async\" src=\"https:\/\/metalica.lu\/wp-content\/uploads\/2023\/11\/DSC_0465.jpg\">\n                <\/div>\n                <div class=\"our_achivements_tab_img\">\n                    <img decoding=\"async\" src=\"\">\n                <\/div>\n            <\/div>\n        <\/div>\n    <\/section>\n    \n    <style>\n        \n        #block_19817e7c14b2818b032811afc02c1a13.our_achivements::after{\n            background: url(\"\"); \n            height: 100%;\n            width: 25%;\n            background-repeat: no-repeat;\n            background-position: right center;\n            background-size: cover;\n            z-index: -1;\n            min-height: 540px;\n        }\n        #block_19817e7c14b2818b032811afc02c1a13.our_achivements::before{\n\n            background: url(\"https:\/\/metalica.lu\/wp-content\/uploads\/2023\/11\/DSC_0465.jpg\"); \n            height: 100%;\n            width: 25%;\n            background-repeat: no-repeat;\n            background-position: right center;\n            background-size: cover;\n            z-index: -1;\n            min-height: 540px;\n        }        \n        #block_19817e7c14b2818b032811afc02c1a13.our_achivements .our_achivements_inner::before {        \n            background: #f9fafb url(\"\"); \n            background-repeat: no-repeat;\n    min-height: 540px;\n    width: 50%;\n    background-position: bottom; \n    z-index: -1;\n        }\n    <\/style>","protected":false},"excerpt":{"rendered":"","protected":false},"author":14,"featured_media":0,"parent":0,"menu_order":0,"comment_status":"closed","ping_status":"closed","template":"","meta":{"_acf_changed":false,"footnotes":""},"class_list":["post-8528","page","type-page","status-publish","hentry"],"acf":[],"yoast_head":"<!-- This site is optimized with the Yoast SEO Premium plugin v27.2 (Yoast SEO v27.5) - https:\/\/yoast.com\/product\/yoast-seo-premium-wordpress\/ -->\n<title>Portes, fen\u00eatres et pergolas - Metalica<\/title>\n<meta name=\"description\" content=\"Wielt Dieren a F\u00ebnsteren op d&#039;Mooss! || Pos an Installatioun vun Dieren a F\u00ebnsteren duerch ganz L\u00ebtzebuerg || Frot \u00c4ren Devis, en ass 100 % gratis!\" \/>\n<meta name=\"robots\" content=\"index, follow, max-snippet:-1, max-image-preview:large, max-video-preview:-1\" \/>\n<link rel=\"canonical\" href=\"https:\/\/metalica.lu\/lb\/\" \/>\n<meta property=\"og:locale\" content=\"en_US\" \/>\n<meta property=\"og:type\" content=\"article\" \/>\n<meta property=\"og:title\" content=\"Accueil\" \/>\n<meta property=\"og:description\" content=\"Wielt Dieren a F\u00ebnsteren op d&#039;Mooss! || Pos an Installatioun vun Dieren a F\u00ebnsteren duerch ganz L\u00ebtzebuerg || Frot \u00c4ren Devis, en ass 100 % gratis!\" \/>\n<meta property=\"og:url\" content=\"https:\/\/metalica.lu\/lb\/\" \/>\n<meta property=\"og:site_name\" content=\"Metalica\" \/>\n<meta property=\"article:publisher\" content=\"https:\/\/www.facebook.com\/metalicahome\/\" \/>\n<meta property=\"article:modified_time\" content=\"2026-03-17T08:27:11+00:00\" \/>\n<meta name=\"twitter:card\" content=\"summary_large_image\" \/>\n<meta name=\"twitter:label1\" content=\"Est. reading time\" \/>\n\t<meta name=\"twitter:data1\" content=\"2 minutes\" \/>\n<script type=\"application\/ld+json\" class=\"yoast-schema-graph\">{\"@context\":\"https:\\\/\\\/schema.org\",\"@graph\":[{\"@type\":\"WebPage\",\"@id\":\"https:\\\/\\\/metalica.lu\\\/lb\\\/\",\"url\":\"https:\\\/\\\/metalica.lu\\\/lb\\\/\",\"name\":\"Portes, fen\u00eatres et pergolas - Metalica\",\"isPartOf\":{\"@id\":\"https:\\\/\\\/metalica.lu\\\/lb\\\/#website\"},\"datePublished\":\"2023-06-10T15:14:47+00:00\",\"dateModified\":\"2026-03-17T08:27:11+00:00\",\"description\":\"Wielt Dieren a F\u00ebnsteren op d'Mooss! || Pos an Installatioun vun Dieren a F\u00ebnsteren duerch ganz L\u00ebtzebuerg || Frot \u00c4ren Devis, en ass 100 % gratis!\",\"breadcrumb\":{\"@id\":\"https:\\\/\\\/metalica.lu\\\/lb\\\/#breadcrumb\"},\"inLanguage\":\"lb-LU\",\"potentialAction\":[{\"@type\":\"ReadAction\",\"target\":[\"https:\\\/\\\/metalica.lu\\\/lb\\\/\"]}]},{\"@type\":\"BreadcrumbList\",\"@id\":\"https:\\\/\\\/metalica.lu\\\/lb\\\/#breadcrumb\",\"itemListElement\":[{\"@type\":\"ListItem\",\"position\":1,\"name\":\"Accueil\",\"item\":\"https:\\\/\\\/metalica.lu\\\/lb\\\/\"},{\"@type\":\"ListItem\",\"position\":2,\"name\":\"Accueil\"}]},{\"@type\":\"WebSite\",\"@id\":\"https:\\\/\\\/metalica.lu\\\/lb\\\/#website\",\"url\":\"https:\\\/\\\/metalica.lu\\\/lb\\\/\",\"name\":\"Metalica\",\"description\":\"\",\"publisher\":{\"@id\":\"https:\\\/\\\/metalica.lu\\\/lb\\\/#organization\"},\"potentialAction\":[{\"@type\":\"SearchAction\",\"target\":{\"@type\":\"EntryPoint\",\"urlTemplate\":\"https:\\\/\\\/metalica.lu\\\/lb\\\/?s={search_term_string}\"},\"query-input\":{\"@type\":\"PropertyValueSpecification\",\"valueRequired\":true,\"valueName\":\"search_term_string\"}}],\"inLanguage\":\"lb-LU\"},{\"@type\":\"Organization\",\"@id\":\"https:\\\/\\\/metalica.lu\\\/lb\\\/#organization\",\"name\":\"Metalica\",\"url\":\"https:\\\/\\\/metalica.lu\\\/lb\\\/\",\"logo\":{\"@type\":\"ImageObject\",\"inLanguage\":\"lb-LU\",\"@id\":\"https:\\\/\\\/metalica.lu\\\/lb\\\/#\\\/schema\\\/logo\\\/image\\\/\",\"url\":\"https:\\\/\\\/metalica.lu\\\/wp-content\\\/uploads\\\/2024\\\/05\\\/site-logo.png\",\"contentUrl\":\"https:\\\/\\\/metalica.lu\\\/wp-content\\\/uploads\\\/2024\\\/05\\\/site-logo.png\",\"width\":238,\"height\":62,\"caption\":\"Metalica\"},\"image\":{\"@id\":\"https:\\\/\\\/metalica.lu\\\/lb\\\/#\\\/schema\\\/logo\\\/image\\\/\"},\"sameAs\":[\"https:\\\/\\\/www.facebook.com\\\/metalicahome\\\/\"]}]}<\/script>\n<!-- \/ Yoast SEO Premium plugin. -->","yoast_head_json":{"title":"Portes, fen\u00eatres et pergolas - Metalica","description":"Wielt Dieren a F\u00ebnsteren op d'Mooss! || Pos an Installatioun vun Dieren a F\u00ebnsteren duerch ganz L\u00ebtzebuerg || Frot \u00c4ren Devis, en ass 100 % gratis!","robots":{"index":"index","follow":"follow","max-snippet":"max-snippet:-1","max-image-preview":"max-image-preview:large","max-video-preview":"max-video-preview:-1"},"canonical":"https:\/\/metalica.lu\/lb\/","og_locale":"en_US","og_type":"article","og_title":"Accueil","og_description":"Wielt Dieren a F\u00ebnsteren op d'Mooss! || Pos an Installatioun vun Dieren a F\u00ebnsteren duerch ganz L\u00ebtzebuerg || Frot \u00c4ren Devis, en ass 100 % gratis!","og_url":"https:\/\/metalica.lu\/lb\/","og_site_name":"Metalica","article_publisher":"https:\/\/www.facebook.com\/metalicahome\/","article_modified_time":"2026-03-17T08:27:11+00:00","twitter_card":"summary_large_image","twitter_misc":{"Est. reading time":"2 minutes"},"schema":{"@context":"https:\/\/schema.org","@graph":[{"@type":"WebPage","@id":"https:\/\/metalica.lu\/lb\/","url":"https:\/\/metalica.lu\/lb\/","name":"Portes, fen\u00eatres et pergolas - Metalica","isPartOf":{"@id":"https:\/\/metalica.lu\/lb\/#website"},"datePublished":"2023-06-10T15:14:47+00:00","dateModified":"2026-03-17T08:27:11+00:00","description":"Wielt Dieren a F\u00ebnsteren op d'Mooss! || Pos an Installatioun vun Dieren a F\u00ebnsteren duerch ganz L\u00ebtzebuerg || Frot \u00c4ren Devis, en ass 100 % gratis!","breadcrumb":{"@id":"https:\/\/metalica.lu\/lb\/#breadcrumb"},"inLanguage":"lb-LU","potentialAction":[{"@type":"ReadAction","target":["https:\/\/metalica.lu\/lb\/"]}]},{"@type":"BreadcrumbList","@id":"https:\/\/metalica.lu\/lb\/#breadcrumb","itemListElement":[{"@type":"ListItem","position":1,"name":"Accueil","item":"https:\/\/metalica.lu\/lb\/"},{"@type":"ListItem","position":2,"name":"Accueil"}]},{"@type":"WebSite","@id":"https:\/\/metalica.lu\/lb\/#website","url":"https:\/\/metalica.lu\/lb\/","name":"Metalica","description":"","publisher":{"@id":"https:\/\/metalica.lu\/lb\/#organization"},"potentialAction":[{"@type":"SearchAction","target":{"@type":"EntryPoint","urlTemplate":"https:\/\/metalica.lu\/lb\/?s={search_term_string}"},"query-input":{"@type":"PropertyValueSpecification","valueRequired":true,"valueName":"search_term_string"}}],"inLanguage":"lb-LU"},{"@type":"Organization","@id":"https:\/\/metalica.lu\/lb\/#organization","name":"Metalica","url":"https:\/\/metalica.lu\/lb\/","logo":{"@type":"ImageObject","inLanguage":"lb-LU","@id":"https:\/\/metalica.lu\/lb\/#\/schema\/logo\/image\/","url":"https:\/\/metalica.lu\/wp-content\/uploads\/2024\/05\/site-logo.png","contentUrl":"https:\/\/metalica.lu\/wp-content\/uploads\/2024\/05\/site-logo.png","width":238,"height":62,"caption":"Metalica"},"image":{"@id":"https:\/\/metalica.lu\/lb\/#\/schema\/logo\/image\/"},"sameAs":["https:\/\/www.facebook.com\/metalicahome\/"]}]}},"_links":{"self":[{"href":"https:\/\/metalica.lu\/lb\/wp-json\/wp\/v2\/pages\/8528","targetHints":{"allow":["GET"]}}],"collection":[{"href":"https:\/\/metalica.lu\/lb\/wp-json\/wp\/v2\/pages"}],"about":[{"href":"https:\/\/metalica.lu\/lb\/wp-json\/wp\/v2\/types\/page"}],"author":[{"embeddable":true,"href":"https:\/\/metalica.lu\/lb\/wp-json\/wp\/v2\/users\/14"}],"replies":[{"embeddable":true,"href":"https:\/\/metalica.lu\/lb\/wp-json\/wp\/v2\/comments?post=8528"}],"version-history":[{"count":8,"href":"https:\/\/metalica.lu\/lb\/wp-json\/wp\/v2\/pages\/8528\/revisions"}],"predecessor-version":[{"id":8829,"href":"https:\/\/metalica.lu\/lb\/wp-json\/wp\/v2\/pages\/8528\/revisions\/8829"}],"wp:attachment":[{"href":"https:\/\/metalica.lu\/lb\/wp-json\/wp\/v2\/media?parent=8528"}],"curies":[{"name":"wp","href":"https:\/\/api.w.org\/{rel}","templated":true}]}}