{"id":7229,"date":"2024-08-26T15:20:32","date_gmt":"2024-08-26T13:20:32","guid":{"rendered":"https:\/\/metalica.lu\/merci-pour-votre-candidature\/"},"modified":"2024-11-22T13:19:07","modified_gmt":"2024-11-22T12:19:07","slug":"danke-fuer-ihre-bewerbung","status":"publish","type":"page","link":"https:\/\/metalica.lu\/de\/danke-fuer-ihre-bewerbung\/","title":{"rendered":"Danke f\u00fcr ihre Bewerbung"},"content":{"rendered":"\n<section class=\"not_found\">\n    <div class=\"container\">\n        <div class=\"not_found_content\">\n            <h2 class=\"mb-20\"><span class=\"primary_color\">Danke f\u00fcr Ihre Bewerbung.<\/span><\/h2>\n            <p class=\"small mb-24\">Eine Best\u00e4tigungs-E-Mail wurde Ihnen zugesandt.<\/p>\n            <a href=\"\/\" class=\"gray_btn_fill width-md-100\">Zur\u00fcck zur Startseite <span class=\"pl-10\"><i class=\"fa-solid fa-arrow-right primary_color\"><\/i><\/span><\/a>\n        <\/div>\n    <\/div>\n<\/section>\n","protected":false},"excerpt":{"rendered":"<p>Danke f\u00fcr Ihre Bewerbung. Eine Best\u00e4tigungs-E-Mail wurde Ihnen zugesandt. Zur\u00fcck zur Startseite<\/p>\n","protected":false},"author":14,"featured_media":0,"parent":0,"menu_order":0,"comment_status":"closed","ping_status":"closed","template":"","meta":{"_acf_changed":false,"footnotes":""},"class_list":["post-7229","page","type-page","status-publish","hentry"],"acf":[],"yoast_head":"<!-- This site is optimized with the Yoast SEO Premium plugin v27.2 (Yoast SEO v27.5) - https:\/\/yoast.com\/product\/yoast-seo-premium-wordpress\/ -->\n<title>Danke f\u00fcr ihre Bewerbung - Metalica<\/title>\n<meta name=\"description\" content=\"Vielen Dank f\u00fcr Ihre Bewerbung. Eine Best\u00e4tigungs-E-Mail wurde Ihnen zugesandt.\" \/>\n<meta name=\"robots\" content=\"index, follow, max-snippet:-1, max-image-preview:large, max-video-preview:-1\" \/>\n<link rel=\"canonical\" href=\"https:\/\/metalica.lu\/de\/danke-fuer-ihre-bewerbung\/\" \/>\n<meta property=\"og:locale\" content=\"de_DE\" \/>\n<meta property=\"og:type\" content=\"article\" \/>\n<meta property=\"og:title\" content=\"Danke f\u00fcr ihre Bewerbung\" \/>\n<meta property=\"og:description\" content=\"Vielen Dank f\u00fcr Ihre Bewerbung. Eine Best\u00e4tigungs-E-Mail wurde Ihnen zugesandt.\" \/>\n<meta property=\"og:url\" content=\"https:\/\/metalica.lu\/de\/danke-fuer-ihre-bewerbung\/\" \/>\n<meta property=\"og:site_name\" content=\"Metalica\" \/>\n<meta property=\"article:publisher\" content=\"https:\/\/www.facebook.com\/metalicahome\/\" \/>\n<meta property=\"article:modified_time\" content=\"2024-11-22T12:19:07+00:00\" \/>\n<meta name=\"twitter:card\" content=\"summary_large_image\" \/>\n<meta name=\"twitter:label1\" content=\"Gesch\u00e4tzte Lesezeit\" \/>\n\t<meta name=\"twitter:data1\" content=\"1\u00a0Minute\" \/>\n<script type=\"application\/ld+json\" class=\"yoast-schema-graph\">{\"@context\":\"https:\\\/\\\/schema.org\",\"@graph\":[{\"@type\":\"WebPage\",\"@id\":\"https:\\\/\\\/metalica.lu\\\/de\\\/danke-fuer-ihre-bewerbung\\\/\",\"url\":\"https:\\\/\\\/metalica.lu\\\/de\\\/danke-fuer-ihre-bewerbung\\\/\",\"name\":\"Danke f\u00fcr ihre Bewerbung - Metalica\",\"isPartOf\":{\"@id\":\"https:\\\/\\\/metalica.lu\\\/de\\\/#website\"},\"datePublished\":\"2024-08-26T13:20:32+00:00\",\"dateModified\":\"2024-11-22T12:19:07+00:00\",\"description\":\"Vielen Dank f\u00fcr Ihre Bewerbung. Eine Best\u00e4tigungs-E-Mail wurde Ihnen zugesandt.\",\"breadcrumb\":{\"@id\":\"https:\\\/\\\/metalica.lu\\\/de\\\/danke-fuer-ihre-bewerbung\\\/#breadcrumb\"},\"inLanguage\":\"de\",\"potentialAction\":[{\"@type\":\"ReadAction\",\"target\":[\"https:\\\/\\\/metalica.lu\\\/de\\\/danke-fuer-ihre-bewerbung\\\/\"]}]},{\"@type\":\"BreadcrumbList\",\"@id\":\"https:\\\/\\\/metalica.lu\\\/de\\\/danke-fuer-ihre-bewerbung\\\/#breadcrumb\",\"itemListElement\":[{\"@type\":\"ListItem\",\"position\":1,\"name\":\"Accueil\",\"item\":\"https:\\\/\\\/metalica.lu\\\/de\\\/\"},{\"@type\":\"ListItem\",\"position\":2,\"name\":\"Danke f\u00fcr ihre Bewerbung\"}]},{\"@type\":\"WebSite\",\"@id\":\"https:\\\/\\\/metalica.lu\\\/de\\\/#website\",\"url\":\"https:\\\/\\\/metalica.lu\\\/de\\\/\",\"name\":\"Metalica\",\"description\":\"\",\"publisher\":{\"@id\":\"https:\\\/\\\/metalica.lu\\\/de\\\/#organization\"},\"potentialAction\":[{\"@type\":\"SearchAction\",\"target\":{\"@type\":\"EntryPoint\",\"urlTemplate\":\"https:\\\/\\\/metalica.lu\\\/de\\\/?s={search_term_string}\"},\"query-input\":{\"@type\":\"PropertyValueSpecification\",\"valueRequired\":true,\"valueName\":\"search_term_string\"}}],\"inLanguage\":\"de\"},{\"@type\":\"Organization\",\"@id\":\"https:\\\/\\\/metalica.lu\\\/de\\\/#organization\",\"name\":\"Metalica\",\"url\":\"https:\\\/\\\/metalica.lu\\\/de\\\/\",\"logo\":{\"@type\":\"ImageObject\",\"inLanguage\":\"de\",\"@id\":\"https:\\\/\\\/metalica.lu\\\/de\\\/#\\\/schema\\\/logo\\\/image\\\/\",\"url\":\"https:\\\/\\\/metalica.lu\\\/wp-content\\\/uploads\\\/2024\\\/05\\\/site-logo.png\",\"contentUrl\":\"https:\\\/\\\/metalica.lu\\\/wp-content\\\/uploads\\\/2024\\\/05\\\/site-logo.png\",\"width\":238,\"height\":62,\"caption\":\"Metalica\"},\"image\":{\"@id\":\"https:\\\/\\\/metalica.lu\\\/de\\\/#\\\/schema\\\/logo\\\/image\\\/\"},\"sameAs\":[\"https:\\\/\\\/www.facebook.com\\\/metalicahome\\\/\"]}]}<\/script>\n<!-- \/ Yoast SEO Premium plugin. -->","yoast_head_json":{"title":"Danke f\u00fcr ihre Bewerbung - Metalica","description":"Vielen Dank f\u00fcr Ihre Bewerbung. Eine Best\u00e4tigungs-E-Mail wurde Ihnen zugesandt.","robots":{"index":"index","follow":"follow","max-snippet":"max-snippet:-1","max-image-preview":"max-image-preview:large","max-video-preview":"max-video-preview:-1"},"canonical":"https:\/\/metalica.lu\/de\/danke-fuer-ihre-bewerbung\/","og_locale":"de_DE","og_type":"article","og_title":"Danke f\u00fcr ihre Bewerbung","og_description":"Vielen Dank f\u00fcr Ihre Bewerbung. Eine Best\u00e4tigungs-E-Mail wurde Ihnen zugesandt.","og_url":"https:\/\/metalica.lu\/de\/danke-fuer-ihre-bewerbung\/","og_site_name":"Metalica","article_publisher":"https:\/\/www.facebook.com\/metalicahome\/","article_modified_time":"2024-11-22T12:19:07+00:00","twitter_card":"summary_large_image","twitter_misc":{"Gesch\u00e4tzte Lesezeit":"1\u00a0Minute"},"schema":{"@context":"https:\/\/schema.org","@graph":[{"@type":"WebPage","@id":"https:\/\/metalica.lu\/de\/danke-fuer-ihre-bewerbung\/","url":"https:\/\/metalica.lu\/de\/danke-fuer-ihre-bewerbung\/","name":"Danke f\u00fcr ihre Bewerbung - Metalica","isPartOf":{"@id":"https:\/\/metalica.lu\/de\/#website"},"datePublished":"2024-08-26T13:20:32+00:00","dateModified":"2024-11-22T12:19:07+00:00","description":"Vielen Dank f\u00fcr Ihre Bewerbung. Eine Best\u00e4tigungs-E-Mail wurde Ihnen zugesandt.","breadcrumb":{"@id":"https:\/\/metalica.lu\/de\/danke-fuer-ihre-bewerbung\/#breadcrumb"},"inLanguage":"de","potentialAction":[{"@type":"ReadAction","target":["https:\/\/metalica.lu\/de\/danke-fuer-ihre-bewerbung\/"]}]},{"@type":"BreadcrumbList","@id":"https:\/\/metalica.lu\/de\/danke-fuer-ihre-bewerbung\/#breadcrumb","itemListElement":[{"@type":"ListItem","position":1,"name":"Accueil","item":"https:\/\/metalica.lu\/de\/"},{"@type":"ListItem","position":2,"name":"Danke f\u00fcr ihre Bewerbung"}]},{"@type":"WebSite","@id":"https:\/\/metalica.lu\/de\/#website","url":"https:\/\/metalica.lu\/de\/","name":"Metalica","description":"","publisher":{"@id":"https:\/\/metalica.lu\/de\/#organization"},"potentialAction":[{"@type":"SearchAction","target":{"@type":"EntryPoint","urlTemplate":"https:\/\/metalica.lu\/de\/?s={search_term_string}"},"query-input":{"@type":"PropertyValueSpecification","valueRequired":true,"valueName":"search_term_string"}}],"inLanguage":"de"},{"@type":"Organization","@id":"https:\/\/metalica.lu\/de\/#organization","name":"Metalica","url":"https:\/\/metalica.lu\/de\/","logo":{"@type":"ImageObject","inLanguage":"de","@id":"https:\/\/metalica.lu\/de\/#\/schema\/logo\/image\/","url":"https:\/\/metalica.lu\/wp-content\/uploads\/2024\/05\/site-logo.png","contentUrl":"https:\/\/metalica.lu\/wp-content\/uploads\/2024\/05\/site-logo.png","width":238,"height":62,"caption":"Metalica"},"image":{"@id":"https:\/\/metalica.lu\/de\/#\/schema\/logo\/image\/"},"sameAs":["https:\/\/www.facebook.com\/metalicahome\/"]}]}},"_links":{"self":[{"href":"https:\/\/metalica.lu\/de\/wp-json\/wp\/v2\/pages\/7229","targetHints":{"allow":["GET"]}}],"collection":[{"href":"https:\/\/metalica.lu\/de\/wp-json\/wp\/v2\/pages"}],"about":[{"href":"https:\/\/metalica.lu\/de\/wp-json\/wp\/v2\/types\/page"}],"author":[{"embeddable":true,"href":"https:\/\/metalica.lu\/de\/wp-json\/wp\/v2\/users\/14"}],"replies":[{"embeddable":true,"href":"https:\/\/metalica.lu\/de\/wp-json\/wp\/v2\/comments?post=7229"}],"version-history":[{"count":0,"href":"https:\/\/metalica.lu\/de\/wp-json\/wp\/v2\/pages\/7229\/revisions"}],"wp:attachment":[{"href":"https:\/\/metalica.lu\/de\/wp-json\/wp\/v2\/media?parent=7229"}],"curies":[{"name":"wp","href":"https:\/\/api.w.org\/{rel}","templated":true}]}}