{"id":1589,"date":"2023-06-10T17:14:47","date_gmt":"2023-06-10T15:14:47","guid":{"rendered":"https:\/\/metalica.lu\/heim\/"},"modified":"2025-02-06T15:57:50","modified_gmt":"2025-02-06T14:57:50","slug":"startseite","status":"publish","type":"page","link":"https:\/\/metalica.lu\/de\/","title":{"rendered":"Startseite"},"content":{"rendered":"  \n     <section class=\"right_img_left_content\" id=\"block_7b2913f6fdd953a4b5b9b0d47506c9e6\">\n        <div class=\"container fluid\">\n            <div class=\"img_content_inner\">\n                <div class=\"img_content_wrapper\">\n                    <div class=\"img_content_wrapper_inner\" style=\"color: ; text-align: left\">\n                    <h1 class=\"mb-20\">T\u00fcren- und Fensterbauer in Luxemburg seit <span class=\"primary_color\">1956 <\/span><\/h1>\n                    <p class=\"large mb-20\">Eine gro\u00dfe Auswahl an T\u00fcren und Fenstern f\u00fcr Ihr Bau- oder Sanierungsprojekt.<\/p>\n                                            <a href=\"https:\/\/metalica.lu\/de\/kontakt?select=Angebot\"  class=\"gray_btn_fill\">Kostenloses Angebot anfordern <span><i class=\"fa-solid fa-arrow-right primary_color\"><\/i><\/span><\/a>\n                                        <\/div>\n                <\/div>\n            <\/div>  \n        <\/div>\n    <\/section>\n    <style>\n    #block_7b2913f6fdd953a4b5b9b0d47506c9e6.right_img_left_content::before{    \n        background: url(\"https:\/\/metalica.lu\/wp-content\/uploads\/2023\/06\/Auberge-de-jeunesse-Esch-1.jpg\"); \n        background-repeat: no-repeat;\n        background-position: right center;\n        background-size: cover;     \n    }\n    #block_7b2913f6fdd953a4b5b9b0d47506c9e6 .gray_btn_fill{  \n        color: #ffffff;\n        background-color: #171C28;        \n    }\n\n    <\/style>\n    \n\n  \n     <section class=\"left_img_right_content\" id=\"block_ec79b9d823ddd51c957cab4875825bb9\">\n        <div class=\"container fluid\">\n            <div class=\"img_content_inner\">\n                <div class=\"img_content_wrapper\">\n                    <div class=\"img_content_wrapper_inner\">\n                            <h2 class=\"mb-20\">Besuchen Sie unseren <span class=\"primary_color\"> Metalica Showroom <\/span> in Esch-sur-Alzette !\r\n\r\n<\/h2>\n                            <p class=\"small mb-20\">In unserem einzigartigen, \u00fcber 500 m2 gro\u00dfen Showroom pr\u00e4sentieren wir Ihnen ein gro\u00dfes Angebot an T\u00fcren, Fenstern und Schiebesystemen aus Aluminium, Holz sowie Holz-Aluminium-Kombinationen oder PVC. Damit Sie sich Ihr Projekt besser vorstellen k\u00f6nnen, stellen wir alle Rahmenarten in einer real anmutenden Umgebung aus, ausgestattet mit Verdunkelungsl\u00f6sungen (Rollladen oder Raffstoren) sowie mit Fensterb\u00e4nken f\u00fcr den Au\u00dfenbereich. Hier finden Sie auch bioklimatische oder verglaste Pergola-Modelle in Originalgr\u00f6\u00dfe, unsere Schmuckst\u00fccke f\u00fcr Garten und Terrasse. Bei Ihrem Besuch wird Ihnen ein fachkundiger Berater bei der Planung Ihres Bau- oder Sanierungsprojekts f\u00fcr Ihr Haus behilflich sein.<\/p>\n<div class=\"flex justify-between align-center mb-20\">\n<div>\n<h4>Hier finden Sie unseren Showroom:<\/h4>\n<p class=\"small mb-8\">181 rue de Luxembourg<br \/>\nL-4222 Esch\/Alzette<\/p>\n<\/div>\n<div>\n<h4>\u00d6ffnungszeiten:<\/h4>\n<p class=\"small mb-8\">Montag bis Freitag: 9 bis 18 Uhr<br \/>\nSamstag: 9 bis 13 Uhr<\/p>\n<\/div>\n<\/div>\n<p class=\"iframe-container\"><iframe loading=\"lazy\" style=\"border: 0;\" src=\"https:\/\/www.google.com\/maps\/embed?pb=!1m14!1m8!1m3!1d3559.7304191138687!2d5.985023057410151!3d49.505914141156275!3m2!1i1024!2i768!4f13.1!3m3!1m2!1s0x4795354121dbc0af%3A0x2688735887283e88!2sMetalica%20Home%20-Showroom!5e0!3m2!1sen!2sin!4v1689151386916!5m2!1sen!2sin\" width=\"600\" height=\"450\" allowfullscreen=\"allowfullscreen\"><\/iframe><\/p>\n                                                <\/div>\n                <\/div>\n                \n            <\/div>  \n        <\/div>\n    <\/section>\n    <style>\n    #block_ec79b9d823ddd51c957cab4875825bb9.left_img_right_content::before{    \n        background: url(\"https:\/\/metalica.lu\/wp-content\/uploads\/2024\/07\/home-page-showroom-e1720704655468.jpg\"); \n        background-repeat: no-repeat;\n        background-position: left center;\n        background-size: cover;     \n    }\n    #block_ec79b9d823ddd51c957cab4875825bb9 .gray_btn_fill{  \n        color: ;\n        background-color: ;        \n    }\n\n    <\/style>\n\n\n  \n    <section class=\"discover_product\" id=\"block_0da8aa96018024531e8bad3b23cea109\">\n        <div class=\"container\">\n            <div class=\"discover_product_wrapper\">\n                <div class=\"discover_product_inner\">\n                    <h2 class=\"mb-20\"><span class=\"primary_color\">Metalica<\/span> Produkte ansehen\r\n\r\n<\/h2>\n                                            <ul class=\"discover_product_lists\">\n                                                            <li>\n                                    <a href=\"\/de\/haustueren\/\" style=\"text-decoration:none;\">\n                                        <img decoding=\"async\" src=\"https:\/\/metalica.lu\/wp-content\/uploads\/2023\/06\/reshot-icon-door.png\" alt=\"Haust\u00fcren\">\n                                        <h4>Haust\u00fcren<\/h4>\n                                    <\/a>\n                                <\/li>\n                                                            <li>\n                                    <a href=\"\/de\/fenster\/\" style=\"text-decoration:none;\">\n                                        <img decoding=\"async\" src=\"https:\/\/metalica.lu\/wp-content\/uploads\/2023\/06\/reshot-icon-window.png\" alt=\"Fenster\">\n                                        <h4>Fenster<\/h4>\n                                    <\/a>\n                                <\/li>\n                                                            <li>\n                                    <a href=\"\/de\/pergolen-und-veranden\/\" style=\"text-decoration:none;\">\n                                        <img decoding=\"async\" src=\"https:\/\/metalica.lu\/wp-content\/uploads\/2023\/06\/ic_round-balcony.png\" alt=\"Pergolen und Veranden\">\n                                        <h4>Pergolen und Veranden<\/h4>\n                                    <\/a>\n                                <\/li>\n                                                            <li>\n                                    <a href=\"\/de\/Sonnenschutz\/\" style=\"text-decoration:none;\">\n                                        <img decoding=\"async\" src=\"https:\/\/metalica.lu\/wp-content\/uploads\/2023\/06\/mdi_sun-angle-outline.png\" alt=\"Sonnenschutz\">\n                                        <h4>Sonnenschutz<\/h4>\n                                    <\/a>\n                                <\/li>\n                                                            <li>\n                                    <a href=\"\/de\/fassadensysteme\/\" style=\"text-decoration:none;\">\n                                        <img decoding=\"async\" src=\"https:\/\/metalica.lu\/wp-content\/uploads\/2023\/06\/tabler_wall.png\" alt=\"Fassadensysteme\">\n                                        <h4>Fassadensysteme<\/h4>\n                                    <\/a>\n                                <\/li>\n                                                    <\/ul>\n                                    <\/div>\n            <\/div>\n        <\/div>\n    <\/section>\n    \n    <style>\n        #block_0da8aa96018024531e8bad3b23cea109 {\n                    background: url(\"https:\/\/metalica.lu\/wp-content\/uploads\/2023\/06\/discover-product-bg.png\"); \n\t\t\tbackground-repeat: no-repeat;\n\t\t\tbackground-size: cover;\n\t\t\tbackground-position: center;\n\t\t\tposition: relative;\n                        }\n    <\/style>\n\n\n  \n<section class=\"choose_metalica\" id=\"block_1ed8d6b8c4dab3c4ace54f224d3ae4aa\">\n<div class=\"container\">\n    <h2 class=\"mb-20\">Warum Metalica ?<\/h2>\n    <p class=\"large  \">Wir setzen unser gesamtes Know-how und unsere Erfahrung ein, um Ihre Projekte zu verwirklichen.\r\n<\/p>\n    <div class=\"choose_metalica_inner\">\n            <ul class=\"choose_metalica_details\">\n                        <li>\n                <h3 class=\"mb-8\"><\/h3>\n                <h2 class=\"mb-8 font-28\">Erfahrung <\/h2>\n                <p class=\"small\">Seit mehr als 65 Jahren in Luxemburg ans\u00e4ssig<\/p>\n            <\/li>\n                        <li>\n                <h3 class=\"mb-8\"><\/h3>\n                <h2 class=\"mb-8 font-28\">Know-how <\/h2>\n                <p class=\"small\">\u00dcber 400 realisierte Projekte pro Jahr<\/p>\n            <\/li>\n                        <li>\n                <h3 class=\"mb-8\"><\/h3>\n                <h2 class=\"mb-8 font-28\">Vertrauen <\/h2>\n                <p class=\"small\">130 erfahrene Mitarbeiter<\/p>\n            <\/li>\n                        <li>\n                <h3 class=\"mb-8\"><\/h3>\n                <h2 class=\"mb-8 font-28\">Langlebigkeit<\/h2>\n                <p class=\"small\">Kundendienst f\u00fcr Wartung und Reparatur<\/p>\n            <\/li>\n                        <li>\n                <h3 class=\"mb-8\"><\/h3>\n                <h2 class=\"mb-8 font-28\">Qualit\u00e4t <\/h2>\n                <p class=\"small\">Eigene Produktion und Montageteams, keine Subunternehmer<\/p>\n            <\/li>\n                        <li>\n                <h3 class=\"mb-8\"><\/h3>\n                <h2 class=\"mb-8 font-28\">Wettbewerbsf\u00e4higkeit <\/h2>\n                <p class=\"small\">Garantie eines fairen Preis-Leistungs-Verh\u00e4ltnisses<\/p>\n            <\/li>\n                    <\/ul>\n                \n                            <a href=\"https:\/\/metalica.lu\/de\/unternehmen\/\"  class=\"gray_btn_fill width-md-100  \">Mehr \u00fcber uns  <span class=\"pl-10\"><i class=\"fa-solid fa-arrow-right primary_color\"><\/i><\/span><\/a>\n            \n            \n               \n    <\/div>\n<\/div>\n<\/section>\n    \n    \n<style>\n    #block_1ed8d6b8c4dab3c4ace54f224d3ae4aa {\n                background: #FBBA00; \n        }\n<\/style>\n\n  \n<section class=\"our_achivements\"  id=\"block_634509aca4afc69a64ae61f68a412e17\">\n        <div class=\"our_achivements_inner\">\n            <div class=\"container\">\n                <div class=\"achivements_wrapper_left\">\n                    <h2 class=\"mb-24\">Unsere <span class=\"primary_color\">Projektbeispiele<\/span><\/h2>\n                                            <p class=\"achievements_description small mb-20\">\u00dcber all die Jahre unseres Bestehens hinweg haben uns Institutionen, Architekten, Unternehmen, Bautr\u00e4ger und Privatkunden ihr Vertrauen bei der Umsetzung ihrer Projekte geschenkt. Hier finden Sie einige unserer Arbeiten als Inspiration bei der Auswahl Ihrer Fenster, T\u00fcren oder Pergolen. Diese Beispiele zeigen Ihnen, wie wir Ihr Projekt mit unserem Know-how zum Erfolg f\u00fchren.\r\n <\/p>\n                                                                <a href=\"https:\/\/metalica.lu\/de\/projektbeispiele\/\"  class=\"gray_btn_fill\">Projektbeispiele ansehen <span class=\"pl-10\"><i class=\"fa-solid fa-arrow-right primary_color\"><\/i><\/span><\/a>\n                                                                                        \n                <\/div>   \n            <\/div>                      \n        <\/div>\n        <div class=\"our_achivements_tab_view\">\n            <div class=\"our_achivements_tab_inner\">\n                <div class=\"our_achivements_tab_img\">\n                    <img decoding=\"async\" src=\"https:\/\/metalica.lu\/wp-content\/uploads\/2023\/11\/DSC_0465.jpg\">\n                <\/div>\n                <div class=\"our_achivements_tab_img\">\n                    <img decoding=\"async\" src=\"\">\n                <\/div>\n            <\/div>\n        <\/div>\n    <\/section>\n    \n    <style>\n        \n        #block_634509aca4afc69a64ae61f68a412e17.our_achivements::after{\n            background: url(\"\"); \n            height: 100%;\n            width: 25%;\n            background-repeat: no-repeat;\n            background-position: right center;\n            background-size: cover;\n            z-index: -1;\n            min-height: 540px;\n        }\n        #block_634509aca4afc69a64ae61f68a412e17.our_achivements::before{\n\n            background: url(\"https:\/\/metalica.lu\/wp-content\/uploads\/2023\/11\/DSC_0465.jpg\"); \n            height: 100%;\n            width: 25%;\n            background-repeat: no-repeat;\n            background-position: right center;\n            background-size: cover;\n            z-index: -1;\n            min-height: 540px;\n        }        \n        #block_634509aca4afc69a64ae61f68a412e17.our_achivements .our_achivements_inner::before {        \n            background: #f9fafb url(\"\"); \n            background-repeat: no-repeat;\n    min-height: 540px;\n    width: 50%;\n    background-position: bottom; \n    z-index: -1;\n        }\n    <\/style>","protected":false},"excerpt":{"rendered":"","protected":false},"author":14,"featured_media":0,"parent":0,"menu_order":0,"comment_status":"closed","ping_status":"closed","template":"","meta":{"_acf_changed":false,"footnotes":""},"class_list":["post-1589","page","type-page","status-publish","hentry"],"acf":[],"yoast_head":"<!-- This site is optimized with the Yoast SEO Premium plugin v27.2 (Yoast SEO v27.5) - https:\/\/yoast.com\/product\/yoast-seo-premium-wordpress\/ -->\n<title>Startseite - Metalica<\/title>\n<meta name=\"description\" content=\"Ihr Fenster T\u00fcren und Fenster nach Ma\u00df | Einbau und Montage von T\u00fcren und Fenstern in ganz Luxemburg | Fordern Sie ein Angebot an - 100 % kostenlos!\" \/>\n<meta name=\"robots\" content=\"index, follow, max-snippet:-1, max-image-preview:large, max-video-preview:-1\" \/>\n<link rel=\"canonical\" href=\"https:\/\/metalica.lu\/de\/\" \/>\n<meta property=\"og:locale\" content=\"de_DE\" \/>\n<meta property=\"og:type\" content=\"article\" \/>\n<meta property=\"og:title\" content=\"Startseite\" \/>\n<meta property=\"og:description\" content=\"Ihr Fenster T\u00fcren und Fenster nach Ma\u00df | Einbau und Montage von T\u00fcren und Fenstern in ganz Luxemburg | Fordern Sie ein Angebot an - 100 % kostenlos!\" \/>\n<meta property=\"og:url\" content=\"https:\/\/metalica.lu\/de\/\" \/>\n<meta property=\"og:site_name\" content=\"Metalica\" \/>\n<meta property=\"article:publisher\" content=\"https:\/\/www.facebook.com\/metalicahome\/\" \/>\n<meta property=\"article:modified_time\" content=\"2025-02-06T14:57:50+00:00\" \/>\n<meta name=\"twitter:card\" content=\"summary_large_image\" \/>\n<meta name=\"twitter:label1\" content=\"Gesch\u00e4tzte Lesezeit\" \/>\n\t<meta name=\"twitter:data1\" content=\"2\u00a0Minuten\" \/>\n<script type=\"application\/ld+json\" class=\"yoast-schema-graph\">{\"@context\":\"https:\\\/\\\/schema.org\",\"@graph\":[{\"@type\":\"WebPage\",\"@id\":\"https:\\\/\\\/metalica.lu\\\/de\\\/\",\"url\":\"https:\\\/\\\/metalica.lu\\\/de\\\/\",\"name\":\"Startseite - Metalica\",\"isPartOf\":{\"@id\":\"https:\\\/\\\/metalica.lu\\\/de\\\/#website\"},\"datePublished\":\"2023-06-10T15:14:47+00:00\",\"dateModified\":\"2025-02-06T14:57:50+00:00\",\"description\":\"Ihr Fenster T\u00fcren und Fenster nach Ma\u00df | Einbau und Montage von T\u00fcren und Fenstern in ganz Luxemburg | Fordern Sie ein Angebot an - 100 % kostenlos!\",\"breadcrumb\":{\"@id\":\"https:\\\/\\\/metalica.lu\\\/de\\\/#breadcrumb\"},\"inLanguage\":\"de\",\"potentialAction\":[{\"@type\":\"ReadAction\",\"target\":[\"https:\\\/\\\/metalica.lu\\\/de\\\/\"]}]},{\"@type\":\"BreadcrumbList\",\"@id\":\"https:\\\/\\\/metalica.lu\\\/de\\\/#breadcrumb\",\"itemListElement\":[{\"@type\":\"ListItem\",\"position\":1,\"name\":\"Accueil\",\"item\":\"https:\\\/\\\/metalica.lu\\\/de\\\/\"},{\"@type\":\"ListItem\",\"position\":2,\"name\":\"Startseite\"}]},{\"@type\":\"WebSite\",\"@id\":\"https:\\\/\\\/metalica.lu\\\/de\\\/#website\",\"url\":\"https:\\\/\\\/metalica.lu\\\/de\\\/\",\"name\":\"Metalica\",\"description\":\"\",\"publisher\":{\"@id\":\"https:\\\/\\\/metalica.lu\\\/de\\\/#organization\"},\"potentialAction\":[{\"@type\":\"SearchAction\",\"target\":{\"@type\":\"EntryPoint\",\"urlTemplate\":\"https:\\\/\\\/metalica.lu\\\/de\\\/?s={search_term_string}\"},\"query-input\":{\"@type\":\"PropertyValueSpecification\",\"valueRequired\":true,\"valueName\":\"search_term_string\"}}],\"inLanguage\":\"de\"},{\"@type\":\"Organization\",\"@id\":\"https:\\\/\\\/metalica.lu\\\/de\\\/#organization\",\"name\":\"Metalica\",\"url\":\"https:\\\/\\\/metalica.lu\\\/de\\\/\",\"logo\":{\"@type\":\"ImageObject\",\"inLanguage\":\"de\",\"@id\":\"https:\\\/\\\/metalica.lu\\\/de\\\/#\\\/schema\\\/logo\\\/image\\\/\",\"url\":\"https:\\\/\\\/metalica.lu\\\/wp-content\\\/uploads\\\/2024\\\/05\\\/site-logo.png\",\"contentUrl\":\"https:\\\/\\\/metalica.lu\\\/wp-content\\\/uploads\\\/2024\\\/05\\\/site-logo.png\",\"width\":238,\"height\":62,\"caption\":\"Metalica\"},\"image\":{\"@id\":\"https:\\\/\\\/metalica.lu\\\/de\\\/#\\\/schema\\\/logo\\\/image\\\/\"},\"sameAs\":[\"https:\\\/\\\/www.facebook.com\\\/metalicahome\\\/\"]}]}<\/script>\n<!-- \/ Yoast SEO Premium plugin. -->","yoast_head_json":{"title":"Startseite - Metalica","description":"Ihr Fenster T\u00fcren und Fenster nach Ma\u00df | Einbau und Montage von T\u00fcren und Fenstern in ganz Luxemburg | Fordern Sie ein Angebot an - 100 % kostenlos!","robots":{"index":"index","follow":"follow","max-snippet":"max-snippet:-1","max-image-preview":"max-image-preview:large","max-video-preview":"max-video-preview:-1"},"canonical":"https:\/\/metalica.lu\/de\/","og_locale":"de_DE","og_type":"article","og_title":"Startseite","og_description":"Ihr Fenster T\u00fcren und Fenster nach Ma\u00df | Einbau und Montage von T\u00fcren und Fenstern in ganz Luxemburg | Fordern Sie ein Angebot an - 100 % kostenlos!","og_url":"https:\/\/metalica.lu\/de\/","og_site_name":"Metalica","article_publisher":"https:\/\/www.facebook.com\/metalicahome\/","article_modified_time":"2025-02-06T14:57:50+00:00","twitter_card":"summary_large_image","twitter_misc":{"Gesch\u00e4tzte Lesezeit":"2\u00a0Minuten"},"schema":{"@context":"https:\/\/schema.org","@graph":[{"@type":"WebPage","@id":"https:\/\/metalica.lu\/de\/","url":"https:\/\/metalica.lu\/de\/","name":"Startseite - Metalica","isPartOf":{"@id":"https:\/\/metalica.lu\/de\/#website"},"datePublished":"2023-06-10T15:14:47+00:00","dateModified":"2025-02-06T14:57:50+00:00","description":"Ihr Fenster T\u00fcren und Fenster nach Ma\u00df | Einbau und Montage von T\u00fcren und Fenstern in ganz Luxemburg | Fordern Sie ein Angebot an - 100 % kostenlos!","breadcrumb":{"@id":"https:\/\/metalica.lu\/de\/#breadcrumb"},"inLanguage":"de","potentialAction":[{"@type":"ReadAction","target":["https:\/\/metalica.lu\/de\/"]}]},{"@type":"BreadcrumbList","@id":"https:\/\/metalica.lu\/de\/#breadcrumb","itemListElement":[{"@type":"ListItem","position":1,"name":"Accueil","item":"https:\/\/metalica.lu\/de\/"},{"@type":"ListItem","position":2,"name":"Startseite"}]},{"@type":"WebSite","@id":"https:\/\/metalica.lu\/de\/#website","url":"https:\/\/metalica.lu\/de\/","name":"Metalica","description":"","publisher":{"@id":"https:\/\/metalica.lu\/de\/#organization"},"potentialAction":[{"@type":"SearchAction","target":{"@type":"EntryPoint","urlTemplate":"https:\/\/metalica.lu\/de\/?s={search_term_string}"},"query-input":{"@type":"PropertyValueSpecification","valueRequired":true,"valueName":"search_term_string"}}],"inLanguage":"de"},{"@type":"Organization","@id":"https:\/\/metalica.lu\/de\/#organization","name":"Metalica","url":"https:\/\/metalica.lu\/de\/","logo":{"@type":"ImageObject","inLanguage":"de","@id":"https:\/\/metalica.lu\/de\/#\/schema\/logo\/image\/","url":"https:\/\/metalica.lu\/wp-content\/uploads\/2024\/05\/site-logo.png","contentUrl":"https:\/\/metalica.lu\/wp-content\/uploads\/2024\/05\/site-logo.png","width":238,"height":62,"caption":"Metalica"},"image":{"@id":"https:\/\/metalica.lu\/de\/#\/schema\/logo\/image\/"},"sameAs":["https:\/\/www.facebook.com\/metalicahome\/"]}]}},"_links":{"self":[{"href":"https:\/\/metalica.lu\/de\/wp-json\/wp\/v2\/pages\/1589","targetHints":{"allow":["GET"]}}],"collection":[{"href":"https:\/\/metalica.lu\/de\/wp-json\/wp\/v2\/pages"}],"about":[{"href":"https:\/\/metalica.lu\/de\/wp-json\/wp\/v2\/types\/page"}],"author":[{"embeddable":true,"href":"https:\/\/metalica.lu\/de\/wp-json\/wp\/v2\/users\/14"}],"replies":[{"embeddable":true,"href":"https:\/\/metalica.lu\/de\/wp-json\/wp\/v2\/comments?post=1589"}],"version-history":[{"count":0,"href":"https:\/\/metalica.lu\/de\/wp-json\/wp\/v2\/pages\/1589\/revisions"}],"wp:attachment":[{"href":"https:\/\/metalica.lu\/de\/wp-json\/wp\/v2\/media?parent=1589"}],"curies":[{"name":"wp","href":"https:\/\/api.w.org\/{rel}","templated":true}]}}