{"id":1580,"date":"2023-06-29T12:59:38","date_gmt":"2023-06-29T10:59:38","guid":{"rendered":"https:\/\/metalica.lu\/arbeitsplatze\/"},"modified":"2025-10-07T09:12:27","modified_gmt":"2025-10-07T07:12:27","slug":"stellenangebote","status":"publish","type":"page","link":"https:\/\/metalica.lu\/de\/stellenangebote\/","title":{"rendered":"Stellenangebote"},"content":{"rendered":"  \n     <section class=\"fullbody_content\" id=\"block_f26a0ddf44c1d5c48b3292c99957fd88\">\n        <div class=\"container\">\n            <div class=\"content_wrapper\">\n                <div class=\"content_wrapper_inner\" style=\"color: ; text-align: left\">\n                <h2 class=\"mb-20\">Wir stellen ein<\/h2>\n                <p class=\"small\"><span data-sheets-value=\"{&quot;1&quot;:2,&quot;2&quot;:&quot;METALICA est une entreprise sp\u00e9cialis\u00e9e dans les menuiseries ext\u00e9rieures, les fa\u00e7ades architecturales et les occultations solaires. Elle intervient aupr\u00e8s de professionnels comme de particuliers pour am\u00e9liorer les performances \u00e9nerg\u00e9tiques des b\u00e2timents, que ce soit lors d'une nouvelle construction ou lors d'une r\u00e9novation. Honn\u00eatet\u00e9, int\u00e9grit\u00e9, s\u00e9curit\u00e9 de nos employ\u00e9s et satisfaction clients\u00a0: telles sont les valeurs qui nous animent et qui constituent le socle de notre organisation. Nous disposons d'ailleurs de 4 certifications qui valident la qualit\u00e9 de nos engagements. Nous sommes \u00e9galement sommes membres de l'association MLQE, dont la mission est d'am\u00e9liorer les processus de management et de gestion de projet chez ses membres. De fait, nous nous engageons \u00e0 am\u00e9liorer nos fa\u00e7ons de travailler de mani\u00e8re continue. Nous recherchons r\u00e9guli\u00e8rement de nouveaux collaborateurs et collaboratrices avec qui travailler : aussi, si vous pensez avoir des comp\u00e9tences qui pourraient nous int\u00e9resser, contactez-nous !&quot;}\" data-sheets-userformat=\"{&quot;2&quot;:14593,&quot;3&quot;:{&quot;1&quot;:0,&quot;3&quot;:1},&quot;11&quot;:4,&quot;14&quot;:{&quot;1&quot;:2,&quot;2&quot;:0},&quot;15&quot;:&quot;Calibri&quot;,&quot;16&quot;:11}\">METALICA ist ein Spezialist f\u00fcr Fenster und T\u00fcren, Fassadensysteme sowie f\u00fcr Verdunkelungsl\u00f6sungen. Wir arbeiten sowohl mit Fachleuten als auch mit Privatpersonen zusammen, um die Energieeffizienz von Neubauten und sanierungsbed\u00fcrftigen Geb\u00e4uden zu verbessern. Wir stellen die von uns angebotenen Aluminiumrahmen in unseren Werkst\u00e4tten in Esch-sur-Alzette selbst her und f\u00fchren sowohl den Einbau als auch die Wartung vor Ort bei unseren Kunden durch. Ehrlichkeit, Integrit\u00e4t, Sicherheit f\u00fcr unsere Mitarbeiter und Kundenzufriedenheit: Das sind die Werte, die uns motivieren und das Fundament unseres Unternehmens bilden. Wir haben vier Zertifizierungen erhalten, die f\u00fcr unsere Verpflichtungen stehen. Wir sind au\u00dferdem Mitglied des Verbands MLQE, der es sich zur Aufgabe gemacht hat, die Management- und Projektmanagementprozesse seiner Mitgliedern zu optimieren. Tats\u00e4chlich verpflichten wir uns zu einer kontinuierlichen Optimierung unserer Arbeitsweise. Wir suchen regelm\u00e4\u00dfig nach neuen Mitarbeitenden: Wenn Sie Know-how mitbringen, dass uns interessieren k\u00f6nnte, kontaktieren Sie uns gerne!<\/span><\/p>\n                                <\/div>\n            <\/div> \n        <\/div>\n    <\/section> \n    <style>\n    \n    #block_f26a0ddf44c1d5c48b3292c99957fd88 .gray_btn_fill{  \n        color: ;\n        background-color: ;        \n    }\n\n    <\/style>\n    \n\n\t<section class=\"our_jobs mtlc-job-wrap\">\n\t\t<div class=\"container\">\n\t\t\t<div class=\"our_jobs_wrapper\">\n\t\t\t\t\t\t\t\t<div class=\"mtlc-job-listings our_jobs_list\">\n\t\t\t\t\t\t\t<div class=\"our_job_card\">\n\t\t\t<div class=\"our_job_container\">\n\t\t\t\t<div class=\"our_job_card_body\">\n\t\t\t\t\t<a href=\"https:\/\/metalica.lu\/de\/offres-emploi\/fenster-und-tuerenmonteure\/\">\n\t\t\t\t\t\t<h4 class=\"mb-8 pb-4\">Fenster- und T\u00fcrenmonteure (M\/W)<\/h4>\n\t\t\t\t\t<\/a>\n\t\t\t\t\t<a href=\"https:\/\/metalica.lu\/de\/offres-emploi\/fenster-und-tuerenmonteure\/\">\n\t\t\t\t\t<p class=\"font-14 mb-24\">Wir suchen zur Verst\u00e4rkung unserer Teams :\n\nFenster- und T\u00fcrmonteure (m\/w)\n\n\nmehrj\u00e4hrige Erfahrung in der Montage von Au\u00dfenschreinereien aus Aluminium, PVC und Holz\n\n\n\nKenntnis der RAL-Montage von Fenstern in...<\/p>\n\t\t\t\t\t<\/a>\n\t\t\t\t\t<div class=\"card__bottom\">\n\t\t\t\t\t\t<div class=\"card__link card_bottom_inner\">\n\t\t\t\t\t\t\t<a href=\"https:\/\/metalica.lu\/de\/offres-emploi\/fenster-und-tuerenmonteure\/\" class=\"see_more_link trigger\">Mehr lesen <span><i class=\"fa-solid fa-arrow-right\"><\/i><\/span> <\/a>\n\t\t\t\t\t\t<\/div>\n\t\t\t\t\t\t<div class=\"card__text card_bottom_inner\">\n\t\t\t\t\t\t\t<p class=\"font-14\">6 Juni 2023<\/p>\n\t\t\t\t\t\t<\/div>\n\t\t\t\t\t<\/div>\n\t\t\t\t<\/div>\n\t\t\t<\/div>\n\t\t<\/div>\n\t\t<div class=\"our_job_card\">\n\t\t\t<div class=\"our_job_container\">\n\t\t\t\t<div class=\"our_job_card_body\">\n\t\t\t\t\t<a href=\"https:\/\/metalica.lu\/de\/offres-emploi\/installateur-pergolas\/\">\n\t\t\t\t\t\t<h4 class=\"mb-8 pb-4\">Installateure f\u00fcr Pergolen und Verandas (M\/W)<\/h4>\n\t\t\t\t\t<\/a>\n\t\t\t\t\t<a href=\"https:\/\/metalica.lu\/de\/offres-emploi\/installateur-pergolas\/\">\n\t\t\t\t\t<p class=\"font-14 mb-24\">Wir suchen zur Verst\u00e4rkung unserer Teams : \n\nInstallateure (m\/w) von Pergolen und Veranden\n\n\njahrelange Erfahrung in der Montage von Veranden, Pergolen und Markisen\n\n\n\nKenntnisse in der Programmierung von Markisen und...<\/p>\n\t\t\t\t\t<\/a>\n\t\t\t\t\t<div class=\"card__bottom\">\n\t\t\t\t\t\t<div class=\"card__link card_bottom_inner\">\n\t\t\t\t\t\t\t<a href=\"https:\/\/metalica.lu\/de\/offres-emploi\/installateur-pergolas\/\" class=\"see_more_link trigger\">Mehr lesen <span><i class=\"fa-solid fa-arrow-right\"><\/i><\/span> <\/a>\n\t\t\t\t\t\t<\/div>\n\t\t\t\t\t\t<div class=\"card__text card_bottom_inner\">\n\t\t\t\t\t\t\t<p class=\"font-14\">6 Juni 2023<\/p>\n\t\t\t\t\t\t<\/div>\n\t\t\t\t\t<\/div>\n\t\t\t\t<\/div>\n\t\t\t<\/div>\n\t\t<\/div>\n\t\t<div class=\"our_job_card\">\n\t\t\t<div class=\"our_job_container\">\n\t\t\t\t<div class=\"our_job_card_body\">\n\t\t\t\t\t<a href=\"https:\/\/metalica.lu\/de\/offres-emploi\/projekt-leiter\/\">\n\t\t\t\t\t\t<h4 class=\"mb-8 pb-4\">Projekt-Leiter mit Erfahrung (M\/W)<\/h4>\n\t\t\t\t\t<\/a>\n\t\t\t\t\t<a href=\"https:\/\/metalica.lu\/de\/offres-emploi\/projekt-leiter\/\">\n\t\t\t\t\t<p class=\"font-14 mb-24\">Wir suchen im Rahmen der Entwicklung unserer Aktivit\u00e4ten :\n\n\n\nProjekt-Leiter mit Erfahrung (M\/W)\n\n\n\nIhr Aufgabengebiet :\n\n\n\n\ndie Vertretung des Unternehmens gegen\u00fcber Architekten, Bauleitern und Privatkunden\n\n\n\ndie technische...<\/p>\n\t\t\t\t\t<\/a>\n\t\t\t\t\t<div class=\"card__bottom\">\n\t\t\t\t\t\t<div class=\"card__link card_bottom_inner\">\n\t\t\t\t\t\t\t<a href=\"https:\/\/metalica.lu\/de\/offres-emploi\/projekt-leiter\/\" class=\"see_more_link trigger\">Mehr lesen <span><i class=\"fa-solid fa-arrow-right\"><\/i><\/span> <\/a>\n\t\t\t\t\t\t<\/div>\n\t\t\t\t\t\t<div class=\"card__text card_bottom_inner\">\n\t\t\t\t\t\t\t<p class=\"font-14\">6 Juni 2023<\/p>\n\t\t\t\t\t\t<\/div>\n\t\t\t\t\t<\/div>\n\t\t\t\t<\/div>\n\t\t\t<\/div>\n\t\t<\/div>\n\t\t\t\t<\/div>\n\t\t\t<\/div>\n\t\t<\/div>\n\t<\/section>\n","protected":false},"excerpt":{"rendered":"","protected":false},"author":14,"featured_media":0,"parent":0,"menu_order":0,"comment_status":"closed","ping_status":"closed","template":"","meta":{"_acf_changed":false,"footnotes":""},"class_list":["post-1580","page","type-page","status-publish","hentry"],"acf":[],"yoast_head":"<!-- This site is optimized with the Yoast SEO Premium plugin v27.2 (Yoast SEO v27.5) - https:\/\/yoast.com\/product\/yoast-seo-premium-wordpress\/ -->\n<title>Stellenangebote - Metalica<\/title>\n<meta name=\"description\" content=\"METALICA ist ein auf die Fertigung von T\u00fcren und Fenstern spezialisiertes Unternehmen in Luxemburg. Sie suchen eine Stelle? Kontaktieren Sie uns!\" \/>\n<meta name=\"robots\" content=\"index, follow, max-snippet:-1, max-image-preview:large, max-video-preview:-1\" \/>\n<link rel=\"canonical\" href=\"https:\/\/metalica.lu\/de\/stellenangebote\/\" \/>\n<meta property=\"og:locale\" content=\"de_DE\" \/>\n<meta property=\"og:type\" content=\"article\" \/>\n<meta property=\"og:title\" content=\"Stellenangebote\" \/>\n<meta property=\"og:description\" content=\"METALICA ist ein auf die Fertigung von T\u00fcren und Fenstern spezialisiertes Unternehmen in Luxemburg. Sie suchen eine Stelle? Kontaktieren Sie uns!\" \/>\n<meta property=\"og:url\" content=\"https:\/\/metalica.lu\/de\/stellenangebote\/\" \/>\n<meta property=\"og:site_name\" content=\"Metalica\" \/>\n<meta property=\"article:publisher\" content=\"https:\/\/www.facebook.com\/metalicahome\/\" \/>\n<meta property=\"article:modified_time\" content=\"2025-10-07T07:12:27+00:00\" \/>\n<meta name=\"twitter:card\" content=\"summary_large_image\" \/>\n<meta name=\"twitter:label1\" content=\"Gesch\u00e4tzte Lesezeit\" \/>\n\t<meta name=\"twitter:data1\" content=\"1\u00a0Minute\" \/>\n<script type=\"application\/ld+json\" class=\"yoast-schema-graph\">{\"@context\":\"https:\\\/\\\/schema.org\",\"@graph\":[{\"@type\":\"WebPage\",\"@id\":\"https:\\\/\\\/metalica.lu\\\/de\\\/stellenangebote\\\/\",\"url\":\"https:\\\/\\\/metalica.lu\\\/de\\\/stellenangebote\\\/\",\"name\":\"Stellenangebote - Metalica\",\"isPartOf\":{\"@id\":\"https:\\\/\\\/metalica.lu\\\/de\\\/#website\"},\"datePublished\":\"2023-06-29T10:59:38+00:00\",\"dateModified\":\"2025-10-07T07:12:27+00:00\",\"description\":\"METALICA ist ein auf die Fertigung von T\u00fcren und Fenstern spezialisiertes Unternehmen in Luxemburg. Sie suchen eine Stelle? Kontaktieren Sie uns!\",\"breadcrumb\":{\"@id\":\"https:\\\/\\\/metalica.lu\\\/de\\\/stellenangebote\\\/#breadcrumb\"},\"inLanguage\":\"de\",\"potentialAction\":[{\"@type\":\"ReadAction\",\"target\":[\"https:\\\/\\\/metalica.lu\\\/de\\\/stellenangebote\\\/\"]}]},{\"@type\":\"BreadcrumbList\",\"@id\":\"https:\\\/\\\/metalica.lu\\\/de\\\/stellenangebote\\\/#breadcrumb\",\"itemListElement\":[{\"@type\":\"ListItem\",\"position\":1,\"name\":\"Accueil\",\"item\":\"https:\\\/\\\/metalica.lu\\\/de\\\/\"},{\"@type\":\"ListItem\",\"position\":2,\"name\":\"Stellenangebote\"}]},{\"@type\":\"WebSite\",\"@id\":\"https:\\\/\\\/metalica.lu\\\/de\\\/#website\",\"url\":\"https:\\\/\\\/metalica.lu\\\/de\\\/\",\"name\":\"Metalica\",\"description\":\"\",\"publisher\":{\"@id\":\"https:\\\/\\\/metalica.lu\\\/de\\\/#organization\"},\"potentialAction\":[{\"@type\":\"SearchAction\",\"target\":{\"@type\":\"EntryPoint\",\"urlTemplate\":\"https:\\\/\\\/metalica.lu\\\/de\\\/?s={search_term_string}\"},\"query-input\":{\"@type\":\"PropertyValueSpecification\",\"valueRequired\":true,\"valueName\":\"search_term_string\"}}],\"inLanguage\":\"de\"},{\"@type\":\"Organization\",\"@id\":\"https:\\\/\\\/metalica.lu\\\/de\\\/#organization\",\"name\":\"Metalica\",\"url\":\"https:\\\/\\\/metalica.lu\\\/de\\\/\",\"logo\":{\"@type\":\"ImageObject\",\"inLanguage\":\"de\",\"@id\":\"https:\\\/\\\/metalica.lu\\\/de\\\/#\\\/schema\\\/logo\\\/image\\\/\",\"url\":\"https:\\\/\\\/metalica.lu\\\/wp-content\\\/uploads\\\/2024\\\/05\\\/site-logo.png\",\"contentUrl\":\"https:\\\/\\\/metalica.lu\\\/wp-content\\\/uploads\\\/2024\\\/05\\\/site-logo.png\",\"width\":238,\"height\":62,\"caption\":\"Metalica\"},\"image\":{\"@id\":\"https:\\\/\\\/metalica.lu\\\/de\\\/#\\\/schema\\\/logo\\\/image\\\/\"},\"sameAs\":[\"https:\\\/\\\/www.facebook.com\\\/metalicahome\\\/\"]}]}<\/script>\n<!-- \/ Yoast SEO Premium plugin. -->","yoast_head_json":{"title":"Stellenangebote - Metalica","description":"METALICA ist ein auf die Fertigung von T\u00fcren und Fenstern spezialisiertes Unternehmen in Luxemburg. Sie suchen eine Stelle? Kontaktieren Sie uns!","robots":{"index":"index","follow":"follow","max-snippet":"max-snippet:-1","max-image-preview":"max-image-preview:large","max-video-preview":"max-video-preview:-1"},"canonical":"https:\/\/metalica.lu\/de\/stellenangebote\/","og_locale":"de_DE","og_type":"article","og_title":"Stellenangebote","og_description":"METALICA ist ein auf die Fertigung von T\u00fcren und Fenstern spezialisiertes Unternehmen in Luxemburg. Sie suchen eine Stelle? Kontaktieren Sie uns!","og_url":"https:\/\/metalica.lu\/de\/stellenangebote\/","og_site_name":"Metalica","article_publisher":"https:\/\/www.facebook.com\/metalicahome\/","article_modified_time":"2025-10-07T07:12:27+00:00","twitter_card":"summary_large_image","twitter_misc":{"Gesch\u00e4tzte Lesezeit":"1\u00a0Minute"},"schema":{"@context":"https:\/\/schema.org","@graph":[{"@type":"WebPage","@id":"https:\/\/metalica.lu\/de\/stellenangebote\/","url":"https:\/\/metalica.lu\/de\/stellenangebote\/","name":"Stellenangebote - Metalica","isPartOf":{"@id":"https:\/\/metalica.lu\/de\/#website"},"datePublished":"2023-06-29T10:59:38+00:00","dateModified":"2025-10-07T07:12:27+00:00","description":"METALICA ist ein auf die Fertigung von T\u00fcren und Fenstern spezialisiertes Unternehmen in Luxemburg. Sie suchen eine Stelle? Kontaktieren Sie uns!","breadcrumb":{"@id":"https:\/\/metalica.lu\/de\/stellenangebote\/#breadcrumb"},"inLanguage":"de","potentialAction":[{"@type":"ReadAction","target":["https:\/\/metalica.lu\/de\/stellenangebote\/"]}]},{"@type":"BreadcrumbList","@id":"https:\/\/metalica.lu\/de\/stellenangebote\/#breadcrumb","itemListElement":[{"@type":"ListItem","position":1,"name":"Accueil","item":"https:\/\/metalica.lu\/de\/"},{"@type":"ListItem","position":2,"name":"Stellenangebote"}]},{"@type":"WebSite","@id":"https:\/\/metalica.lu\/de\/#website","url":"https:\/\/metalica.lu\/de\/","name":"Metalica","description":"","publisher":{"@id":"https:\/\/metalica.lu\/de\/#organization"},"potentialAction":[{"@type":"SearchAction","target":{"@type":"EntryPoint","urlTemplate":"https:\/\/metalica.lu\/de\/?s={search_term_string}"},"query-input":{"@type":"PropertyValueSpecification","valueRequired":true,"valueName":"search_term_string"}}],"inLanguage":"de"},{"@type":"Organization","@id":"https:\/\/metalica.lu\/de\/#organization","name":"Metalica","url":"https:\/\/metalica.lu\/de\/","logo":{"@type":"ImageObject","inLanguage":"de","@id":"https:\/\/metalica.lu\/de\/#\/schema\/logo\/image\/","url":"https:\/\/metalica.lu\/wp-content\/uploads\/2024\/05\/site-logo.png","contentUrl":"https:\/\/metalica.lu\/wp-content\/uploads\/2024\/05\/site-logo.png","width":238,"height":62,"caption":"Metalica"},"image":{"@id":"https:\/\/metalica.lu\/de\/#\/schema\/logo\/image\/"},"sameAs":["https:\/\/www.facebook.com\/metalicahome\/"]}]}},"_links":{"self":[{"href":"https:\/\/metalica.lu\/de\/wp-json\/wp\/v2\/pages\/1580","targetHints":{"allow":["GET"]}}],"collection":[{"href":"https:\/\/metalica.lu\/de\/wp-json\/wp\/v2\/pages"}],"about":[{"href":"https:\/\/metalica.lu\/de\/wp-json\/wp\/v2\/types\/page"}],"author":[{"embeddable":true,"href":"https:\/\/metalica.lu\/de\/wp-json\/wp\/v2\/users\/14"}],"replies":[{"embeddable":true,"href":"https:\/\/metalica.lu\/de\/wp-json\/wp\/v2\/comments?post=1580"}],"version-history":[{"count":0,"href":"https:\/\/metalica.lu\/de\/wp-json\/wp\/v2\/pages\/1580\/revisions"}],"wp:attachment":[{"href":"https:\/\/metalica.lu\/de\/wp-json\/wp\/v2\/media?parent=1580"}],"curies":[{"name":"wp","href":"https:\/\/api.w.org\/{rel}","templated":true}]}}